{"id":163249,"date":"2019-03-25T19:51:19","date_gmt":"2019-03-25T18:51:19","guid":{"rendered":"https:\/\/www.moskito.cz\/?post_type=product&#038;p=163249"},"modified":"2025-07-11T07:48:24","modified_gmt":"2025-07-11T06:48:24","slug":"ka-bar-tdi-law-enforcement-knife-ka1482","status":"publish","type":"product","link":"https:\/\/www.moskito.cz\/es\/produkt\/ka-bar-tdi-law-enforcement-knife-ka1482\/","title":{"rendered":"Ka-Bar TDI Law Enforcement Knife KA1482"},"content":{"rendered":"<p>Ka-Bar TDI Law Enforcement Knife KA1482.<\/p>\n<p>Celkov\u00e1 d\u00e9lka: 14,3 cm<\/p>\n<p>D\u00e9lka \u010depele: 5,8 cm<\/p>\n<p>Materi\u00e1l \u010depele: nerezov\u00e1 ocel AUS-8A<\/p>\n<p>Materi\u00e1l rukojeti: Zytel<\/p>\n<p>\u010cern\u00e9 plastov\u00e9 pouzdro<\/p>\n","protected":false},"excerpt":{"rendered":"<p>Pevn\u00fd n\u016f\u017e s pouzdrem.<\/p>\n","protected":false},"featured_media":163250,"comment_status":"open","ping_status":"closed","template":"","meta":[],"pwb-brand":[362],"product_brand":[],"product_cat":[23,17],"product_tag":[],"class_list":{"0":"post-163249","1":"product","2":"type-product","3":"status-publish","4":"has-post-thumbnail","6":"pwb-brand-ka-bar","7":"product_cat-pevne-noze","8":"product_cat-noze","10":"first","11":"outofstock","12":"taxable","13":"shipping-taxable","14":"purchasable","15":"product-type-simple"},"brands":[{"id":362,"name":"Ka-Bar","slug":"ka-bar"}],"_links":{"self":[{"href":"https:\/\/www.moskito.cz\/es\/wp-json\/wp\/v2\/product\/163249","targetHints":{"allow":["GET"]}}],"collection":[{"href":"https:\/\/www.moskito.cz\/es\/wp-json\/wp\/v2\/product"}],"about":[{"href":"https:\/\/www.moskito.cz\/es\/wp-json\/wp\/v2\/types\/product"}],"replies":[{"embeddable":true,"href":"https:\/\/www.moskito.cz\/es\/wp-json\/wp\/v2\/comments?post=163249"}],"wp:featuredmedia":[{"embeddable":true,"href":"https:\/\/www.moskito.cz\/es\/wp-json\/wp\/v2\/media\/163250"}],"wp:attachment":[{"href":"https:\/\/www.moskito.cz\/es\/wp-json\/wp\/v2\/media?parent=163249"}],"wp:term":[{"taxonomy":"pwb-brand","embeddable":true,"href":"https:\/\/www.moskito.cz\/es\/wp-json\/wp\/v2\/pwb-brand?post=163249"},{"taxonomy":"product_brand","embeddable":true,"href":"https:\/\/www.moskito.cz\/es\/wp-json\/wp\/v2\/product_brand?post=163249"},{"taxonomy":"product_cat","embeddable":true,"href":"https:\/\/www.moskito.cz\/es\/wp-json\/wp\/v2\/product_cat?post=163249"},{"taxonomy":"product_tag","embeddable":true,"href":"https:\/\/www.moskito.cz\/es\/wp-json\/wp\/v2\/product_tag?post=163249"}],"curies":[{"name":"wp","href":"https:\/\/api.w.org\/{rel}","templated":true}]}}