{"id":163413,"date":"2019-04-14T16:14:54","date_gmt":"2019-04-14T15:14:54","guid":{"rendered":"https:\/\/www.moskito.cz\/?post_type=product&#038;p=163413"},"modified":"2025-07-11T07:48:27","modified_gmt":"2025-07-11T06:48:27","slug":"boker-plus-office-survival-01bo049","status":"publish","type":"product","link":"https:\/\/www.moskito.cz\/es\/produkt\/boker-plus-office-survival-01bo049\/","title":{"rendered":"Zav\u00edrac\u00ed n\u016f\u017e B\u00f6ker Plus Office Survival 01BO049"},"content":{"rendered":"<div class=\"anot\">\n<div class=\"detailAnot\">\n<p>Zav\u00edrac\u00ed n\u016f\u017e B\u00f6ker Plus Office Survival 01BO049.<\/p>\n<p>B\u00f6ker Plus p\u0159in\u00e1\u0161\u00ed vynikaj\u00edc\u00ed, inovativn\u00ed koncepty no\u017e\u016f pro ka\u017edou misi. No\u017ee jsou navr\u017eeny podle n\u011bmeck\u00e9ho in\u017een\u00fdrstv\u00ed ve spolupr\u00e1ci se sv\u011btozn\u00e1m\u00fdmi odborn\u00edky jako nap\u0159. Chad Los Banos, Jim Burke, Jim Wanger, Tod Begg, Jesper Voxnaes.<\/p>\n<div class=\"clearFloat\"><\/div>\n<\/div>\n<\/div>\n<div class=\"text_detail\">\n<table class=\"datatable bokerparamtable\" border=\"0\" cellspacing=\"0\" cellpadding=\"0\">\n<tbody>\n<tr>\n<td>Celkov\u00e1 d\u00e9lka:<\/td>\n<td>15.3 cm<\/td>\n<\/tr>\n<tr>\n<td>D\u00e9lka \u010depele:<\/td>\n<td>4 cm<\/td>\n<\/tr>\n<tr>\n<td>Tlou\u0161\u0165ka \u010depele:<\/td>\n<td>2.2 mm<\/td>\n<\/tr>\n<tr>\n<td>Hmotnost:<\/td>\n<td>86 g<\/td>\n<\/tr>\n<tr>\n<td>Materi\u00e1l \u010depele:<\/td>\n<td><a href=\"https:\/\/www.nozeboker.cz\/prehled-materialu\/440-c\" target=\"_blank\" rel=\"noopener\">440-C<\/a><\/td>\n<\/tr>\n<tr>\n<td>Materi\u00e1l rukojeti:<\/td>\n<td>Hlin\u00edk<\/td>\n<\/tr>\n<\/tbody>\n<\/table>\n<\/div>\n","protected":false},"excerpt":{"rendered":"<p><strong>B\u00f6ker Plus<\/strong> p\u0159in\u00e1\u0161\u00ed vynikaj\u00edc\u00ed, inovativn\u00ed koncepty no\u017e\u016f pro ka\u017edou misi. <\/p>\n","protected":false},"featured_media":179376,"comment_status":"open","ping_status":"closed","template":"","meta":[],"pwb-brand":[140],"product_brand":[],"product_cat":[22,17],"product_tag":[3667],"class_list":{"0":"post-163413","1":"product","2":"type-product","3":"status-publish","4":"has-post-thumbnail","6":"pwb-brand-boker","7":"product_cat-zaviraci-noze","8":"product_cat-noze","9":"product_tag-b2b","11":"first","12":"outofstock","13":"taxable","14":"shipping-taxable","15":"purchasable","16":"product-type-simple"},"brands":[{"id":140,"name":"Boker","slug":"boker"}],"_links":{"self":[{"href":"https:\/\/www.moskito.cz\/es\/wp-json\/wp\/v2\/product\/163413","targetHints":{"allow":["GET"]}}],"collection":[{"href":"https:\/\/www.moskito.cz\/es\/wp-json\/wp\/v2\/product"}],"about":[{"href":"https:\/\/www.moskito.cz\/es\/wp-json\/wp\/v2\/types\/product"}],"replies":[{"embeddable":true,"href":"https:\/\/www.moskito.cz\/es\/wp-json\/wp\/v2\/comments?post=163413"}],"wp:featuredmedia":[{"embeddable":true,"href":"https:\/\/www.moskito.cz\/es\/wp-json\/wp\/v2\/media\/179376"}],"wp:attachment":[{"href":"https:\/\/www.moskito.cz\/es\/wp-json\/wp\/v2\/media?parent=163413"}],"wp:term":[{"taxonomy":"pwb-brand","embeddable":true,"href":"https:\/\/www.moskito.cz\/es\/wp-json\/wp\/v2\/pwb-brand?post=163413"},{"taxonomy":"product_brand","embeddable":true,"href":"https:\/\/www.moskito.cz\/es\/wp-json\/wp\/v2\/product_brand?post=163413"},{"taxonomy":"product_cat","embeddable":true,"href":"https:\/\/www.moskito.cz\/es\/wp-json\/wp\/v2\/product_cat?post=163413"},{"taxonomy":"product_tag","embeddable":true,"href":"https:\/\/www.moskito.cz\/es\/wp-json\/wp\/v2\/product_tag?post=163413"}],"curies":[{"name":"wp","href":"https:\/\/api.w.org\/{rel}","templated":true}]}}