{"id":163567,"date":"2019-04-19T14:19:51","date_gmt":"2019-04-19T13:19:51","guid":{"rendered":"https:\/\/www.moskito.cz\/?post_type=product&#038;p=163567"},"modified":"2025-07-11T07:48:41","modified_gmt":"2025-07-11T06:48:41","slug":"joker-lovecky-nuz-cc68","status":"publish","type":"product","link":"https:\/\/www.moskito.cz\/es\/produkt\/joker-lovecky-nuz-cc68\/","title":{"rendered":"Loveck\u00fd n\u016f\u017e Joker CC68"},"content":{"rendered":"<p><span class=\"tlid-translation translation\" lang=\"cs\"><span class=\"\" title=\"\">Loveck\u00fd n\u016f\u017e Joker CC68<\/span><\/span><\/p>\n<p><span class=\"tlid-translation translation\" lang=\"cs\"><span class=\"\" title=\"\">\u010cepel: Molybden Vanadium<\/span><br \/>\n<span class=\"\" title=\"\"><span title=\"\">Z\u00e1\u0161tita: <\/span>: Inox<\/span><br \/>\n<span class=\"\" title=\"\"><span title=\"\">Pouzdro:<\/span> K\u016f\u017ee<\/span><br \/>\n<span title=\"\">Rukoje\u0165: Jelen<\/span>\u00ed paroh<br \/>\n<span class=\"\" title=\"\"><span title=\"\">D\u00e9lka \u010depele:<\/span> 9 cm &#8211; 135 gr<br \/>\n<\/span><\/span><\/p>\n<p>No\u017ee Joker poch\u00e1zej\u00ed ze \u0160pan\u011blsk\u00e9ho m\u011bsta Albacete, kter\u00e9 je zn\u00e1m\u00e9 tradi\u010dn\u00ed v\u00fdrobou no\u017e\u016f a d\u00fdk.<\/p>\n","protected":false},"excerpt":{"rendered":"<p>No\u017ee <strong>Joker <\/strong>poch\u00e1zej\u00ed ze \u0160pan\u011blsk\u00e9ho m\u011bsta Albacete, kter\u00e9 je zn\u00e1m\u00e9 v\u00fdrobou no\u017e\u016f.<br \/>\nKlasick\u00fd loveck\u00fd n\u016f\u017e. Ve\u0161ker\u00e9 komponenty no\u017ee jsou vyrobeny z vysoce odoln\u00e9 nerezov\u00e9 oceli.<\/p>\n","protected":false},"featured_media":190483,"comment_status":"open","ping_status":"closed","template":"","meta":[],"pwb-brand":[359],"product_brand":[],"product_cat":[23,17],"product_tag":[],"class_list":{"0":"post-163567","1":"product","2":"type-product","3":"status-publish","4":"has-post-thumbnail","6":"pwb-brand-joker","7":"product_cat-pevne-noze","8":"product_cat-noze","10":"first","11":"instock","12":"taxable","13":"shipping-taxable","14":"purchasable","15":"product-type-simple"},"brands":[{"id":359,"name":"Joker","slug":"joker"}],"_links":{"self":[{"href":"https:\/\/www.moskito.cz\/es\/wp-json\/wp\/v2\/product\/163567","targetHints":{"allow":["GET"]}}],"collection":[{"href":"https:\/\/www.moskito.cz\/es\/wp-json\/wp\/v2\/product"}],"about":[{"href":"https:\/\/www.moskito.cz\/es\/wp-json\/wp\/v2\/types\/product"}],"replies":[{"embeddable":true,"href":"https:\/\/www.moskito.cz\/es\/wp-json\/wp\/v2\/comments?post=163567"}],"wp:featuredmedia":[{"embeddable":true,"href":"https:\/\/www.moskito.cz\/es\/wp-json\/wp\/v2\/media\/190483"}],"wp:attachment":[{"href":"https:\/\/www.moskito.cz\/es\/wp-json\/wp\/v2\/media?parent=163567"}],"wp:term":[{"taxonomy":"pwb-brand","embeddable":true,"href":"https:\/\/www.moskito.cz\/es\/wp-json\/wp\/v2\/pwb-brand?post=163567"},{"taxonomy":"product_brand","embeddable":true,"href":"https:\/\/www.moskito.cz\/es\/wp-json\/wp\/v2\/product_brand?post=163567"},{"taxonomy":"product_cat","embeddable":true,"href":"https:\/\/www.moskito.cz\/es\/wp-json\/wp\/v2\/product_cat?post=163567"},{"taxonomy":"product_tag","embeddable":true,"href":"https:\/\/www.moskito.cz\/es\/wp-json\/wp\/v2\/product_tag?post=163567"}],"curies":[{"name":"wp","href":"https:\/\/api.w.org\/{rel}","templated":true}]}}