{"id":163570,"date":"2019-04-19T14:41:06","date_gmt":"2019-04-19T13:41:06","guid":{"rendered":"https:\/\/www.moskito.cz\/?post_type=product&#038;p=163570"},"modified":"2025-07-11T07:48:41","modified_gmt":"2025-07-11T06:48:41","slug":"joker-pevny-nuz-cr38","status":"publish","type":"product","link":"https:\/\/www.moskito.cz\/es\/produkt\/joker-pevny-nuz-cr38\/","title":{"rendered":"Joker Pevn\u00fd n\u016f\u017e"},"content":{"rendered":"<p><span class=\"tlid-translation translation\" lang=\"cs\"><span class=\"\" title=\"\">\u010cepel: Molybden Vanadium<\/span><br \/>\n<span class=\"\" title=\"\"><span title=\"\">Z\u00e1\u0161tita <\/span>: Inox<\/span><br \/>\n<span class=\"\" title=\"\"><span title=\"\">Pouzdro:<\/span> K\u016f\u017ee<\/span><br \/>\n<span title=\"\">Rukoje\u0165:Imitace tmav\u00e9ho d\u0159eva<br \/>\n<\/span><\/span><\/p>\n<p><span class=\"tlid-translation translation\" lang=\"cs\"><span class=\"\" title=\"\"><span title=\"\">D\u00e9lka \u010depele:<\/span> 20 cm \u2013 455 gr<\/span><\/span><\/p>\n<p><span class=\"tlid-translation translation\" lang=\"cs\"><span class=\"\" title=\"\"><span title=\"\">No\u017ee Joker poch\u00e1zej\u00ed ze \u0160pan\u011blsk\u00e9ho m\u011bsta Albacete, kter\u00e9 je zn\u00e1m\u00e9 tradi\u010dn\u00ed v\u00fdrobou no\u017e\u016f a d\u00fdk.<\/span><\/span><\/span><\/p>\n<table class=\"styledTable\">\n<tbody>\n<tr class=\"odd\">\n<td><\/td>\n<td><\/td>\n<\/tr>\n<\/tbody>\n<\/table>\n<p><span class=\"tlid-translation translation\" lang=\"cs\">\u00a0<\/span><\/p>\n","protected":false},"excerpt":{"rendered":"<p>No\u017ee <strong>Joker <\/strong>poch\u00e1zej\u00ed ze \u0160pan\u011blsk\u00e9ho m\u011bsta Albacete, kter\u00e9 je zn\u00e1m\u00e9 tradi\u010dn\u00ed v\u00fdrobou no\u017e\u016f a d\u00fdk.<br \/>\nNavr\u017eeno a vyrobeno ve \u0160pan\u011blsku (Albacete)<\/p>\n","protected":false},"featured_media":192832,"comment_status":"open","ping_status":"closed","template":"","meta":[],"pwb-brand":[359],"product_brand":[],"product_cat":[23,17],"product_tag":[],"class_list":{"0":"post-163570","1":"product","2":"type-product","3":"status-publish","4":"has-post-thumbnail","6":"pwb-brand-joker","7":"product_cat-pevne-noze","8":"product_cat-noze","10":"first","11":"instock","12":"taxable","13":"shipping-taxable","14":"purchasable","15":"product-type-simple"},"brands":[{"id":359,"name":"Joker","slug":"joker"}],"_links":{"self":[{"href":"https:\/\/www.moskito.cz\/es\/wp-json\/wp\/v2\/product\/163570","targetHints":{"allow":["GET"]}}],"collection":[{"href":"https:\/\/www.moskito.cz\/es\/wp-json\/wp\/v2\/product"}],"about":[{"href":"https:\/\/www.moskito.cz\/es\/wp-json\/wp\/v2\/types\/product"}],"replies":[{"embeddable":true,"href":"https:\/\/www.moskito.cz\/es\/wp-json\/wp\/v2\/comments?post=163570"}],"wp:featuredmedia":[{"embeddable":true,"href":"https:\/\/www.moskito.cz\/es\/wp-json\/wp\/v2\/media\/192832"}],"wp:attachment":[{"href":"https:\/\/www.moskito.cz\/es\/wp-json\/wp\/v2\/media?parent=163570"}],"wp:term":[{"taxonomy":"pwb-brand","embeddable":true,"href":"https:\/\/www.moskito.cz\/es\/wp-json\/wp\/v2\/pwb-brand?post=163570"},{"taxonomy":"product_brand","embeddable":true,"href":"https:\/\/www.moskito.cz\/es\/wp-json\/wp\/v2\/product_brand?post=163570"},{"taxonomy":"product_cat","embeddable":true,"href":"https:\/\/www.moskito.cz\/es\/wp-json\/wp\/v2\/product_cat?post=163570"},{"taxonomy":"product_tag","embeddable":true,"href":"https:\/\/www.moskito.cz\/es\/wp-json\/wp\/v2\/product_tag?post=163570"}],"curies":[{"name":"wp","href":"https:\/\/api.w.org\/{rel}","templated":true}]}}