{"id":163608,"date":"2019-04-21T10:03:54","date_gmt":"2019-04-21T09:03:54","guid":{"rendered":"https:\/\/www.moskito.cz\/?post_type=product&#038;p=163608"},"modified":"2025-07-11T07:48:44","modified_gmt":"2025-07-11T06:48:44","slug":"ka-bar-zaviraci-nuz-3077","status":"publish","type":"product","link":"https:\/\/www.moskito.cz\/es\/produkt\/ka-bar-zaviraci-nuz-3077\/","title":{"rendered":"Ka-Bar Zav\u00edrac\u00ed n\u016f\u017e 3077"},"content":{"rendered":"<p>Ka-Bar Zav\u00edrac\u00ed n\u016f\u017e 3077.<\/p>\n<p>Celkov\u00e1 d\u00e9lka: 20 cm<\/p>\n<p>D\u00e9lka \u010depele: 8,6 cm<\/p>\n<p>Tlou\u0161\u0165ka \u010depele: 2,9 mm<\/p>\n<p>Materi\u00e1l \u010depele: Nerezov\u00e1 ocel AUS 8A<\/p>\n<p>Tvrdost \u010depele: 57-58 HRC<\/p>\n<p>Materi\u00e1l rukojeti: Kompozit GFN-PA66<\/p>\n<p>Hmotnost: 91 g<\/p>\n<p>&nbsp;<\/p>\n","protected":false},"excerpt":{"rendered":"<p>Zav\u00edrac\u00ed n\u016f\u017e s pojistkou a klipem.<\/p>\n","protected":false},"featured_media":163610,"comment_status":"open","ping_status":"closed","template":"","meta":[],"pwb-brand":[362],"product_brand":[],"product_cat":[22,17],"product_tag":[],"class_list":{"0":"post-163608","1":"product","2":"type-product","3":"status-publish","4":"has-post-thumbnail","6":"pwb-brand-ka-bar","7":"product_cat-zaviraci-noze","8":"product_cat-noze","10":"first","11":"outofstock","12":"taxable","13":"shipping-taxable","14":"purchasable","15":"product-type-simple"},"brands":[{"id":362,"name":"Ka-Bar","slug":"ka-bar"}],"_links":{"self":[{"href":"https:\/\/www.moskito.cz\/es\/wp-json\/wp\/v2\/product\/163608","targetHints":{"allow":["GET"]}}],"collection":[{"href":"https:\/\/www.moskito.cz\/es\/wp-json\/wp\/v2\/product"}],"about":[{"href":"https:\/\/www.moskito.cz\/es\/wp-json\/wp\/v2\/types\/product"}],"replies":[{"embeddable":true,"href":"https:\/\/www.moskito.cz\/es\/wp-json\/wp\/v2\/comments?post=163608"}],"wp:featuredmedia":[{"embeddable":true,"href":"https:\/\/www.moskito.cz\/es\/wp-json\/wp\/v2\/media\/163610"}],"wp:attachment":[{"href":"https:\/\/www.moskito.cz\/es\/wp-json\/wp\/v2\/media?parent=163608"}],"wp:term":[{"taxonomy":"pwb-brand","embeddable":true,"href":"https:\/\/www.moskito.cz\/es\/wp-json\/wp\/v2\/pwb-brand?post=163608"},{"taxonomy":"product_brand","embeddable":true,"href":"https:\/\/www.moskito.cz\/es\/wp-json\/wp\/v2\/product_brand?post=163608"},{"taxonomy":"product_cat","embeddable":true,"href":"https:\/\/www.moskito.cz\/es\/wp-json\/wp\/v2\/product_cat?post=163608"},{"taxonomy":"product_tag","embeddable":true,"href":"https:\/\/www.moskito.cz\/es\/wp-json\/wp\/v2\/product_tag?post=163608"}],"curies":[{"name":"wp","href":"https:\/\/api.w.org\/{rel}","templated":true}]}}