{"id":163611,"date":"2019-04-21T10:22:52","date_gmt":"2019-04-21T09:22:52","guid":{"rendered":"https:\/\/www.moskito.cz\/?post_type=product&#038;p=163611"},"modified":"2025-07-11T07:48:44","modified_gmt":"2025-07-11T06:48:44","slug":"joker-zaviraci-nuz-nr50","status":"publish","type":"product","link":"https:\/\/www.moskito.cz\/es\/produkt\/joker-zaviraci-nuz-nr50\/","title":{"rendered":"Zav\u00edrac\u00ed N\u016f\u017e Joker NR50"},"content":{"rendered":"<p>Zav\u00edrac\u00ed N\u016f\u017e <strong>Joker<\/strong> NR50.<\/p>\n<p><span class=\"tlid-translation translation\" lang=\"cs\"><span title=\"\">\u010cepel: <span class=\"\" title=\"\">Molybden Vanadium<\/span><br \/>\nRukoje\u0165: <span class=\"\" title=\"\">Redwood<\/span><\/span><\/span><\/p>\n<p><span class=\"tlid-translation translation\" lang=\"cs\"><span title=\"\"><span class=\"\" title=\"\">D\u00e9lka \u010depele: <\/span><span class=\"\" title=\"\">9 cm &#8211; 135 gr<\/span><br \/>\n<\/span><\/span><\/p>\n<p>No\u017ee Joker poch\u00e1zej\u00ed ze \u0160pan\u011blsk\u00e9ho m\u011bsta Albacete, kter\u00e9 je zn\u00e1m\u00e9 tradi\u010dn\u00ed v\u00fdrobou no\u017e\u016f a d\u00fdk.<\/p>\n<p>JOKER COCKER SKINNER FOLDING KNIFE WITH RED WOOD HANDLE S.S BOLSTER AND BLADE LENGTH 9 CM.<br \/>\nNR50<br \/>\nProduct characteristics:<\/p>\n<p>Blade: Molybdenum Vanadium<br \/>\nBolster: S.S.<br \/>\nHandle: Stamina (Madera Roja)<br \/>\n9 cm &#8211; 135 gr<\/p>\n","protected":false},"excerpt":{"rendered":"<p>No\u017ee Joker poch\u00e1zej\u00ed ze \u0160pan\u011blsk\u00e9ho m\u011bsta Albacete, kter\u00e9 je zn\u00e1m\u00e9 tradi\u010dn\u00ed v\u00fdrobou no\u017e\u016f a d\u00fdk.<br \/>\n<strong>Navr\u017eeno a vyrobeno ve \u0160pan\u011blsku (Albacete)<\/strong><\/p>\n","protected":false},"featured_media":195193,"comment_status":"open","ping_status":"closed","template":"","meta":[],"pwb-brand":[359],"product_brand":[],"product_cat":[22,17],"product_tag":[],"class_list":{"0":"post-163611","1":"product","2":"type-product","3":"status-publish","4":"has-post-thumbnail","6":"pwb-brand-joker","7":"product_cat-zaviraci-noze","8":"product_cat-noze","10":"first","11":"instock","12":"taxable","13":"shipping-taxable","14":"purchasable","15":"product-type-simple"},"brands":[{"id":359,"name":"Joker","slug":"joker"}],"_links":{"self":[{"href":"https:\/\/www.moskito.cz\/es\/wp-json\/wp\/v2\/product\/163611","targetHints":{"allow":["GET"]}}],"collection":[{"href":"https:\/\/www.moskito.cz\/es\/wp-json\/wp\/v2\/product"}],"about":[{"href":"https:\/\/www.moskito.cz\/es\/wp-json\/wp\/v2\/types\/product"}],"replies":[{"embeddable":true,"href":"https:\/\/www.moskito.cz\/es\/wp-json\/wp\/v2\/comments?post=163611"}],"wp:featuredmedia":[{"embeddable":true,"href":"https:\/\/www.moskito.cz\/es\/wp-json\/wp\/v2\/media\/195193"}],"wp:attachment":[{"href":"https:\/\/www.moskito.cz\/es\/wp-json\/wp\/v2\/media?parent=163611"}],"wp:term":[{"taxonomy":"pwb-brand","embeddable":true,"href":"https:\/\/www.moskito.cz\/es\/wp-json\/wp\/v2\/pwb-brand?post=163611"},{"taxonomy":"product_brand","embeddable":true,"href":"https:\/\/www.moskito.cz\/es\/wp-json\/wp\/v2\/product_brand?post=163611"},{"taxonomy":"product_cat","embeddable":true,"href":"https:\/\/www.moskito.cz\/es\/wp-json\/wp\/v2\/product_cat?post=163611"},{"taxonomy":"product_tag","embeddable":true,"href":"https:\/\/www.moskito.cz\/es\/wp-json\/wp\/v2\/product_tag?post=163611"}],"curies":[{"name":"wp","href":"https:\/\/api.w.org\/{rel}","templated":true}]}}