{"id":163844,"date":"2019-05-04T13:58:13","date_gmt":"2019-05-04T12:58:13","guid":{"rendered":"https:\/\/www.moskito.cz\/?post_type=product&#038;p=163844"},"modified":"2025-07-11T07:48:52","modified_gmt":"2025-07-11T06:48:52","slug":"replika-rytire-marto-918-1","status":"publish","type":"product","link":"https:\/\/www.moskito.cz\/es\/produkt\/replika-rytire-marto-918-1\/","title":{"rendered":"Replika Ryt\u00ed\u0159e Marto 918.1"},"content":{"rendered":"<p>Replika Ryt\u00ed\u0159e Marto 918.1.<\/p>\n<p><span class=\"tlid-translation translation\" lang=\"cs\"><span title=\"\">Anglick\u00e1 Replika Ryt\u00ed\u0159e.<\/span><br \/>\n<span title=\"\">Gold Finish<\/span><br \/>\n<span title=\"\">D\u0159ev\u011bn\u00e1 z\u00e1kladna.<\/span><br \/>\n<span title=\"\">33 cm<\/span><\/span><\/p>\n<p><span title=\"\">Vynikaj\u00edc\u00ed replika ko\u0148sk\u00e9 zbroje z kolekce \u00abJezdeck\u00e9 brn\u011bn\u00ed\u00bb vyr\u00e1b\u011bn\u00e9 firmou MARTO<\/span><\/p>\n<p><span title=\"\">Osv\u011bd\u010den\u00ed o jakosti a p\u016fvodu.<\/span> <span title=\"\">Vyrobeno v Toledu.<\/span><\/p>\n","protected":false},"excerpt":{"rendered":"<p>Replika Ryt\u00ed\u0159e.<\/p>\n","protected":false},"featured_media":163845,"comment_status":"open","ping_status":"closed","template":"","meta":[],"pwb-brand":[454],"product_brand":[],"product_cat":[24,1942],"product_tag":[],"class_list":{"0":"post-163844","1":"product","2":"type-product","3":"status-publish","4":"has-post-thumbnail","6":"pwb-brand-marto","7":"product_cat-katany-a-mece","8":"product_cat-mece-dyky-repliky","10":"first","11":"instock","12":"taxable","13":"shipping-taxable","14":"purchasable","15":"product-type-simple"},"brands":[{"id":454,"name":"Marto","slug":"marto"}],"_links":{"self":[{"href":"https:\/\/www.moskito.cz\/es\/wp-json\/wp\/v2\/product\/163844","targetHints":{"allow":["GET"]}}],"collection":[{"href":"https:\/\/www.moskito.cz\/es\/wp-json\/wp\/v2\/product"}],"about":[{"href":"https:\/\/www.moskito.cz\/es\/wp-json\/wp\/v2\/types\/product"}],"replies":[{"embeddable":true,"href":"https:\/\/www.moskito.cz\/es\/wp-json\/wp\/v2\/comments?post=163844"}],"wp:featuredmedia":[{"embeddable":true,"href":"https:\/\/www.moskito.cz\/es\/wp-json\/wp\/v2\/media\/163845"}],"wp:attachment":[{"href":"https:\/\/www.moskito.cz\/es\/wp-json\/wp\/v2\/media?parent=163844"}],"wp:term":[{"taxonomy":"pwb-brand","embeddable":true,"href":"https:\/\/www.moskito.cz\/es\/wp-json\/wp\/v2\/pwb-brand?post=163844"},{"taxonomy":"product_brand","embeddable":true,"href":"https:\/\/www.moskito.cz\/es\/wp-json\/wp\/v2\/product_brand?post=163844"},{"taxonomy":"product_cat","embeddable":true,"href":"https:\/\/www.moskito.cz\/es\/wp-json\/wp\/v2\/product_cat?post=163844"},{"taxonomy":"product_tag","embeddable":true,"href":"https:\/\/www.moskito.cz\/es\/wp-json\/wp\/v2\/product_tag?post=163844"}],"curies":[{"name":"wp","href":"https:\/\/api.w.org\/{rel}","templated":true}]}}