{"id":163885,"date":"2019-05-05T13:11:18","date_gmt":"2019-05-05T12:11:18","guid":{"rendered":"https:\/\/www.moskito.cz\/?post_type=product&#038;p=163885"},"modified":"2025-07-11T07:48:54","modified_gmt":"2025-07-11T06:48:54","slug":"meyerco-randall-king-tsavo-mc3217","status":"publish","type":"product","link":"https:\/\/www.moskito.cz\/es\/produkt\/meyerco-randall-king-tsavo-mc3217\/","title":{"rendered":"Meyerco Randall King Tsavo MC3217"},"content":{"rendered":"<p>Meyerco Randall King Tsavo MC3217.<\/p>\n<p><span class=\"tlid-translation translation\" lang=\"cs\"><span class=\"\" title=\"\">Meyerco Tsavo Assisted zav\u00edrac\u00ed n\u016f\u017e od Randalla Kinga.<\/span> <span class=\"\" title=\"\">Vyzna\u010duje se \u010depel\u00ed Tsavo Lion&#8217;s Claw se dv\u011bma samostatn\u00fdmi \u00fahly brou\u0161en\u00ed.<\/span> <span title=\"\">\u010cepel AUS8 z u\u0161lechtil\u00e9 oceli s \u010dernou povrchovou \u00fapravou.<\/span> <span title=\"\">Rukoje\u0165 m\u00e1 tak\u00e9 otvor pro rychlou demont\u00e1\u017e.<\/span><br \/>\n<span title=\"\">Specifikace:<\/span><br \/>\n<span title=\"\">Celkov\u00e1 d\u00e9lka: 19 cm<\/span><br \/>\n<span title=\"\">D\u00e9lka \u010depele: 8 cm<\/span><br \/>\n<\/span><\/p>\n","protected":false},"excerpt":{"rendered":"<p>Zav\u00edrac\u00ed n\u016f\u017e s pojistkou.<\/p>\n","protected":false},"featured_media":163886,"comment_status":"open","ping_status":"closed","template":"","meta":[],"pwb-brand":[427],"product_brand":[],"product_cat":[22,17],"product_tag":[],"class_list":{"0":"post-163885","1":"product","2":"type-product","3":"status-publish","4":"has-post-thumbnail","6":"pwb-brand-meyerco","7":"product_cat-zaviraci-noze","8":"product_cat-noze","10":"first","11":"instock","12":"taxable","13":"shipping-taxable","14":"purchasable","15":"product-type-simple"},"brands":[{"id":427,"name":"Meyerco","slug":"meyerco"}],"_links":{"self":[{"href":"https:\/\/www.moskito.cz\/es\/wp-json\/wp\/v2\/product\/163885","targetHints":{"allow":["GET"]}}],"collection":[{"href":"https:\/\/www.moskito.cz\/es\/wp-json\/wp\/v2\/product"}],"about":[{"href":"https:\/\/www.moskito.cz\/es\/wp-json\/wp\/v2\/types\/product"}],"replies":[{"embeddable":true,"href":"https:\/\/www.moskito.cz\/es\/wp-json\/wp\/v2\/comments?post=163885"}],"wp:featuredmedia":[{"embeddable":true,"href":"https:\/\/www.moskito.cz\/es\/wp-json\/wp\/v2\/media\/163886"}],"wp:attachment":[{"href":"https:\/\/www.moskito.cz\/es\/wp-json\/wp\/v2\/media?parent=163885"}],"wp:term":[{"taxonomy":"pwb-brand","embeddable":true,"href":"https:\/\/www.moskito.cz\/es\/wp-json\/wp\/v2\/pwb-brand?post=163885"},{"taxonomy":"product_brand","embeddable":true,"href":"https:\/\/www.moskito.cz\/es\/wp-json\/wp\/v2\/product_brand?post=163885"},{"taxonomy":"product_cat","embeddable":true,"href":"https:\/\/www.moskito.cz\/es\/wp-json\/wp\/v2\/product_cat?post=163885"},{"taxonomy":"product_tag","embeddable":true,"href":"https:\/\/www.moskito.cz\/es\/wp-json\/wp\/v2\/product_tag?post=163885"}],"curies":[{"name":"wp","href":"https:\/\/api.w.org\/{rel}","templated":true}]}}