{"id":164229,"date":"2019-05-18T17:54:15","date_gmt":"2019-05-18T16:54:15","guid":{"rendered":"https:\/\/www.moskito.cz\/?post_type=product&#038;p=164229"},"modified":"2025-09-15T09:50:33","modified_gmt":"2025-09-15T08:50:33","slug":"nitecore-ha40","status":"publish","type":"product","link":"https:\/\/www.moskito.cz\/es\/produkt\/nitecore-ha40\/","title":{"rendered":"Nitecore HA40"},"content":{"rendered":"<p>Nitecore HA40.<\/p>\n<p>V\u00fdkonn\u00e1 univerz\u00e1ln\u00ed \u010delovka ur\u010den\u00e1 pro turistiku, outdoor, nebo pro pracovn\u00ed \u00fa\u010dely.<\/p>\n<p>Nap\u00e1jen\u00ed 4 kusy AA tu\u017ekov\u00fdmi bateriemi (lze pou\u017e\u00edt jednor\u00e1zov\u00e9, ale doporu\u010den\u00e9 jsou dob\u00edjec\u00ed NiMH pro dosa\u017een\u00ed maxim\u00e1ln\u00edho v\u00fdkonu i v\u00fddr\u017ee)<\/p>\n","protected":false},"excerpt":{"rendered":"<p>Nitecore HA40<\/p>\n","protected":false},"featured_media":164230,"comment_status":"open","ping_status":"closed","template":"","meta":[],"pwb-brand":[465],"product_brand":[],"product_cat":[49,38],"product_tag":[],"class_list":{"0":"post-164229","1":"product","2":"type-product","3":"status-publish","4":"has-post-thumbnail","6":"pwb-brand-nitecore","7":"product_cat-svitilny","8":"product_cat-camping","10":"first","11":"outofstock","12":"taxable","13":"shipping-taxable","14":"purchasable","15":"product-type-simple"},"brands":[{"id":465,"name":"Nitecore","slug":"nitecore"}],"_links":{"self":[{"href":"https:\/\/www.moskito.cz\/es\/wp-json\/wp\/v2\/product\/164229","targetHints":{"allow":["GET"]}}],"collection":[{"href":"https:\/\/www.moskito.cz\/es\/wp-json\/wp\/v2\/product"}],"about":[{"href":"https:\/\/www.moskito.cz\/es\/wp-json\/wp\/v2\/types\/product"}],"replies":[{"embeddable":true,"href":"https:\/\/www.moskito.cz\/es\/wp-json\/wp\/v2\/comments?post=164229"}],"wp:featuredmedia":[{"embeddable":true,"href":"https:\/\/www.moskito.cz\/es\/wp-json\/wp\/v2\/media\/164230"}],"wp:attachment":[{"href":"https:\/\/www.moskito.cz\/es\/wp-json\/wp\/v2\/media?parent=164229"}],"wp:term":[{"taxonomy":"pwb-brand","embeddable":true,"href":"https:\/\/www.moskito.cz\/es\/wp-json\/wp\/v2\/pwb-brand?post=164229"},{"taxonomy":"product_brand","embeddable":true,"href":"https:\/\/www.moskito.cz\/es\/wp-json\/wp\/v2\/product_brand?post=164229"},{"taxonomy":"product_cat","embeddable":true,"href":"https:\/\/www.moskito.cz\/es\/wp-json\/wp\/v2\/product_cat?post=164229"},{"taxonomy":"product_tag","embeddable":true,"href":"https:\/\/www.moskito.cz\/es\/wp-json\/wp\/v2\/product_tag?post=164229"}],"curies":[{"name":"wp","href":"https:\/\/api.w.org\/{rel}","templated":true}]}}