{"id":164349,"date":"2019-06-01T15:21:46","date_gmt":"2019-06-01T14:21:46","guid":{"rendered":"https:\/\/www.moskito.cz\/?post_type=product&#038;p=164349"},"modified":"2025-07-11T07:49:03","modified_gmt":"2025-07-11T06:49:03","slug":"peprovy-sprej-equalizer-2-20ml-strela","status":"publish","type":"product","link":"https:\/\/www.moskito.cz\/es\/produkt\/peprovy-sprej-equalizer-2-20ml-strela\/","title":{"rendered":"EQUALIZER 20ml Pep\u0159ov\u00fd sprej"},"content":{"rendered":"<p>EQUALIZER 20ml Pep\u0159ov\u00fd sprej.<\/p>\n<p>tekut\u00e1 st\u0159ela &#8211; kapaln\u00e1 n\u00e1pl\u0148<br \/>\nozna\u010den\u00ed pachatele viditeln\u00e9 pod UV sv\u011btlem<br \/>\nnep\u016fsob\u00ed trval\u00e9 po\u0161kozen\u00ed<br \/>\nklip na\u00a0opasek<br \/>\ndost\u0159ik cca 2,5 &#8211; 3,5 m<br \/>\nzdravotn\u011b nez\u00e1vadn\u00fd<br \/>\nje\u00a0neho\u0159lav\u00fd.<br \/>\nobsah: 20 ml<\/p>\n<p>Equalizer2 je\u00a0extr\u00e9mn\u011b v\u00fdkonn\u00fdm mal\u00fdm obrann\u00fdm sprejem, kter\u00fd by v\u00e1m nem\u011bl v\u00a0kapse nebo mal\u00e9 kabelce chyb\u011bt. D\u00edky klipu na\u00a0opasek ho m\u016f\u017eete m\u00edt st\u00e1le sebou, i\u00a0kdy\u017e jdete t\u0159eba jen b\u011bhat.<\/p>\n","protected":false},"excerpt":{"rendered":"<p><strong>Pep\u0159ov\u00fd<\/strong> sprej EQUALIZER 2 20ml.<\/p>\n","protected":false},"featured_media":182000,"comment_status":"open","ping_status":"closed","template":"","meta":[],"pwb-brand":[1335],"product_brand":[],"product_cat":[1549],"product_tag":[],"class_list":{"0":"post-164349","1":"product","2":"type-product","3":"status-publish","4":"has-post-thumbnail","6":"pwb-brand-esp","7":"product_cat-obranne-spreje","9":"first","10":"instock","11":"taxable","12":"shipping-taxable","13":"purchasable","14":"product-type-simple"},"brands":[{"id":1335,"name":"ESP","slug":"esp"}],"_links":{"self":[{"href":"https:\/\/www.moskito.cz\/es\/wp-json\/wp\/v2\/product\/164349","targetHints":{"allow":["GET"]}}],"collection":[{"href":"https:\/\/www.moskito.cz\/es\/wp-json\/wp\/v2\/product"}],"about":[{"href":"https:\/\/www.moskito.cz\/es\/wp-json\/wp\/v2\/types\/product"}],"replies":[{"embeddable":true,"href":"https:\/\/www.moskito.cz\/es\/wp-json\/wp\/v2\/comments?post=164349"}],"wp:featuredmedia":[{"embeddable":true,"href":"https:\/\/www.moskito.cz\/es\/wp-json\/wp\/v2\/media\/182000"}],"wp:attachment":[{"href":"https:\/\/www.moskito.cz\/es\/wp-json\/wp\/v2\/media?parent=164349"}],"wp:term":[{"taxonomy":"pwb-brand","embeddable":true,"href":"https:\/\/www.moskito.cz\/es\/wp-json\/wp\/v2\/pwb-brand?post=164349"},{"taxonomy":"product_brand","embeddable":true,"href":"https:\/\/www.moskito.cz\/es\/wp-json\/wp\/v2\/product_brand?post=164349"},{"taxonomy":"product_cat","embeddable":true,"href":"https:\/\/www.moskito.cz\/es\/wp-json\/wp\/v2\/product_cat?post=164349"},{"taxonomy":"product_tag","embeddable":true,"href":"https:\/\/www.moskito.cz\/es\/wp-json\/wp\/v2\/product_tag?post=164349"}],"curies":[{"name":"wp","href":"https:\/\/api.w.org\/{rel}","templated":true}]}}