{"id":164415,"date":"2019-06-06T18:20:43","date_gmt":"2019-06-06T17:20:43","guid":{"rendered":"https:\/\/www.moskito.cz\/?post_type=product&#038;p=164415"},"modified":"2025-07-11T07:49:07","modified_gmt":"2025-07-11T06:49:07","slug":"microtech-halo-vi-se-otf-251-4","status":"publish","type":"product","link":"https:\/\/www.moskito.cz\/es\/produkt\/microtech-halo-vi-se-otf-251-4\/","title":{"rendered":"Vyst\u0159elovac\u00ed N\u016f\u017e Microtech Halo VI 251-4"},"content":{"rendered":"<div class=\"text-wrap tlid-copy-target\">\n<div class=\"result-shield-container tlid-copy-target\" tabindex=\"0\">\n<p>Vyst\u0159elovac\u00ed N\u016f\u017e <strong>Microtech Halo VI<\/strong> 251-4<\/p>\n<p>&nbsp;<\/p>\n<p>Vyst\u0159elovac\u00ed N\u016f\u017e <strong>Microtech Halo <\/strong>VI 251-4 se sat\u00e9novou \u010depel\u00ed. <span class=\"\" title=\"\">Rukoje\u0165 je vyrobena z \u010dern\u00e9 anodizovan\u00e9 slitiny Mil-Spec.<\/span> <span class=\"\" title=\"\">Nab\u00edjec\u00ed rukoje\u0165 je otryskan\u00e1 a je opat\u0159ena logem Microtech a datem vzniku.<\/span><\/p>\n<p><span class=\"\" title=\"\">Halo VI se odli\u0161uje od p\u0159edchoz\u00edch model\u016f\u00a0 p\u0159idan\u00fdmi bezpe\u010dnostn\u00edmi prvky a vylep\u0161en\u00fdm mechanismem nab\u00edjec\u00ed rukojeti.<\/span> <span title=\"\">Tla\u010d\u00edtko\u00a0 bylo modernizov\u00e1no s integrovanou bezpe\u010dnost\u00ed, aby se zabr\u00e1nilo n\u00e1hodn\u00e9mu rozvinut\u00ed.<\/span> <span class=\"\" title=\"\">Jeho vylep\u0161en\u00e1 nab\u00edjec\u00ed rukoje\u0165\u00a0 s dvojit\u00fdmi oto\u010dn\u00fdmi z\u00e1padkami, kter\u00e9 vytv\u00e1\u0159ej\u00ed bezpe\u010dn\u00e9 uzav\u0159en\u00ed v uzav\u0159en\u00e9 poloze.<\/span><\/p>\n<\/div>\n<div tabindex=\"0\"><\/div>\n<\/div>\n<div tabindex=\"0\">\n<p>SPECIFIKACE:<\/p>\n<p>D\u00e9lka \u010depele: 11 cm<br \/>\nCelkov\u00e1 d\u00e9lka: 27 cm<br \/>\nMateri\u00e1l \u010depele: M390 nerezov\u00e1 ocel<br \/>\nPovrchov\u00e1 \u00faprava \u010depele: sat\u00e9n<br \/>\nD\u00e9lka rukojeti: 16 cm<br \/>\nMateri\u00e1l rukojeti: 6061-T6 Hlin\u00edk<\/p>\n<p><span class=\"tlid-translation translation\" lang=\"cs\"><span class=\"\" title=\"\">\u00a0<\/span><\/span><\/p>\n<\/div>\n<div class=\"tlid-result-transliteration-container result-transliteration-container transliteration-container\"><\/div>\n<p>It&#8217;s been a long time coming but the production version of Anthony <strong>Marfione&#8217;s <\/strong>custom knife is finally here. The Halo VI Automatic from <strong>Microtech <\/strong>is the class of the OTF world and has one of the strongest firing blades we&#8217;ve ever seen. The blade is a whopping 4.4&#8243; of tactical awesomeness and is available in a variety of shapes and configurations. The handle is over 6&#8243; in length so it&#8217;s large enough for any sized hands, yet slim enough to carry with relative ease. The push button fires the blade out lightning fast and it also unlocks the blade so that when you pull the tab at the butt end of the knife, the blade retracts easily into the handle to fire again. It might be a little large to EDC for some but this knife is definitely a head turner and something you will hardly ever stop playing with. This is an absolutely amazing knife, one that really gives you an insight into how nice M<strong>icrotech <\/strong>offerings are.<\/p>\n","protected":false},"excerpt":{"rendered":"<p>V pr\u016fb\u011bhu let <strong>Microtech\u00ae Knives <\/strong>naplnil v\u00e1\u0161n\u00ed a dovednost\u00ed v\u00fdrobu no\u017e\u016f, a\u017e z nich vytvo\u0159il t\u00e9m\u011b\u0159 um\u011bleck\u00e1 d\u00edla,kter\u00e9 jsou vrcholem funk\u010dnosti.V\u0161echny d\u00edly jsou vyrodeny v USA.<br \/>\n<strong>Na v\u0161echny no\u017ee Microtech je do\u017eivotn\u00ed z\u00e1ruka.<\/strong><\/p>\n","protected":false},"featured_media":178446,"comment_status":"open","ping_status":"closed","template":"","meta":[],"pwb-brand":[431],"product_brand":[],"product_cat":[2019,17],"product_tag":[],"class_list":{"0":"post-164415","1":"product","2":"type-product","3":"status-publish","4":"has-post-thumbnail","6":"pwb-brand-microtech","7":"product_cat-vystrelovaci-noze","8":"product_cat-noze","10":"first","11":"outofstock","12":"taxable","13":"shipping-taxable","14":"purchasable","15":"product-type-simple"},"brands":[{"id":431,"name":"Microtech","slug":"microtech"}],"_links":{"self":[{"href":"https:\/\/www.moskito.cz\/es\/wp-json\/wp\/v2\/product\/164415","targetHints":{"allow":["GET"]}}],"collection":[{"href":"https:\/\/www.moskito.cz\/es\/wp-json\/wp\/v2\/product"}],"about":[{"href":"https:\/\/www.moskito.cz\/es\/wp-json\/wp\/v2\/types\/product"}],"replies":[{"embeddable":true,"href":"https:\/\/www.moskito.cz\/es\/wp-json\/wp\/v2\/comments?post=164415"}],"wp:featuredmedia":[{"embeddable":true,"href":"https:\/\/www.moskito.cz\/es\/wp-json\/wp\/v2\/media\/178446"}],"wp:attachment":[{"href":"https:\/\/www.moskito.cz\/es\/wp-json\/wp\/v2\/media?parent=164415"}],"wp:term":[{"taxonomy":"pwb-brand","embeddable":true,"href":"https:\/\/www.moskito.cz\/es\/wp-json\/wp\/v2\/pwb-brand?post=164415"},{"taxonomy":"product_brand","embeddable":true,"href":"https:\/\/www.moskito.cz\/es\/wp-json\/wp\/v2\/product_brand?post=164415"},{"taxonomy":"product_cat","embeddable":true,"href":"https:\/\/www.moskito.cz\/es\/wp-json\/wp\/v2\/product_cat?post=164415"},{"taxonomy":"product_tag","embeddable":true,"href":"https:\/\/www.moskito.cz\/es\/wp-json\/wp\/v2\/product_tag?post=164415"}],"curies":[{"name":"wp","href":"https:\/\/api.w.org\/{rel}","templated":true}]}}