{"id":164617,"date":"2019-06-22T15:34:12","date_gmt":"2019-06-22T14:34:12","guid":{"rendered":"https:\/\/www.moskito.cz\/?post_type=product&#038;p=164617"},"modified":"2025-07-11T07:49:17","modified_gmt":"2025-07-11T06:49:17","slug":"zippo-benzinovy-harley-davidson-28977","status":"publish","type":"product","link":"https:\/\/www.moskito.cz\/es\/produkt\/zippo-benzinovy-harley-davidson-28977\/","title":{"rendered":"Zippo benz\u00ednov\u00fd Harley Davidson 28977"},"content":{"rendered":"<div class=\"clearfix\">Zippo benz\u00ednov\u00fd Harley Davidson 28977.<\/div>\n<div class=\"col-xs-12\">\n<p>Klasick\u00fd benz\u00ednov\u00fd zapalova\u010d.Vyrobeno v USA.<\/p>\n<p>Baleno v ekologicky \u0161etrn\u00e9 d\u00e1rkov\u00e9 krabi\u010dce<\/p>\n<p>Nov\u00fd zapalova\u010d nen\u00ed napln\u011bn palivem<\/p>\n<\/div>\n","protected":false},"excerpt":{"rendered":"<h2><a class=\"js-serpSpamScore\" href=\"https:\/\/www.heureka.cz\/exit\/ihodinarstvi-cz\/3072243787\/?z=15\" target=\"_blank\" rel=\"noopener noreferrer\">Zippo benz\u00ednov\u00fd Harley Davidson 28977<\/a><\/h2>\n","protected":false},"featured_media":164618,"comment_status":"open","ping_status":"closed","template":"","meta":[],"pwb-brand":[716],"product_brand":[],"product_cat":[39,38],"product_tag":[],"class_list":{"0":"post-164617","1":"product","2":"type-product","3":"status-publish","4":"has-post-thumbnail","6":"pwb-brand-zippo","7":"product_cat-zapalovace-podpalovace","8":"product_cat-camping","10":"first","11":"instock","12":"taxable","13":"shipping-taxable","14":"purchasable","15":"product-type-simple"},"brands":[{"id":716,"name":"ZIPPO","slug":"zippo"}],"_links":{"self":[{"href":"https:\/\/www.moskito.cz\/es\/wp-json\/wp\/v2\/product\/164617","targetHints":{"allow":["GET"]}}],"collection":[{"href":"https:\/\/www.moskito.cz\/es\/wp-json\/wp\/v2\/product"}],"about":[{"href":"https:\/\/www.moskito.cz\/es\/wp-json\/wp\/v2\/types\/product"}],"replies":[{"embeddable":true,"href":"https:\/\/www.moskito.cz\/es\/wp-json\/wp\/v2\/comments?post=164617"}],"wp:featuredmedia":[{"embeddable":true,"href":"https:\/\/www.moskito.cz\/es\/wp-json\/wp\/v2\/media\/164618"}],"wp:attachment":[{"href":"https:\/\/www.moskito.cz\/es\/wp-json\/wp\/v2\/media?parent=164617"}],"wp:term":[{"taxonomy":"pwb-brand","embeddable":true,"href":"https:\/\/www.moskito.cz\/es\/wp-json\/wp\/v2\/pwb-brand?post=164617"},{"taxonomy":"product_brand","embeddable":true,"href":"https:\/\/www.moskito.cz\/es\/wp-json\/wp\/v2\/product_brand?post=164617"},{"taxonomy":"product_cat","embeddable":true,"href":"https:\/\/www.moskito.cz\/es\/wp-json\/wp\/v2\/product_cat?post=164617"},{"taxonomy":"product_tag","embeddable":true,"href":"https:\/\/www.moskito.cz\/es\/wp-json\/wp\/v2\/product_tag?post=164617"}],"curies":[{"name":"wp","href":"https:\/\/api.w.org\/{rel}","templated":true}]}}