{"id":164675,"date":"2019-06-22T18:51:08","date_gmt":"2019-06-22T17:51:08","guid":{"rendered":"https:\/\/www.moskito.cz\/?post_type=product&#038;p=164675"},"modified":"2025-07-11T07:49:23","modified_gmt":"2025-07-11T06:49:23","slug":"zippo-benzinovy-skull-wrenches","status":"publish","type":"product","link":"https:\/\/www.moskito.cz\/es\/produkt\/zippo-benzinovy-skull-wrenches\/","title":{"rendered":"Zippo benz\u00ednov\u00fd Skull Wrenches"},"content":{"rendered":"<div class=\"clearfix\">Zippo benz\u00ednov\u00fd Skull Wrenches.<\/div>\n<div class=\"col-xs-12\">\n<p>Klasick\u00fd benz\u00ednov\u00fd zapalova\u010d.Vyrobeno v USA.<\/p>\n<p>Baleno v ekologicky \u0161etrn\u00e9 d\u00e1rkov\u00e9 krabi\u010dce<\/p>\n<p>Nov\u00fd zapalova\u010d nen\u00ed napln\u011bn palivem<\/p>\n<\/div>\n","protected":false},"excerpt":{"rendered":"<p>Zippo benz\u00ednov\u00fd Skull Wrenches<\/p>\n","protected":false},"featured_media":164676,"comment_status":"open","ping_status":"closed","template":"","meta":[],"pwb-brand":[],"product_brand":[],"product_cat":[39,38],"product_tag":[],"class_list":{"0":"post-164675","1":"product","2":"type-product","3":"status-publish","4":"has-post-thumbnail","6":"product_cat-zapalovace-podpalovace","7":"product_cat-camping","9":"first","10":"instock","11":"taxable","12":"shipping-taxable","13":"purchasable","14":"product-type-simple"},"brands":[],"_links":{"self":[{"href":"https:\/\/www.moskito.cz\/es\/wp-json\/wp\/v2\/product\/164675","targetHints":{"allow":["GET"]}}],"collection":[{"href":"https:\/\/www.moskito.cz\/es\/wp-json\/wp\/v2\/product"}],"about":[{"href":"https:\/\/www.moskito.cz\/es\/wp-json\/wp\/v2\/types\/product"}],"replies":[{"embeddable":true,"href":"https:\/\/www.moskito.cz\/es\/wp-json\/wp\/v2\/comments?post=164675"}],"wp:featuredmedia":[{"embeddable":true,"href":"https:\/\/www.moskito.cz\/es\/wp-json\/wp\/v2\/media\/164676"}],"wp:attachment":[{"href":"https:\/\/www.moskito.cz\/es\/wp-json\/wp\/v2\/media?parent=164675"}],"wp:term":[{"taxonomy":"pwb-brand","embeddable":true,"href":"https:\/\/www.moskito.cz\/es\/wp-json\/wp\/v2\/pwb-brand?post=164675"},{"taxonomy":"product_brand","embeddable":true,"href":"https:\/\/www.moskito.cz\/es\/wp-json\/wp\/v2\/product_brand?post=164675"},{"taxonomy":"product_cat","embeddable":true,"href":"https:\/\/www.moskito.cz\/es\/wp-json\/wp\/v2\/product_cat?post=164675"},{"taxonomy":"product_tag","embeddable":true,"href":"https:\/\/www.moskito.cz\/es\/wp-json\/wp\/v2\/product_tag?post=164675"}],"curies":[{"name":"wp","href":"https:\/\/api.w.org\/{rel}","templated":true}]}}