{"id":166493,"date":"2019-11-15T19:45:28","date_gmt":"2019-11-15T18:45:28","guid":{"rendered":"https:\/\/www.moskito.cz\/?post_type=product&#038;p=166493"},"modified":"2025-07-11T07:50:17","modified_gmt":"2025-07-11T06:50:17","slug":"zaviraci-nuz-mcusta-mcu093d","status":"publish","type":"product","link":"https:\/\/www.moskito.cz\/es\/produkt\/zaviraci-nuz-mcusta-mcu093d\/","title":{"rendered":"Zav\u00edrac\u00ed Dama\u0161kov\u00fd N\u016f\u017e Mcusta"},"content":{"rendered":"<p>Zav\u00edrac\u00ed Dama\u0161kov\u00fd N\u016f\u017e <strong>Mcusta<\/strong>.<\/p>\n<p>No\u017ee Mcusta poch\u00e1zej\u00ed s japonsk\u00e9ho m\u011bsta Seki. V na\u0161\u00ed nab\u00eddce naleznete n\u011bkolik jejich v\u00fdrobk\u016f.<\/p>\n<p>No\u017ee Mcusta jsou symbolem originality, \u0161pi\u010dkov\u00e9ho zpracov\u00e1n\u00ed a k dokonalosti dota\u017een\u00e9mu designu.<\/p>\n<p>Vyr\u00e1b\u011bj\u00ed se ve m\u011bst\u011b Seki, kter\u00e9 je ji\u017e od 13. stolet\u00ed pova\u017eov\u00e1no za centrum v\u00fdroby no\u017e\u016f . D\u00edky bohat\u00fdm z\u00e1sob\u00e1m nerostn\u00fdch surovin se stalo ide\u00e1ln\u00edm m\u00edstem, kter\u00e9 p\u0159il\u00e1kalo mistra Motoshige. V pr\u016fb\u011bhu stalet\u00ed se techniky a dovednosti mistr\u016f kov\u00e1\u0159\u016f p\u0159ed\u00e1valy z generace na generaci a neust\u00e1le se zdokonalovaly. V\u00fdznamn\u00fdm centrem je m\u011bsto Seki dodnes.No\u017ee Mcusta jsou vrcholem tradi\u010dn\u00ed japonsk\u00e9 v\u00fdroby a modern\u00edch \u0161pi\u010dkov\u00fdch technologi\u00ed. Nejsou vyr\u00e1b\u011bn\u00e9 jako v\u011bt\u0161ina s\u00e9riov\u011b vyr\u00e1b\u011bn\u00fdch no\u017e\u016f. P\u0159ed samotnou v\u00fdrobou jsou navr\u017eeny prototypy, kter\u00e9 jsou pe\u010dliv\u011b testov\u00e1ny a prakticky vyzkou\u0161eny.<\/p>\n<p>No\u017ee jsou navr\u017eeny tak, aby co nejv\u00edce odpov\u00eddaly pot\u0159eb\u00e1m, vkusu a stylu z\u00e1kazn\u00edk\u016f.<\/p>\n<p>Zav\u00edrac\u00ed n\u016f\u017e Mcusta MCU093D\u00a0 \u2013 Tento n\u016f\u017e je dod\u00e1v\u00e1n s pouzdrem na opasek.<\/p>\n<pre id=\"tw-target-text\" class=\"tw-data-text tw-text-large tw-ta\" dir=\"ltr\" data-placeholder=\"P\u0159eklad\"><span lang=\"cs\" tabindex=\"0\">Typ: skl\u00e1dac\u00ed n\u016f\u017e\r\n\u00a0\u00a0\u00a0\u00a0Ocel: VG10 Dama\u0161ek\r\n\u00a0\u00a0\u00a0\u00a0D\u00e9lka \u010depele: 70 mm\r\n\u00a0\u00a0\u00a0\u00a0Rukoje\u0165: Crest Tsuru (Crane)\r\n\u00a0\u00a0\u00a0\u00a0D\u00e9lka rukojeti: 90m<\/span><\/pre>\n","protected":false},"excerpt":{"rendered":"<p>Zav\u00edrac\u00ed n\u016f\u017e.<\/p>\n","protected":false},"featured_media":190035,"comment_status":"open","ping_status":"closed","template":"","meta":[],"pwb-brand":[432],"product_brand":[],"product_cat":[25,17],"product_tag":[],"class_list":{"0":"post-166493","1":"product","2":"type-product","3":"status-publish","4":"has-post-thumbnail","6":"pwb-brand-mcusta","7":"product_cat-damascenske-noze","8":"product_cat-noze","10":"first","11":"outofstock","12":"taxable","13":"shipping-taxable","14":"purchasable","15":"product-type-simple"},"brands":[{"id":432,"name":"Mcusta","slug":"mcusta"}],"_links":{"self":[{"href":"https:\/\/www.moskito.cz\/es\/wp-json\/wp\/v2\/product\/166493","targetHints":{"allow":["GET"]}}],"collection":[{"href":"https:\/\/www.moskito.cz\/es\/wp-json\/wp\/v2\/product"}],"about":[{"href":"https:\/\/www.moskito.cz\/es\/wp-json\/wp\/v2\/types\/product"}],"replies":[{"embeddable":true,"href":"https:\/\/www.moskito.cz\/es\/wp-json\/wp\/v2\/comments?post=166493"}],"wp:featuredmedia":[{"embeddable":true,"href":"https:\/\/www.moskito.cz\/es\/wp-json\/wp\/v2\/media\/190035"}],"wp:attachment":[{"href":"https:\/\/www.moskito.cz\/es\/wp-json\/wp\/v2\/media?parent=166493"}],"wp:term":[{"taxonomy":"pwb-brand","embeddable":true,"href":"https:\/\/www.moskito.cz\/es\/wp-json\/wp\/v2\/pwb-brand?post=166493"},{"taxonomy":"product_brand","embeddable":true,"href":"https:\/\/www.moskito.cz\/es\/wp-json\/wp\/v2\/product_brand?post=166493"},{"taxonomy":"product_cat","embeddable":true,"href":"https:\/\/www.moskito.cz\/es\/wp-json\/wp\/v2\/product_cat?post=166493"},{"taxonomy":"product_tag","embeddable":true,"href":"https:\/\/www.moskito.cz\/es\/wp-json\/wp\/v2\/product_tag?post=166493"}],"curies":[{"name":"wp","href":"https:\/\/api.w.org\/{rel}","templated":true}]}}