{"id":167311,"date":"2020-02-05T12:59:28","date_gmt":"2020-02-05T11:59:28","guid":{"rendered":"https:\/\/www.moskito.cz\/?post_type=product&#038;p=167311"},"modified":"2025-07-11T07:50:46","modified_gmt":"2025-07-11T06:50:46","slug":"flobertove-naboje-cal-4mm-kulicka-200ks-2","status":"publish","type":"product","link":"https:\/\/www.moskito.cz\/es\/produkt\/flobertove-naboje-cal-4mm-kulicka-200ks-2\/","title":{"rendered":"Flobertov\u00e9 n\u00e1boje cal. 4mm kuli\u010dka 200ks"},"content":{"rendered":"<p><strong>Flobertov\u00e9 n\u00e1boje<\/strong> cal. 4mm kuli\u010dka 200ks.<\/p>\n<p>Flobertov\u00e9 n\u00e1boje pro flobertky cal. 4 mm s kulatou hlavi\u010dkou.<\/p>\n<p><strong>N\u00e1boje skupiny D, voln\u011b prodejn\u00e9 od 18 let.<\/strong><\/p>\n","protected":false},"excerpt":{"rendered":"<p><strong>Flobertov\u00e9<\/strong> n\u00e1boje pro flobertky cal. 4 mm s kulatou hlavi\u010dkou.<\/p>\n","protected":false},"featured_media":189909,"comment_status":"open","ping_status":"closed","template":"","meta":[],"pwb-brand":[1363],"product_brand":[],"product_cat":[18],"product_tag":[],"class_list":{"0":"post-167311","1":"product","2":"type-product","3":"status-publish","4":"has-post-thumbnail","6":"pwb-brand-sellierbellot","7":"product_cat-naboje-skupiny-d","9":"first","10":"outofstock","11":"taxable","12":"shipping-taxable","13":"purchasable","14":"product-type-simple"},"brands":[{"id":1363,"name":"Sellier&amp;Bellot","slug":"sellierbellot"}],"_links":{"self":[{"href":"https:\/\/www.moskito.cz\/es\/wp-json\/wp\/v2\/product\/167311","targetHints":{"allow":["GET"]}}],"collection":[{"href":"https:\/\/www.moskito.cz\/es\/wp-json\/wp\/v2\/product"}],"about":[{"href":"https:\/\/www.moskito.cz\/es\/wp-json\/wp\/v2\/types\/product"}],"replies":[{"embeddable":true,"href":"https:\/\/www.moskito.cz\/es\/wp-json\/wp\/v2\/comments?post=167311"}],"wp:featuredmedia":[{"embeddable":true,"href":"https:\/\/www.moskito.cz\/es\/wp-json\/wp\/v2\/media\/189909"}],"wp:attachment":[{"href":"https:\/\/www.moskito.cz\/es\/wp-json\/wp\/v2\/media?parent=167311"}],"wp:term":[{"taxonomy":"pwb-brand","embeddable":true,"href":"https:\/\/www.moskito.cz\/es\/wp-json\/wp\/v2\/pwb-brand?post=167311"},{"taxonomy":"product_brand","embeddable":true,"href":"https:\/\/www.moskito.cz\/es\/wp-json\/wp\/v2\/product_brand?post=167311"},{"taxonomy":"product_cat","embeddable":true,"href":"https:\/\/www.moskito.cz\/es\/wp-json\/wp\/v2\/product_cat?post=167311"},{"taxonomy":"product_tag","embeddable":true,"href":"https:\/\/www.moskito.cz\/es\/wp-json\/wp\/v2\/product_tag?post=167311"}],"curies":[{"name":"wp","href":"https:\/\/api.w.org\/{rel}","templated":true}]}}