{"id":167715,"date":"2020-03-28T20:14:29","date_gmt":"2020-03-28T19:14:29","guid":{"rendered":"https:\/\/www.moskito.cz\/?post_type=product&#038;p=167715"},"modified":"2025-07-11T07:50:59","modified_gmt":"2025-07-11T06:50:59","slug":"vojenske-znamky","status":"publish","type":"product","link":"https:\/\/www.moskito.cz\/es\/produkt\/vojenske-znamky\/","title":{"rendered":"Vojensk\u00e9 Zn\u00e1mky"},"content":{"rendered":"<p>Vojensk\u00e9 zn\u00e1mky.<\/p>\n<p>Klasick\u00e9 vojensk\u00e9 identifika\u010dn\u00ed zn\u00e1mky ve st\u0159\u00edbrn\u00e9m proveden\u00ed z nerezov\u00e9 oceli s tlum\u00edc\u00edmi gumi\u010dkami.<\/p>\n","protected":false},"excerpt":{"rendered":"<p><strong>US<\/strong> zn\u00e1mky.<\/p>\n","protected":false},"featured_media":181992,"comment_status":"open","ping_status":"closed","template":"","meta":[],"pwb-brand":[202],"product_brand":[],"product_cat":[2031],"product_tag":[],"class_list":{"0":"post-167715","1":"product","2":"type-product","3":"status-publish","4":"has-post-thumbnail","6":"pwb-brand-china-made","7":"product_cat-privesek","9":"first","10":"instock","11":"taxable","12":"shipping-taxable","13":"purchasable","14":"product-type-simple"},"brands":[{"id":202,"name":"China Made","slug":"china-made"}],"_links":{"self":[{"href":"https:\/\/www.moskito.cz\/es\/wp-json\/wp\/v2\/product\/167715","targetHints":{"allow":["GET"]}}],"collection":[{"href":"https:\/\/www.moskito.cz\/es\/wp-json\/wp\/v2\/product"}],"about":[{"href":"https:\/\/www.moskito.cz\/es\/wp-json\/wp\/v2\/types\/product"}],"replies":[{"embeddable":true,"href":"https:\/\/www.moskito.cz\/es\/wp-json\/wp\/v2\/comments?post=167715"}],"wp:featuredmedia":[{"embeddable":true,"href":"https:\/\/www.moskito.cz\/es\/wp-json\/wp\/v2\/media\/181992"}],"wp:attachment":[{"href":"https:\/\/www.moskito.cz\/es\/wp-json\/wp\/v2\/media?parent=167715"}],"wp:term":[{"taxonomy":"pwb-brand","embeddable":true,"href":"https:\/\/www.moskito.cz\/es\/wp-json\/wp\/v2\/pwb-brand?post=167715"},{"taxonomy":"product_brand","embeddable":true,"href":"https:\/\/www.moskito.cz\/es\/wp-json\/wp\/v2\/product_brand?post=167715"},{"taxonomy":"product_cat","embeddable":true,"href":"https:\/\/www.moskito.cz\/es\/wp-json\/wp\/v2\/product_cat?post=167715"},{"taxonomy":"product_tag","embeddable":true,"href":"https:\/\/www.moskito.cz\/es\/wp-json\/wp\/v2\/product_tag?post=167715"}],"curies":[{"name":"wp","href":"https:\/\/api.w.org\/{rel}","templated":true}]}}