{"id":167855,"date":"2020-04-19T19:19:42","date_gmt":"2020-04-19T18:19:42","guid":{"rendered":"https:\/\/www.moskito.cz\/?post_type=product&#038;p=167855"},"modified":"2026-01-15T10:07:20","modified_gmt":"2026-01-15T09:07:20","slug":"zaviraci-nuz-boker-01ll471","status":"publish","type":"product","link":"https:\/\/www.moskito.cz\/es\/produkt\/zaviraci-nuz-boker-01ll471\/","title":{"rendered":"Zav\u00edrac\u00ed N\u016f\u017e B\u00f6ker Magnum Army Rescue Assisted"},"content":{"rendered":"<p>Zav\u00edrac\u00ed N\u016f\u017e <strong>B\u00f6ker<\/strong> Magnum Army Rescue Assisted.<\/p>\n<p>B\u00d6KER\u00ae je n\u011bmeck\u00e1 firma, kter\u00e1 vyr\u00e1b\u00ed no\u017ee t\u00e9 nejvy\u0161\u0161\u00ed kvality. No\u017ee s pevnou \u010depel\u00ed, zav\u00edrac\u00ed no\u017ee, kuchy\u0148sk\u00e9 no\u017ee a stojany si d\u00edky v\u00fdjime\u010dn\u00e9 kvalit\u011b obl\u00edbila \u0159ada z\u00e1kazn\u00edk\u016f z cel\u00e9ho sv\u011bta. V\u0161echny no\u017ee jsou vyrobeny z nejlep\u0161\u00edch, odoln\u00fdch materi\u00e1l\u016f a budou nepostradateln\u00fdm pomocn\u00edkem doma, v d\u00edln\u011b, na lovu i na v\u00fdlet\u011b do p\u0159\u00edrody.<\/p>\n<p>Tato velmi \u00fasp\u011b\u0161n\u00e1 \u0159ada z\u00e1chran\u00e1\u0159sk\u00fdch no\u017e\u016f je v\u011bnov\u00e1na bezpe\u010dnostn\u00edm sil\u00e1m, kter\u00e9 jsou \u010dasto v nebezpe\u010d\u00ed po cel\u00fd den a \u010dasto riskuj\u00ed sv\u00e9 \u017eivoty pro ostatn\u00ed. Vybaven\u00ed: hrot na rozbit\u00ed skla, \u0159eza\u010d na bezpe\u010dnostn\u00ed p\u00e1sy, kapesn\u00ed klip a siln\u00e1 a odoln\u00e1 \u010depel z nerezov\u00e9 oceli 440. \u010cern\u011b pota\u017een\u00e1 reverzn\u00ed \u010depel Tanto s flipperem, \u010d\u00e1ste\u010dn\u011b zoubkovan\u00fdm ost\u0159\u00edm a asistovan\u00fdm otev\u00edr\u00e1n\u00edm pomoc\u00ed pru\u017einy (Assisted Opener). Anodizovan\u00e1 bronzov\u00e1 rukojet&#8217; nese znak arm\u00e1dy. Z\u00e1chran\u00e1\u0159sk\u00e9 no\u017ee Magnum jsou pln\u011b funk\u010dn\u00ed a p\u0159ipraveny k pou\u017eit\u00ed, av\u0161ak nejsou ur\u010deny pro ka\u017edodenn\u00ed n\u00e1ro\u010dn\u00e9 pou\u017eit\u00ed profesion\u00e1ln\u00edch z\u00e1chran\u00e1\u0159\u016f.<\/p>\n<p>Celkov\u00e1 d\u00e9lka: 20.8 cm<br \/>\nD\u00e9lka \u010depele: 8.6 cm<br \/>\nTlou\u0161\u0165ka \u010depele: 2.8 mm<br \/>\nHmotnost: 139 g<br \/>\nMateri\u00e1l \u010depele: 440A<\/p>\n<p>Materi\u00e1l rukojeti: Hlin\u00edk<br \/>\nTyp pojistky: Linerlock<\/p>\n","protected":false},"excerpt":{"rendered":"<p><strong>Tato velmi \u00fasp\u011b\u0161n\u00e1 \u0159ada z\u00e1chran\u00e1\u0159sk\u00fdch no\u017e\u016f je v\u011bnov\u00e1na bezpe\u010dnostn\u00edm sil\u00e1m, kter\u00e9 jsou \u010dasto v nebezpe\u010d\u00ed po cel\u00fd den a \u010dasto riskuj\u00ed sv\u00e9 \u017eivoty pro ostatn\u00ed.<\/strong><\/p>\n","protected":false},"featured_media":363644,"comment_status":"open","ping_status":"closed","template":"","meta":[],"pwb-brand":[140],"product_brand":[],"product_cat":[22,17],"product_tag":[3667],"class_list":{"0":"post-167855","1":"product","2":"type-product","3":"status-publish","4":"has-post-thumbnail","6":"pwb-brand-boker","7":"product_cat-zaviraci-noze","8":"product_cat-noze","9":"product_tag-b2b","11":"first","12":"instock","13":"taxable","14":"shipping-taxable","15":"purchasable","16":"product-type-simple"},"brands":[{"id":140,"name":"Boker","slug":"boker"}],"_links":{"self":[{"href":"https:\/\/www.moskito.cz\/es\/wp-json\/wp\/v2\/product\/167855","targetHints":{"allow":["GET"]}}],"collection":[{"href":"https:\/\/www.moskito.cz\/es\/wp-json\/wp\/v2\/product"}],"about":[{"href":"https:\/\/www.moskito.cz\/es\/wp-json\/wp\/v2\/types\/product"}],"replies":[{"embeddable":true,"href":"https:\/\/www.moskito.cz\/es\/wp-json\/wp\/v2\/comments?post=167855"}],"wp:featuredmedia":[{"embeddable":true,"href":"https:\/\/www.moskito.cz\/es\/wp-json\/wp\/v2\/media\/363644"}],"wp:attachment":[{"href":"https:\/\/www.moskito.cz\/es\/wp-json\/wp\/v2\/media?parent=167855"}],"wp:term":[{"taxonomy":"pwb-brand","embeddable":true,"href":"https:\/\/www.moskito.cz\/es\/wp-json\/wp\/v2\/pwb-brand?post=167855"},{"taxonomy":"product_brand","embeddable":true,"href":"https:\/\/www.moskito.cz\/es\/wp-json\/wp\/v2\/product_brand?post=167855"},{"taxonomy":"product_cat","embeddable":true,"href":"https:\/\/www.moskito.cz\/es\/wp-json\/wp\/v2\/product_cat?post=167855"},{"taxonomy":"product_tag","embeddable":true,"href":"https:\/\/www.moskito.cz\/es\/wp-json\/wp\/v2\/product_tag?post=167855"}],"curies":[{"name":"wp","href":"https:\/\/api.w.org\/{rel}","templated":true}]}}