{"id":167875,"date":"2020-04-20T19:56:08","date_gmt":"2020-04-20T18:56:08","guid":{"rendered":"https:\/\/www.moskito.cz\/?post_type=product&#038;p=167875"},"modified":"2025-07-11T07:51:10","modified_gmt":"2025-07-11T06:51:10","slug":"zaviraci-nuz-mta911bl","status":"publish","type":"product","link":"https:\/\/www.moskito.cz\/es\/produkt\/zaviraci-nuz-mta911bl\/","title":{"rendered":"Zav\u00edrac\u00ed N\u016f\u017e MTA911BL"},"content":{"rendered":"<p>Zav\u00edrac\u00ed N\u016f\u017e MTA911BL.<\/p>\n<p>N\u016f\u017e m\u00e1 asistovan\u00e9 otev\u00edr\u00e1n\u00ed. D\u00e9lka no\u017ee v uzav\u0159en\u00e9m stavu je 12 cm. \u010cepel no\u017ee m\u00e1 \u010dernou povrchovou \u00fapravu a je dlouh\u00e1 9.4 cm. Rukoje\u0165 je s texturou a je vyrobena z hlin\u00edku. N\u016f\u017e m\u00e1 klip.<\/p>\n<p>Assisted opening. 4.75&#8243; closed. 3.5&#8243; black finish partially serrated 440 stainless drop point blade. Black and blue textured aluminum handle. Inlay shield. Glass breaker. Lanyard hole. Pocket clip. Extended tang. Belt\/cord cutter.<\/p>\n","protected":false},"excerpt":{"rendered":"<p>Zav\u00edrac\u00ed n\u016f\u017e.<\/p>\n","protected":false},"featured_media":167876,"comment_status":"open","ping_status":"closed","template":"","meta":[],"pwb-brand":[416],"product_brand":[],"product_cat":[22,17],"product_tag":[],"class_list":{"0":"post-167875","1":"product","2":"type-product","3":"status-publish","4":"has-post-thumbnail","6":"pwb-brand-mtech","7":"product_cat-zaviraci-noze","8":"product_cat-noze","10":"first","11":"outofstock","12":"taxable","13":"shipping-taxable","14":"purchasable","15":"product-type-simple"},"brands":[{"id":416,"name":"MTech","slug":"mtech"}],"_links":{"self":[{"href":"https:\/\/www.moskito.cz\/es\/wp-json\/wp\/v2\/product\/167875","targetHints":{"allow":["GET"]}}],"collection":[{"href":"https:\/\/www.moskito.cz\/es\/wp-json\/wp\/v2\/product"}],"about":[{"href":"https:\/\/www.moskito.cz\/es\/wp-json\/wp\/v2\/types\/product"}],"replies":[{"embeddable":true,"href":"https:\/\/www.moskito.cz\/es\/wp-json\/wp\/v2\/comments?post=167875"}],"wp:featuredmedia":[{"embeddable":true,"href":"https:\/\/www.moskito.cz\/es\/wp-json\/wp\/v2\/media\/167876"}],"wp:attachment":[{"href":"https:\/\/www.moskito.cz\/es\/wp-json\/wp\/v2\/media?parent=167875"}],"wp:term":[{"taxonomy":"pwb-brand","embeddable":true,"href":"https:\/\/www.moskito.cz\/es\/wp-json\/wp\/v2\/pwb-brand?post=167875"},{"taxonomy":"product_brand","embeddable":true,"href":"https:\/\/www.moskito.cz\/es\/wp-json\/wp\/v2\/product_brand?post=167875"},{"taxonomy":"product_cat","embeddable":true,"href":"https:\/\/www.moskito.cz\/es\/wp-json\/wp\/v2\/product_cat?post=167875"},{"taxonomy":"product_tag","embeddable":true,"href":"https:\/\/www.moskito.cz\/es\/wp-json\/wp\/v2\/product_tag?post=167875"}],"curies":[{"name":"wp","href":"https:\/\/api.w.org\/{rel}","templated":true}]}}