{"id":167893,"date":"2020-04-22T09:20:53","date_gmt":"2020-04-22T08:20:53","guid":{"rendered":"https:\/\/www.moskito.cz\/?post_type=product&#038;p=167893"},"modified":"2025-12-13T08:16:38","modified_gmt":"2025-12-13T07:16:38","slug":"zaviraci-nuz-victorinox-rangergrip-74-0-9723-c","status":"publish","type":"product","link":"https:\/\/www.moskito.cz\/es\/produkt\/zaviraci-nuz-victorinox-rangergrip-74-0-9723-c\/","title":{"rendered":"Zav\u00edrac\u00ed N\u016f\u017e Victorinox RangerGrip 74 0.9723.C"},"content":{"rendered":"<p>Zav\u00edrac\u00ed N\u016f\u017e Victorinox RangerGrip 74 0.9723.C.<\/p>\n<p>Kapesn\u00ed n\u016f\u017e o velikosti 130 mm s pojistkou velk\u00e9 \u010depele. Po\u010det funkc\u00ed 14.<\/p>\n<p>velk\u00e1 \u010depel<br \/>\nv\u00fdvrtka<br \/>\notv\u00edr\u00e1k na konzervy s<br \/>\nmal\u00fdm \u0161roubov\u00e1kem<br \/>\notv\u00edr\u00e1k na l\u00e1hve s<br \/>\n\u0161roubov\u00e1kem<br \/>\nodstra\u0148ova\u010dem izolace z dr\u00e1t\u016f<br \/>\nkle\u0161t\u011b s<br \/>\nst\u0159iha\u010d dr\u00e1tu<br \/>\ndotahov\u00e1k matic<br \/>\nv\u00fdstru\u017en\u00edk, pr\u016fbojn\u00edk<br \/>\nnerezov\u00fd krou\u017eek na kl\u00ed\u010de<br \/>\npinzeta<br \/>\np\u00e1r\u00e1tko<\/p>\n","protected":false},"excerpt":{"rendered":"<p>Kapesn\u00ed n\u016f\u017e o velikosti 130 mm s pojistkou velk\u00e9 \u010depele. Po\u010det funkc\u00ed 14.<br \/>\n<strong>Vyrobeno ve \u0160v\u00fdcarsku,do\u017eivotn\u00ed z\u00e1ruka.<\/strong><\/p>\n","protected":false},"featured_media":167894,"comment_status":"open","ping_status":"closed","template":"","meta":[],"pwb-brand":[1175],"product_brand":[],"product_cat":[22,17],"product_tag":[],"class_list":{"0":"post-167893","1":"product","2":"type-product","3":"status-publish","4":"has-post-thumbnail","6":"pwb-brand-victorinox","7":"product_cat-zaviraci-noze","8":"product_cat-noze","10":"first","11":"outofstock","12":"taxable","13":"shipping-taxable","14":"purchasable","15":"product-type-simple"},"brands":[{"id":1175,"name":"Victorinox","slug":"victorinox"}],"_links":{"self":[{"href":"https:\/\/www.moskito.cz\/es\/wp-json\/wp\/v2\/product\/167893","targetHints":{"allow":["GET"]}}],"collection":[{"href":"https:\/\/www.moskito.cz\/es\/wp-json\/wp\/v2\/product"}],"about":[{"href":"https:\/\/www.moskito.cz\/es\/wp-json\/wp\/v2\/types\/product"}],"replies":[{"embeddable":true,"href":"https:\/\/www.moskito.cz\/es\/wp-json\/wp\/v2\/comments?post=167893"}],"wp:featuredmedia":[{"embeddable":true,"href":"https:\/\/www.moskito.cz\/es\/wp-json\/wp\/v2\/media\/167894"}],"wp:attachment":[{"href":"https:\/\/www.moskito.cz\/es\/wp-json\/wp\/v2\/media?parent=167893"}],"wp:term":[{"taxonomy":"pwb-brand","embeddable":true,"href":"https:\/\/www.moskito.cz\/es\/wp-json\/wp\/v2\/pwb-brand?post=167893"},{"taxonomy":"product_brand","embeddable":true,"href":"https:\/\/www.moskito.cz\/es\/wp-json\/wp\/v2\/product_brand?post=167893"},{"taxonomy":"product_cat","embeddable":true,"href":"https:\/\/www.moskito.cz\/es\/wp-json\/wp\/v2\/product_cat?post=167893"},{"taxonomy":"product_tag","embeddable":true,"href":"https:\/\/www.moskito.cz\/es\/wp-json\/wp\/v2\/product_tag?post=167893"}],"curies":[{"name":"wp","href":"https:\/\/api.w.org\/{rel}","templated":true}]}}