{"id":168038,"date":"2020-04-30T21:16:58","date_gmt":"2020-04-30T20:16:58","guid":{"rendered":"https:\/\/www.moskito.cz\/?post_type=product&#038;p=168038"},"modified":"2025-07-11T07:51:18","modified_gmt":"2025-07-11T06:51:18","slug":"zaviraci-nuz-spyderco-titanium-chaparral-cts-xhp","status":"publish","type":"product","link":"https:\/\/www.moskito.cz\/es\/produkt\/zaviraci-nuz-spyderco-titanium-chaparral-cts-xhp\/","title":{"rendered":"Zav\u00edrac\u00ed N\u016f\u017e Spyderco Titanium Chaparral"},"content":{"rendered":"<p>Zav\u00edrac\u00ed N\u016f\u017e Spyderco Titanium Chaparral .<\/p>\n<p>Spyderco je firma spoch\u00e1zej\u00edc\u00ed z Colorada, USA. Tyto sv\u011btozn\u00e1m\u00e9 no\u017ee se znakem pavouka jsou navrhov\u00e1ny s ohledem na maxim\u00e1ln\u00ed funk\u010dnost a komfortn\u00ed u\u017e\u00edv\u00e1n\u00ed. Spole\u010dnost Spyderco zavedla ve v\u00fdrob\u011b no\u017e\u016f \u0159adu inovac\u00ed, kter\u00e9 n\u00e1sledn\u011b p\u0159evzalo mnoho dal\u0161\u00edch no\u017e\u00ed\u0159sk\u00fdch firem. Jedn\u00e1 se nap\u0159\u00edklad o otvor v \u010depeli, kter\u00fd umo\u017e\u0148uje otev\u00edr\u00e1n\u00ed no\u017ee jednou rukou, kapesn\u00ed klip pro uchycen\u00ed no\u017ee nebo \u010d\u00e1ste\u010dn\u011b vroubkovan\u00e9 ost\u0159\u00ed.<\/p>\n<p>S\u00e9rie Spyderco Chaparral poskytuje vysoce rafinovan\u00fd design s nejmodern\u011bj\u0161\u00edmi<br \/>\nmateri\u00e1ly a \u00fapravami dr\u017eadla. Nejnov\u011bj\u0161\u00edm p\u0159\u00edr\u016fstkem do t\u00e9to \u0159ady jsou masivn\u00ed titanov\u00e9<br \/>\nvlo\u017eka s p\u0159esnost\u00ed na CNC obr\u00e1b\u011bn\u00ed se slo\u017eit\u00fdm trojrozm\u011brn\u00fdm \u00abstup\u0148ovit\u00fdm\u00bb vzorem.<br \/>\nTento skv\u011ble vytvo\u0159en\u00fd n\u016f\u017e je vybaven celoplo\u0161n\u011b brou\u0161enou \u010depel\u00ed z nerezov\u00e9 oceli<br \/>\nCTS \u2122 XHP, mechanismem zp\u011btn\u00e9ho z\u00e1mku a reverzibiln\u00ed dr\u00e1tovou sponou,<br \/>\nkter\u00e1 podporuje oboustrann\u00e9 no\u0161en\u00ed.<br \/>\nSpecifikace<\/p>\n<p>Uzav\u0159eno: 91 mm<br \/>\nCelkov\u011b: 161 mm<br \/>\n\u010cepel: 2,75 \u00ab(70 mm)<br \/>\nHrana: 2,30 \u00ab(58 mm)<br \/>\nTlou\u0161\u0165ka \u010depele: 0,077 \u00ab(1,9 mm)<br \/>\nBlade Steel: CTS-XHP<br \/>\nGrind: Pln\u011b ploch\u00fd<br \/>\nMateri\u00e1l rukojeti: Titan<\/p>\n","protected":false},"excerpt":{"rendered":"<p>Zav\u00edrac\u00ed n\u016f\u017e.<\/p>\n","protected":false},"featured_media":190085,"comment_status":"open","ping_status":"closed","template":"","meta":[],"pwb-brand":[567],"product_brand":[],"product_cat":[22,17],"product_tag":[3667],"class_list":{"0":"post-168038","1":"product","2":"type-product","3":"status-publish","4":"has-post-thumbnail","6":"pwb-brand-spyderco","7":"product_cat-zaviraci-noze","8":"product_cat-noze","9":"product_tag-b2b","11":"first","12":"outofstock","13":"taxable","14":"shipping-taxable","15":"purchasable","16":"product-type-simple"},"brands":[{"id":567,"name":"Spyderco","slug":"spyderco"}],"_links":{"self":[{"href":"https:\/\/www.moskito.cz\/es\/wp-json\/wp\/v2\/product\/168038","targetHints":{"allow":["GET"]}}],"collection":[{"href":"https:\/\/www.moskito.cz\/es\/wp-json\/wp\/v2\/product"}],"about":[{"href":"https:\/\/www.moskito.cz\/es\/wp-json\/wp\/v2\/types\/product"}],"replies":[{"embeddable":true,"href":"https:\/\/www.moskito.cz\/es\/wp-json\/wp\/v2\/comments?post=168038"}],"wp:featuredmedia":[{"embeddable":true,"href":"https:\/\/www.moskito.cz\/es\/wp-json\/wp\/v2\/media\/190085"}],"wp:attachment":[{"href":"https:\/\/www.moskito.cz\/es\/wp-json\/wp\/v2\/media?parent=168038"}],"wp:term":[{"taxonomy":"pwb-brand","embeddable":true,"href":"https:\/\/www.moskito.cz\/es\/wp-json\/wp\/v2\/pwb-brand?post=168038"},{"taxonomy":"product_brand","embeddable":true,"href":"https:\/\/www.moskito.cz\/es\/wp-json\/wp\/v2\/product_brand?post=168038"},{"taxonomy":"product_cat","embeddable":true,"href":"https:\/\/www.moskito.cz\/es\/wp-json\/wp\/v2\/product_cat?post=168038"},{"taxonomy":"product_tag","embeddable":true,"href":"https:\/\/www.moskito.cz\/es\/wp-json\/wp\/v2\/product_tag?post=168038"}],"curies":[{"name":"wp","href":"https:\/\/api.w.org\/{rel}","templated":true}]}}