{"id":168377,"date":"2020-05-23T16:49:08","date_gmt":"2020-05-23T15:49:08","guid":{"rendered":"https:\/\/www.moskito.cz\/?post_type=product&#038;p=168377"},"modified":"2025-07-11T07:51:24","modified_gmt":"2025-07-11T06:51:24","slug":"pevny-nuz-mtech-mt-20-26b","status":"publish","type":"product","link":"https:\/\/www.moskito.cz\/es\/produkt\/pevny-nuz-mtech-mt-20-26b\/","title":{"rendered":"Pevn\u00fd N\u016f\u017e Mtech MT-20-26B"},"content":{"rendered":"<p>Pevn\u00fd N\u016f\u017e Mtech MT-20-26B.<\/p>\n<p>Pevn\u00fd n\u016f\u017e od spole\u010dnosti Mtech. N\u016f\u017e m\u00e1 \u010dernou povrchovou \u00fapravu. C\u00e9lov\u00e1 d\u00e9lka no\u017ee je 19 cm.<\/p>\n<p>D\u00e9lka \u010depele je 7.5 cm. Rukoje\u0165 je z \u010dern\u00e9 G-10. Sou\u010d\u00e1st\u00ed je nylonov\u00e9 pouzdro.<\/p>\n<p>&nbsp;<\/p>\n<p>&nbsp;<\/p>\n","protected":false},"excerpt":{"rendered":"<p>N\u016f\u017e s pouzdrem.<\/p>\n","protected":false},"featured_media":168378,"comment_status":"open","ping_status":"closed","template":"","meta":[],"pwb-brand":[416],"product_brand":[],"product_cat":[23,17],"product_tag":[],"class_list":{"0":"post-168377","1":"product","2":"type-product","3":"status-publish","4":"has-post-thumbnail","6":"pwb-brand-mtech","7":"product_cat-pevne-noze","8":"product_cat-noze","10":"first","11":"instock","12":"taxable","13":"shipping-taxable","14":"purchasable","15":"product-type-simple"},"brands":[{"id":416,"name":"MTech","slug":"mtech"}],"_links":{"self":[{"href":"https:\/\/www.moskito.cz\/es\/wp-json\/wp\/v2\/product\/168377","targetHints":{"allow":["GET"]}}],"collection":[{"href":"https:\/\/www.moskito.cz\/es\/wp-json\/wp\/v2\/product"}],"about":[{"href":"https:\/\/www.moskito.cz\/es\/wp-json\/wp\/v2\/types\/product"}],"replies":[{"embeddable":true,"href":"https:\/\/www.moskito.cz\/es\/wp-json\/wp\/v2\/comments?post=168377"}],"wp:featuredmedia":[{"embeddable":true,"href":"https:\/\/www.moskito.cz\/es\/wp-json\/wp\/v2\/media\/168378"}],"wp:attachment":[{"href":"https:\/\/www.moskito.cz\/es\/wp-json\/wp\/v2\/media?parent=168377"}],"wp:term":[{"taxonomy":"pwb-brand","embeddable":true,"href":"https:\/\/www.moskito.cz\/es\/wp-json\/wp\/v2\/pwb-brand?post=168377"},{"taxonomy":"product_brand","embeddable":true,"href":"https:\/\/www.moskito.cz\/es\/wp-json\/wp\/v2\/product_brand?post=168377"},{"taxonomy":"product_cat","embeddable":true,"href":"https:\/\/www.moskito.cz\/es\/wp-json\/wp\/v2\/product_cat?post=168377"},{"taxonomy":"product_tag","embeddable":true,"href":"https:\/\/www.moskito.cz\/es\/wp-json\/wp\/v2\/product_tag?post=168377"}],"curies":[{"name":"wp","href":"https:\/\/api.w.org\/{rel}","templated":true}]}}