{"id":168518,"date":"2020-06-04T11:42:46","date_gmt":"2020-06-04T10:42:46","guid":{"rendered":"https:\/\/www.moskito.cz\/?post_type=product&#038;p=168518"},"modified":"2025-07-11T07:51:27","modified_gmt":"2025-07-11T06:51:27","slug":"kladkovy-luk-luk-bear-threat-rth-60lb-pravy","status":"publish","type":"product","link":"https:\/\/www.moskito.cz\/es\/produkt\/kladkovy-luk-luk-bear-threat-rth-60lb-pravy\/","title":{"rendered":"Kladkov\u00fd Luk LUK BEAR THREAT RTH 60lb. PRAV\u00dd"},"content":{"rendered":"<div>\n<p>Kladkov\u00fd Luk LUK BEAR THREAT RTH 60lb. PRAV\u00dd.<\/p>\n<p>Bear Archery je Americk\u00fd v\u00fdrobce luk\u016f a ku\u0161\u00ed. Jeho produkty se t\u011b\u0161\u00ed celosv\u011btov\u00e9 oblib\u011b. Ka\u017ed\u00fd rok v\u00fdroba projde modernizac\u00ed, kter\u00e1 v\u017edy z luk\u016f Bear ud\u011bl\u00e1 \u0161pi\u010dku v oboru. Bear Archery vlastn\u00ed spousty patent\u016f, d\u00edky kter\u00fdm jsou v\u017edy o krok nap\u0159ed.<\/p>\n<ul>\n<li>Kladkov\u00fd luk Bear Threat RTH set. To je prost\u011b nen\u00e1ro\u010dn\u00fd pracant za super cenu.\u00a0P\u0159\u00edjemn\u011b nastaviteln\u00fd luk ve dvou \u00absilov\u00fdch\u00bb verz\u00edch. A to 50 &#8211; 60 liber nebo 60 &#8211; 70 liber. RTH set obsahuje: m\u00ed\u0159idla\u00a0Trophy Ridge 4 pin, zakl\u00e1dku\u00a0Whisker Biscuit, stabilizer\u00a0Trophy Ridge s poutkem, dr\u017e\u00e1k pro 5 \u0161\u00edp\u016f, pr\u016fhled t\u011btivy a D-loop.<\/li>\n<li>Barva: CAMO &#8211; Realtree Xtra Camo\u00a0\u010cern\u00fd<\/li>\n<\/ul>\n<p>Specifikace:<\/p>\n<ul>\n<li>V\u00fd\u0161ka t\u011btivy: 6.25&#8243;<\/li>\n<li>D\u00e9lka (osa &#8211; osa): 32.25&#8243;<\/li>\n<li>IBO rychlost: 330 fps.<\/li>\n<li>Let-off: 80%<\/li>\n<li>Hmotnost: 4 lbs.<\/li>\n<li>Nastaviteln\u00e9\u00a0d\u00e9lky n\u00e1tahu: 25&#8243;-30&#8243;<\/li>\n<li>S\u00edly n\u00e1tahu: 50-60 \/ 60-70 lbs.<\/li>\n<li>Kladky: ES Hybrid<\/li>\n<li>Prodejn\u00e9 od 18 let<\/li>\n<\/ul>\n<\/div>\n","protected":false},"excerpt":{"rendered":"<p>Kladkov\u00fd Luk.<\/p>\n","protected":false},"featured_media":168519,"comment_status":"open","ping_status":"closed","template":"","meta":[],"pwb-brand":[1371],"product_brand":[],"product_cat":[2044,2043],"product_tag":[],"class_list":{"0":"post-168518","1":"product","2":"type-product","3":"status-publish","4":"has-post-thumbnail","6":"pwb-brand-bear","7":"product_cat-kladkove-luky","8":"product_cat-luky","10":"first","11":"instock","12":"taxable","13":"shipping-taxable","14":"purchasable","15":"product-type-simple"},"brands":[{"id":1371,"name":"Bear","slug":"bear"}],"_links":{"self":[{"href":"https:\/\/www.moskito.cz\/es\/wp-json\/wp\/v2\/product\/168518","targetHints":{"allow":["GET"]}}],"collection":[{"href":"https:\/\/www.moskito.cz\/es\/wp-json\/wp\/v2\/product"}],"about":[{"href":"https:\/\/www.moskito.cz\/es\/wp-json\/wp\/v2\/types\/product"}],"replies":[{"embeddable":true,"href":"https:\/\/www.moskito.cz\/es\/wp-json\/wp\/v2\/comments?post=168518"}],"wp:featuredmedia":[{"embeddable":true,"href":"https:\/\/www.moskito.cz\/es\/wp-json\/wp\/v2\/media\/168519"}],"wp:attachment":[{"href":"https:\/\/www.moskito.cz\/es\/wp-json\/wp\/v2\/media?parent=168518"}],"wp:term":[{"taxonomy":"pwb-brand","embeddable":true,"href":"https:\/\/www.moskito.cz\/es\/wp-json\/wp\/v2\/pwb-brand?post=168518"},{"taxonomy":"product_brand","embeddable":true,"href":"https:\/\/www.moskito.cz\/es\/wp-json\/wp\/v2\/product_brand?post=168518"},{"taxonomy":"product_cat","embeddable":true,"href":"https:\/\/www.moskito.cz\/es\/wp-json\/wp\/v2\/product_cat?post=168518"},{"taxonomy":"product_tag","embeddable":true,"href":"https:\/\/www.moskito.cz\/es\/wp-json\/wp\/v2\/product_tag?post=168518"}],"curies":[{"name":"wp","href":"https:\/\/api.w.org\/{rel}","templated":true}]}}