{"id":168535,"date":"2020-06-05T13:38:22","date_gmt":"2020-06-05T12:38:22","guid":{"rendered":"https:\/\/www.moskito.cz\/?post_type=product&#038;p=168535"},"modified":"2025-07-11T07:51:30","modified_gmt":"2025-07-11T06:51:30","slug":"zaviraci-nuz-victorinox-forester-0-8361-mc","status":"publish","type":"product","link":"https:\/\/www.moskito.cz\/es\/produkt\/zaviraci-nuz-victorinox-forester-0-8361-mc\/","title":{"rendered":"Zav\u00edrac\u00ed n\u016f\u017e Victorinox Forester 0.8361.MC"},"content":{"rendered":"<p>Zav\u00edrac\u00ed n\u016f\u017e Victorinox Forester 0.8361.MC.<\/p>\n<p>\u0160v\u00fdcarsk\u00e1 spole\u010dnost\u00a0<strong>Victorinox<\/strong>\u00a0je nejv\u011bt\u0161\u00edm v\u00fdrobcem no\u017e\u016f v Evrop\u011b. V Ibachu se ka\u017ed\u00fd den vyrob\u00ed a\u017e 34 000 \u201e\u0161v\u00fdcarsk\u00fdch d\u016fstojnick\u00fdch no\u017e\u016f\u201c, 38 000 jin\u00fdch kus\u016f kapesn\u00edho n\u00e1\u010din\u00ed a tak\u00e9 30 000 no\u017e\u016f do dom\u00e1cnost\u00ed \u010di pro v\u00fdkon nejr\u016fzn\u011bj\u0161\u00edch povol\u00e1n\u00ed.\u00a0<strong>Victorinox<\/strong>\u00a0v\u0161ak nejsou jen kapesn\u00ed no\u017ee. Py\u0161nit se m\u016f\u017ee vysokou kvalitou cestovn\u00edch zavazadel, kuchy\u0148sk\u00fdch no\u017e\u016f a \u010di parf\u00e9m\u016f. Ve sv\u00e9m odv\u011btv\u00ed m\u00e1\u00a0<strong>Victorinox<\/strong>, d\u00edky \u0161v\u00fdcarsk\u00e9 preciznosti a kvalit\u011b, v\u00fdsostn\u00ed postaven\u00ed.<\/p>\n<div>\n<div id=\"productDetailBottomText\" class=\"rounded\">\n<p>Kapesn\u00ed n\u016f\u017e o velikosti 111 mm s odtla\u010dnou pojistkou \u010depele. Po\u010det funkc\u00ed 12.<\/p>\n<p>Rozm\u011bry (d\u00e9lka x \u0161\u00ed\u0159ka x v\u00fd\u0161ka): 111 x 35 x 13<br \/>\nHmotnost: 13 g<br \/>\nvelk\u00fd zav\u00edrac\u00ed n\u016f\u017e<br \/>\nv\u00fdvrtka<br \/>\notv\u00edr\u00e1k na konzervy s<br \/>\nmal\u00fdm \u0161roubov\u00e1kem<br \/>\notv\u00edr\u00e1k na l\u00e1hve se<br \/>\n\u0161roubov\u00e1kem<br \/>\nodstra\u0148ova\u010dem izolace z dr\u00e1t\u016f<br \/>\nv\u00fdstru\u017en\u00edk, pr\u016fbojn\u00edk<br \/>\nnerezov\u00fd krou\u017eek na kl\u00ed\u010de<br \/>\npinzeta<br \/>\np\u00e1r\u00e1tko<br \/>\npilka na d\u0159evo<\/p>\n<\/div>\n<\/div>\n","protected":false},"excerpt":{"rendered":"<p>\u0160v\u00fdcarsk\u00fd kapesn\u00ed n\u016f\u017e o velikosti 111 mm. Po\u010det funkc\u00ed 10. S rovn\u00fdm ost\u0159\u00edm, rychlootev\u00edrac\u00edm o\u010dkem, pilkou, \u0161roubov\u00e1kem, protiskluzov\u00fdm povrchem a odtla\u010dnou pojistkou \u010depele. Barva \u010derven\u00e1 a \u010dern\u00e1.<\/p>\n","protected":false},"featured_media":204763,"comment_status":"open","ping_status":"closed","template":"","meta":[],"pwb-brand":[1175],"product_brand":[],"product_cat":[22,17],"product_tag":[],"class_list":{"0":"post-168535","1":"product","2":"type-product","3":"status-publish","4":"has-post-thumbnail","6":"pwb-brand-victorinox","7":"product_cat-zaviraci-noze","8":"product_cat-noze","10":"first","11":"outofstock","12":"taxable","13":"shipping-taxable","14":"purchasable","15":"product-type-simple"},"brands":[{"id":1175,"name":"Victorinox","slug":"victorinox"}],"_links":{"self":[{"href":"https:\/\/www.moskito.cz\/es\/wp-json\/wp\/v2\/product\/168535","targetHints":{"allow":["GET"]}}],"collection":[{"href":"https:\/\/www.moskito.cz\/es\/wp-json\/wp\/v2\/product"}],"about":[{"href":"https:\/\/www.moskito.cz\/es\/wp-json\/wp\/v2\/types\/product"}],"replies":[{"embeddable":true,"href":"https:\/\/www.moskito.cz\/es\/wp-json\/wp\/v2\/comments?post=168535"}],"wp:featuredmedia":[{"embeddable":true,"href":"https:\/\/www.moskito.cz\/es\/wp-json\/wp\/v2\/media\/204763"}],"wp:attachment":[{"href":"https:\/\/www.moskito.cz\/es\/wp-json\/wp\/v2\/media?parent=168535"}],"wp:term":[{"taxonomy":"pwb-brand","embeddable":true,"href":"https:\/\/www.moskito.cz\/es\/wp-json\/wp\/v2\/pwb-brand?post=168535"},{"taxonomy":"product_brand","embeddable":true,"href":"https:\/\/www.moskito.cz\/es\/wp-json\/wp\/v2\/product_brand?post=168535"},{"taxonomy":"product_cat","embeddable":true,"href":"https:\/\/www.moskito.cz\/es\/wp-json\/wp\/v2\/product_cat?post=168535"},{"taxonomy":"product_tag","embeddable":true,"href":"https:\/\/www.moskito.cz\/es\/wp-json\/wp\/v2\/product_tag?post=168535"}],"curies":[{"name":"wp","href":"https:\/\/api.w.org\/{rel}","templated":true}]}}