{"id":168587,"date":"2020-06-09T11:51:35","date_gmt":"2020-06-09T10:51:35","guid":{"rendered":"https:\/\/www.moskito.cz\/?post_type=product&#038;p=168587"},"modified":"2026-04-24T17:41:37","modified_gmt":"2026-04-24T16:41:37","slug":"vychazkova-hul-wolf-cane","status":"publish","type":"product","link":"https:\/\/www.moskito.cz\/es\/produkt\/vychazkova-hul-wolf-cane\/","title":{"rendered":"Vych\u00e1zkov\u00e1 H\u016fl Wolf Cane"},"content":{"rendered":"<p>Vych\u00e1zkov\u00e1 H\u016fl Wolf Cane.<\/p>\n<p>H\u016fl se skryt\u00fdm rap\u00edrem<br \/>\nCelkov\u00e1 d\u00e9lka: 89 cm<br \/>\nMateri\u00e1l ocel: nerez \u010depel<br \/>\nMateri\u00e1l rukoje\u0165: st\u0159\u00edbrn\u00e9 lit\u00e9 kovov\u00e9 madlo ve tvaru hlavy vlka<br \/>\nH\u016fl: \u010dern\u00e1 ocel s gumovou \u0161pi\u010dkou<\/p>\n","protected":false},"excerpt":{"rendered":"<p>H\u016fl s rap\u00edrem.<\/p>\n","protected":false},"featured_media":168588,"comment_status":"open","ping_status":"closed","template":"","meta":[],"pwb-brand":[131],"product_brand":[],"product_cat":[24,1942],"product_tag":[],"class_list":{"0":"post-168587","1":"product","2":"type-product","3":"status-publish","4":"has-post-thumbnail","6":"pwb-brand-pakistan","7":"product_cat-katany-a-mece","8":"product_cat-mece-dyky-repliky","10":"first","11":"outofstock","12":"taxable","13":"shipping-taxable","14":"purchasable","15":"product-type-simple"},"brands":[{"id":131,"name":"Pakistan","slug":"pakistan"}],"_links":{"self":[{"href":"https:\/\/www.moskito.cz\/es\/wp-json\/wp\/v2\/product\/168587","targetHints":{"allow":["GET"]}}],"collection":[{"href":"https:\/\/www.moskito.cz\/es\/wp-json\/wp\/v2\/product"}],"about":[{"href":"https:\/\/www.moskito.cz\/es\/wp-json\/wp\/v2\/types\/product"}],"replies":[{"embeddable":true,"href":"https:\/\/www.moskito.cz\/es\/wp-json\/wp\/v2\/comments?post=168587"}],"wp:featuredmedia":[{"embeddable":true,"href":"https:\/\/www.moskito.cz\/es\/wp-json\/wp\/v2\/media\/168588"}],"wp:attachment":[{"href":"https:\/\/www.moskito.cz\/es\/wp-json\/wp\/v2\/media?parent=168587"}],"wp:term":[{"taxonomy":"pwb-brand","embeddable":true,"href":"https:\/\/www.moskito.cz\/es\/wp-json\/wp\/v2\/pwb-brand?post=168587"},{"taxonomy":"product_brand","embeddable":true,"href":"https:\/\/www.moskito.cz\/es\/wp-json\/wp\/v2\/product_brand?post=168587"},{"taxonomy":"product_cat","embeddable":true,"href":"https:\/\/www.moskito.cz\/es\/wp-json\/wp\/v2\/product_cat?post=168587"},{"taxonomy":"product_tag","embeddable":true,"href":"https:\/\/www.moskito.cz\/es\/wp-json\/wp\/v2\/product_tag?post=168587"}],"curies":[{"name":"wp","href":"https:\/\/api.w.org\/{rel}","templated":true}]}}