{"id":168675,"date":"2020-06-15T19:59:45","date_gmt":"2020-06-15T18:59:45","guid":{"rendered":"https:\/\/www.moskito.cz\/?post_type=product&#038;p=168675"},"modified":"2025-07-11T07:51:35","modified_gmt":"2025-07-11T06:51:35","slug":"zaviraci-nuz-rescue-wood","status":"publish","type":"product","link":"https:\/\/www.moskito.cz\/es\/produkt\/zaviraci-nuz-rescue-wood\/","title":{"rendered":"Zav\u00edrac\u00ed N\u016f\u017e Rescue Wood"},"content":{"rendered":"<p>Zav\u00edrac\u00ed N\u016f\u017e Rescue Wood.<\/p>\n<p>N\u016f\u017e m\u00e1 asistovan\u00e9 otev\u00edr\u00e1n\u00ed.D\u00e9lka zav\u0159en\u00e9ho no\u017ee je 12cm. D\u00e9lka polozubat\u00e9ho ost\u0159\u00ed je 9 cm.\u00a0 N\u016f\u017e m\u00e1 \u010dernou povrchovou \u00fapravu, rozb\u00edje\u010d skla, \u0159eza\u010dku bezpe\u010dnostn\u00edch p\u00e1s\u016f a kapen\u00ed klip.<\/p>\n<p>&nbsp;<\/p>\n<p>&nbsp;<\/p>\n","protected":false},"excerpt":{"rendered":"<p>N\u016f\u017e s pojistkou.<\/p>\n","protected":false},"featured_media":168676,"comment_status":"open","ping_status":"closed","template":"","meta":[],"pwb-brand":[416],"product_brand":[],"product_cat":[22,17],"product_tag":[],"class_list":{"0":"post-168675","1":"product","2":"type-product","3":"status-publish","4":"has-post-thumbnail","6":"pwb-brand-mtech","7":"product_cat-zaviraci-noze","8":"product_cat-noze","10":"first","11":"outofstock","12":"taxable","13":"shipping-taxable","14":"purchasable","15":"product-type-simple"},"brands":[{"id":416,"name":"MTech","slug":"mtech"}],"_links":{"self":[{"href":"https:\/\/www.moskito.cz\/es\/wp-json\/wp\/v2\/product\/168675","targetHints":{"allow":["GET"]}}],"collection":[{"href":"https:\/\/www.moskito.cz\/es\/wp-json\/wp\/v2\/product"}],"about":[{"href":"https:\/\/www.moskito.cz\/es\/wp-json\/wp\/v2\/types\/product"}],"replies":[{"embeddable":true,"href":"https:\/\/www.moskito.cz\/es\/wp-json\/wp\/v2\/comments?post=168675"}],"wp:featuredmedia":[{"embeddable":true,"href":"https:\/\/www.moskito.cz\/es\/wp-json\/wp\/v2\/media\/168676"}],"wp:attachment":[{"href":"https:\/\/www.moskito.cz\/es\/wp-json\/wp\/v2\/media?parent=168675"}],"wp:term":[{"taxonomy":"pwb-brand","embeddable":true,"href":"https:\/\/www.moskito.cz\/es\/wp-json\/wp\/v2\/pwb-brand?post=168675"},{"taxonomy":"product_brand","embeddable":true,"href":"https:\/\/www.moskito.cz\/es\/wp-json\/wp\/v2\/product_brand?post=168675"},{"taxonomy":"product_cat","embeddable":true,"href":"https:\/\/www.moskito.cz\/es\/wp-json\/wp\/v2\/product_cat?post=168675"},{"taxonomy":"product_tag","embeddable":true,"href":"https:\/\/www.moskito.cz\/es\/wp-json\/wp\/v2\/product_tag?post=168675"}],"curies":[{"name":"wp","href":"https:\/\/api.w.org\/{rel}","templated":true}]}}