{"id":169499,"date":"2020-08-31T18:58:43","date_gmt":"2020-08-31T17:58:43","guid":{"rendered":"https:\/\/www.moskito.cz\/?post_type=product&#038;p=169499"},"modified":"2025-07-11T07:52:10","modified_gmt":"2025-07-11T06:52:10","slug":"vystrelovaci-nuz-microtech-ultrarech-122-12-ap","status":"publish","type":"product","link":"https:\/\/www.moskito.cz\/es\/produkt\/vystrelovaci-nuz-microtech-ultrarech-122-12-ap\/","title":{"rendered":"Vyst\u0159elovac\u00ed N\u016f\u017e Microtech Ultrarech 122-12 AP"},"content":{"rendered":"<p>Vyst\u0159elovac\u00ed N\u016f\u017e<strong> Microtech<\/strong> Ultrarech 122-12 AP.<br \/>\nV pr\u016fb\u011bhu let <strong>Microtech\u00ae Knives<\/strong> naplnil v\u00e1\u0161n\u00ed a dovednost\u00ed v\u00fdrobu no\u017e\u016f, a\u017e z nich vytvo\u0159il t\u00e9m\u011b\u0159 um\u011bleck\u00e1 d\u00edla,<br \/>\nkter\u00e9 jsou vrcholem funk\u010dnosti. I nad\u00e1le posouv\u00e1 hranice a zlep\u0161uje to,<br \/>\nco ji\u017e v\u00ed, \u017ee funguje. V roce 2020 se <strong>Microtech\u00ae Knives<\/strong> rozrostl na p\u0159edn\u00ed no\u017e\u00ed\u0159skou<br \/>\nzna\u010dku, kter\u00e1 se neust\u00e1le vyv\u00edj\u00ed a pohybuje vp\u0159ed pomoc\u00ed nejnov\u011bj\u0161\u00edch technologi\u00ed,<br \/>\nstarod\u00e1vn\u00fdch z\u00e1sad p\u0159i v\u00fdrob\u011b \u010depel\u00ed a maxim\u00e1ln\u00edho testov\u00e1n\u00ed v ter\u00e9nu, tak aby nekompromitovali kvalitu.<\/p>\n<p>Z p\u0159edu vyst\u0159elovac\u00ed n\u016f\u017e.<\/p>\n<p>Vyst\u0159elovac\u00ed N\u016f\u017e <strong>Microtech<\/strong> Ultrarech 122-12 AP je vybaven klasickou \u010depel\u00ed. N\u016f\u017e m\u00e1 tvarovanou hlin\u00edkovou rukoje\u0165 z eloxovan\u00e9ho hlin\u00edku 6061-T6 a nerezovou v\u00fdztuhu.<\/p>\n<p>Microtech vybavil tuto verzi st\u00e1le popul\u00e1rn\u00edho Ultratech D \/ A OTF n\u016f\u017e s hladk\u00fdm konturovan\u00fdm designem rukojeti, kter\u00fd zvy\u0161uje komfort p\u0159i pou\u017e\u00edv\u00e1n\u00ed. Tento aktualizovan\u00fd model poskytuje stejn\u00e9 rozm\u011bry, ale padne jednodu\u0161eji do ruky a do kapsy.<\/p>\n<p>Pro ty, kte\u0159\u00ed nejsou obezn\u00e1meni s technologi\u00ed Ultratech, je to pln\u011b automatick\u00fd n\u016f\u017e s dvojit\u00fdm mechanismem mimo p\u0159edn\u00ed stranu, co\u017e znamen\u00e1, \u017ee \u010depel se pomoc\u00ed palce se sklop\u00ed a zasune. N\u016f\u017e Ultratech spole\u010dnosti Microtech nastavil la\u0165ku pro v\u0161echny no\u017ee OTF.<\/p>\n<p>Celkov\u00e1 d\u00e9lka: 22 cm<br \/>\nD\u00e9lka \u010depele: 8.6 cm<br \/>\nTlou\u0161\u0165ka \u010depele: 0,33 cm<br \/>\nMateri\u00e1l \u010depele: M390<br \/>\nStyl \u010depel\u00ed: Drop Point<br \/>\nB\u0159itov\u00e9 desti\u010dky: Ploch\u00e9<br \/>\nTyp okraje: oby\u010dejn\u00fd<br \/>\nMateri\u00e1l rukojeti: hlin\u00edk<br \/>\n\u010cern\u00e1 barva<br \/>\nHmotnost: 3,60 oz.<br \/>\nU\u017eivatel: Prav\u00e1 ruka<br \/>\nPocket Clip: Tip-Down<br \/>\nTyp no\u017ee: Double-Action OTF Automatic<br \/>\nOtv\u00edra\u010d: Thumb Slide<br \/>\nZna\u010dka: Microtech<br \/>\nModel: Ultratech<br \/>\n\u010c\u00edslo modelu: 122-12 AP<br \/>\nZem\u011b p\u016fvodu: USA<br \/>\nNejlep\u0161\u00ed pou\u017eit\u00ed: Ka\u017edodenn\u00ed<\/p>\n<p><iframe title=\"Microtech Combat Troodon Torture Test\" width=\"800\" height=\"450\" src=\"https:\/\/www.youtube.com\/embed\/xE9TeOFYEjg?feature=oembed\" frameborder=\"0\" allow=\"accelerometer; autoplay; clipboard-write; encrypted-media; gyroscope; picture-in-picture; web-share\" allowfullscreen><\/iframe><\/p>\n<p>&nbsp;<\/p>\n","protected":false},"excerpt":{"rendered":"<p>V pr\u016fb\u011bhu let <strong>Microtech\u00ae Knives<\/strong> naplnil v\u00e1\u0161n\u00ed a dovednost\u00ed v\u00fdrobu no\u017e\u016f, a\u017e z nich vytvo\u0159il t\u00e9m\u011b\u0159 um\u011bleck\u00e1 d\u00edla,kter\u00e9 jsou vrcholem funk\u010dnosti.V\u0161echny d\u00edly jsou vyrodeny v USA.<br \/>\n<strong>Na v\u0161echny no\u017ee Microtech je do\u017eivotn\u00ed z\u00e1ruka.<\/strong><\/p>\n","protected":false},"featured_media":177295,"comment_status":"open","ping_status":"closed","template":"","meta":[],"pwb-brand":[431],"product_brand":[],"product_cat":[2019,17],"product_tag":[3667],"class_list":{"0":"post-169499","1":"product","2":"type-product","3":"status-publish","4":"has-post-thumbnail","6":"pwb-brand-microtech","7":"product_cat-vystrelovaci-noze","8":"product_cat-noze","9":"product_tag-b2b","11":"first","12":"outofstock","13":"taxable","14":"shipping-taxable","15":"purchasable","16":"product-type-simple"},"brands":[{"id":431,"name":"Microtech","slug":"microtech"}],"_links":{"self":[{"href":"https:\/\/www.moskito.cz\/es\/wp-json\/wp\/v2\/product\/169499","targetHints":{"allow":["GET"]}}],"collection":[{"href":"https:\/\/www.moskito.cz\/es\/wp-json\/wp\/v2\/product"}],"about":[{"href":"https:\/\/www.moskito.cz\/es\/wp-json\/wp\/v2\/types\/product"}],"replies":[{"embeddable":true,"href":"https:\/\/www.moskito.cz\/es\/wp-json\/wp\/v2\/comments?post=169499"}],"wp:featuredmedia":[{"embeddable":true,"href":"https:\/\/www.moskito.cz\/es\/wp-json\/wp\/v2\/media\/177295"}],"wp:attachment":[{"href":"https:\/\/www.moskito.cz\/es\/wp-json\/wp\/v2\/media?parent=169499"}],"wp:term":[{"taxonomy":"pwb-brand","embeddable":true,"href":"https:\/\/www.moskito.cz\/es\/wp-json\/wp\/v2\/pwb-brand?post=169499"},{"taxonomy":"product_brand","embeddable":true,"href":"https:\/\/www.moskito.cz\/es\/wp-json\/wp\/v2\/product_brand?post=169499"},{"taxonomy":"product_cat","embeddable":true,"href":"https:\/\/www.moskito.cz\/es\/wp-json\/wp\/v2\/product_cat?post=169499"},{"taxonomy":"product_tag","embeddable":true,"href":"https:\/\/www.moskito.cz\/es\/wp-json\/wp\/v2\/product_tag?post=169499"}],"curies":[{"name":"wp","href":"https:\/\/api.w.org\/{rel}","templated":true}]}}