{"id":169660,"date":"2020-09-15T20:02:42","date_gmt":"2020-09-15T19:02:42","guid":{"rendered":"https:\/\/www.moskito.cz\/?post_type=product&#038;p=169660"},"modified":"2025-08-23T13:01:29","modified_gmt":"2025-08-23T12:01:29","slug":"sportovni-bio-vyziva-carbohydrate-1kg","status":"publish","type":"product","link":"https:\/\/www.moskito.cz\/es\/produkt\/sportovni-bio-vyziva-carbohydrate-1kg\/","title":{"rendered":"Bio Carbohydrate 1kg."},"content":{"rendered":"<h1 data-start=\"99\" data-end=\"183\"><strong data-start=\"101\" data-end=\"181\">Bio Carbohydrate 1 kg \u2013 komplexn\u00ed dopln\u011bk energie a regenerace pro sportovce<\/strong><\/h1>\n<p data-start=\"185\" data-end=\"556\"><strong data-start=\"185\" data-end=\"222\">Fights Star Bio Carbohydrate 1 kg<\/strong> je pr\u00e9miov\u00fd dopln\u011bk stravy ur\u010den\u00fd pro v\u0161echny sportovce, kte\u0159\u00ed cht\u011bj\u00ed rychle doplnit energii po tr\u00e9ninku, regenerovat svaly a chr\u00e1nit svalovou hmotu p\u0159ed devastac\u00ed zp\u016fsobenou fyzickou z\u00e1t\u011b\u017e\u00ed. D\u00edky lisov\u00e1n\u00ed za studena p\u0159i teplot\u00e1ch do 40 \u00b0C z\u016fst\u00e1vaj\u00ed zachov\u00e1ny v\u0161echny p\u0159\u00edrodn\u00ed l\u00e1tky s vysokou stravitelnost\u00ed a biologickou hodnotou.<\/p>\n<p data-start=\"558\" data-end=\"702\">V\u00fdrobek je pln\u011bn v O\u2083 atmosf\u00e9\u0159e, tak\u017ee <strong data-start=\"597\" data-end=\"629\">neobsahuje \u017e\u00e1dn\u00e9 konzervanty<\/strong>, chemick\u00e1 barviva, aditiva, plniva, aromata, emulg\u00e1tory ani b\u00edl\u00fd cukr.<\/p>\n<hr data-start=\"704\" data-end=\"707\" \/>\n<h2 data-start=\"709\" data-end=\"743\"><strong data-start=\"712\" data-end=\"741\">Charakteristika a slo\u017een\u00ed<\/strong><\/h2>\n<p data-start=\"745\" data-end=\"1046\">Bio Carbohydrate obsahuje <strong data-start=\"771\" data-end=\"792\">7 druh\u016f sacharid\u016f<\/strong> \u2013 malt\u00f3zu, dextr\u00f3zu, frukt\u00f3zu, gluk\u00f3zu, galakt\u00f3zu, cukr\u00f3zu a \u0161krobov\u00fd cukr \u2013 co\u017e zaji\u0161\u0165uje <strong data-start=\"884\" data-end=\"914\">komplexn\u00ed dopln\u011bn\u00ed energie<\/strong> od rychl\u00fdch p\u0159es st\u0159edn\u00ed a\u017e po pomal\u00e9 sacharidy. D\u00edky tomu t\u011blo z\u00edsk\u00e1 pot\u0159ebnou energii b\u011bhem cel\u00e9ho tr\u00e9ninku a po jeho skon\u010den\u00ed.<\/p>\n<p data-start=\"1048\" data-end=\"1196\">Sou\u010d\u00e1st\u00ed sm\u011bsi je tak\u00e9 <strong data-start=\"1071\" data-end=\"1103\">19 % \u010dty\u0159slo\u017ekov\u00e9ho proteinu<\/strong> (syrov\u00e1tkov\u00fd, vaje\u010dn\u00fd, obiln\u00fd a sojov\u00fd), kter\u00fd podporuje regeneraci sval\u016f a jejich n\u00e1r\u016fst.<\/p>\n<p data-start=\"1198\" data-end=\"1290\">Kombinace <strong data-start=\"1208\" data-end=\"1231\">vitam\u00edn\u016f a miner\u00e1l\u016f<\/strong> zaji\u0161\u0165uje optim\u00e1ln\u00ed v\u00fd\u017eivu p\u0159i zv\u00fd\u0161en\u00e9 fyzick\u00e9 aktivit\u011b:<\/p>\n<ul data-start=\"1291\" data-end=\"1402\">\n<li data-start=\"1291\" data-end=\"1347\">\n<p data-start=\"1293\" data-end=\"1347\"><strong data-start=\"1293\" data-end=\"1306\">Vitam\u00edny:<\/strong> A, B1, B2, B3, B6, B12, C, D, D3, E, K<\/p>\n<\/li>\n<li data-start=\"1348\" data-end=\"1402\">\n<p data-start=\"1350\" data-end=\"1402\"><strong data-start=\"1350\" data-end=\"1363\">Miner\u00e1ly:<\/strong> Ca, Fe, Mg, P, K, Na, Zn, Cu, Mn, Se<\/p>\n<\/li>\n<\/ul>\n<hr data-start=\"1404\" data-end=\"1407\" \/>\n<h2 data-start=\"1409\" data-end=\"1433\"><strong data-start=\"1412\" data-end=\"1431\">Hlavn\u00ed benefity<\/strong><\/h2>\n<ul data-start=\"1435\" data-end=\"1924\">\n<li data-start=\"1435\" data-end=\"1528\">\n<p data-start=\"1437\" data-end=\"1528\"><strong data-start=\"1437\" data-end=\"1470\">Rychl\u00e1 regenerace po tr\u00e9ninku<\/strong> \u2013 dopln\u011bn\u00ed sp\u00e1len\u00fdch sacharid\u016f a ochrana svalov\u00e9 hmoty.<\/p>\n<\/li>\n<li data-start=\"1529\" data-end=\"1609\">\n<p data-start=\"1531\" data-end=\"1609\"><strong data-start=\"1531\" data-end=\"1561\">Plynul\u00e9 uvol\u0148ov\u00e1n\u00ed energie<\/strong> d\u00edky kombinaci rychl\u00fdch i pomal\u00fdch sacharid\u016f.<\/p>\n<\/li>\n<li data-start=\"1610\" data-end=\"1685\">\n<p data-start=\"1612\" data-end=\"1685\"><strong data-start=\"1612\" data-end=\"1635\">Podpora r\u016fstu sval\u016f<\/strong> d\u00edky obsahu kvalitn\u00edho \u010dty\u0159slo\u017ekov\u00e9ho proteinu.<\/p>\n<\/li>\n<li data-start=\"1686\" data-end=\"1810\">\n<p data-start=\"1688\" data-end=\"1810\"><strong data-start=\"1688\" data-end=\"1718\">Komplexn\u00ed v\u00fd\u017eiva organismu<\/strong> \u2013 vitam\u00edny a miner\u00e1ly dopl\u0148uj\u00ed z\u00e1soby, kter\u00e9 se vy\u010derp\u00e1vaj\u00ed p\u0159i n\u00e1ro\u010dn\u00e9 fyzick\u00e9 aktivit\u011b.<\/p>\n<\/li>\n<li data-start=\"1811\" data-end=\"1924\">\n<p data-start=\"1813\" data-end=\"1924\"><strong data-start=\"1813\" data-end=\"1846\">Podpora tr\u00e1ven\u00ed a vst\u0159eb\u00e1v\u00e1n\u00ed<\/strong> \u2013 vyv\u00e1\u017een\u00e1 sm\u011bs je \u0161etrn\u00e1 k \u017ealudku a zaji\u0161\u0165uje postupn\u00e9 vst\u0159eb\u00e1v\u00e1n\u00ed \u017eivin.<\/p>\n<\/li>\n<\/ul>\n<hr data-start=\"1926\" data-end=\"1929\" \/>\n<h2 data-start=\"1931\" data-end=\"1967\"><strong data-start=\"1934\" data-end=\"1965\">Nutri\u010dn\u00ed hodnoty (na 100 g)<\/strong><\/h2>\n<ul data-start=\"1969\" data-end=\"2078\">\n<li data-start=\"1969\" data-end=\"1994\">\n<p data-start=\"1971\" data-end=\"1994\"><strong data-start=\"1971\" data-end=\"1985\">B\u00edlkoviny:<\/strong> 16,9 g<\/p>\n<\/li>\n<li data-start=\"1995\" data-end=\"2035\">\n<p data-start=\"1997\" data-end=\"2035\"><strong data-start=\"1997\" data-end=\"2026\">Sacharidy (z toho cukry):<\/strong> 75,3 g<\/p>\n<\/li>\n<li data-start=\"2036\" data-end=\"2054\">\n<p data-start=\"2038\" data-end=\"2054\"><strong data-start=\"2038\" data-end=\"2046\">Tuk:<\/strong> 1,2 g<\/p>\n<\/li>\n<li data-start=\"2055\" data-end=\"2078\">\n<p data-start=\"2057\" data-end=\"2078\"><strong data-start=\"2057\" data-end=\"2070\">Vl\u00e1knina:<\/strong> 3,4 g<\/p>\n<\/li>\n<\/ul>\n<hr data-start=\"2080\" data-end=\"2083\" \/>\n<h2 data-start=\"2085\" data-end=\"2117\"><strong data-start=\"2088\" data-end=\"2115\">Upozorn\u011bn\u00ed a skladov\u00e1n\u00ed<\/strong><\/h2>\n<ul data-start=\"2119\" data-end=\"2446\">\n<li data-start=\"2119\" data-end=\"2164\">\n<p data-start=\"2121\" data-end=\"2164\">Nep\u0159ekra\u010dujte doporu\u010den\u00e9 denn\u00ed d\u00e1vkov\u00e1n\u00ed.<\/p>\n<\/li>\n<li data-start=\"2165\" data-end=\"2197\">\n<p data-start=\"2167\" data-end=\"2197\">Nen\u00ed n\u00e1hradou pestr\u00e9 stravy.<\/p>\n<\/li>\n<li data-start=\"2198\" data-end=\"2243\">\n<p data-start=\"2200\" data-end=\"2243\">Nevhodn\u00e9 pro d\u011bti, t\u011bhotn\u00e9 a koj\u00edc\u00ed \u017eeny.<\/p>\n<\/li>\n<li data-start=\"2244\" data-end=\"2294\">\n<p data-start=\"2246\" data-end=\"2294\">Uchov\u00e1vejte v suchu a chladu, mimo dosah d\u011bt\u00ed.<\/p>\n<\/li>\n<li data-start=\"2295\" data-end=\"2337\">\n<p data-start=\"2297\" data-end=\"2337\">Nevystavujte p\u0159\u00edm\u00e9mu slunci ani mrazu.<\/p>\n<\/li>\n<li data-start=\"2338\" data-end=\"2378\">\n<p data-start=\"2340\" data-end=\"2378\">Po otev\u0159en\u00ed spot\u0159ebujte do 3 m\u011bs\u00edc\u016f.<\/p>\n<\/li>\n<li data-start=\"2379\" data-end=\"2446\">\n<p data-start=\"2381\" data-end=\"2446\">Minim\u00e1ln\u00ed doba pou\u017eitelnosti p\u0159i dodr\u017een\u00ed optim\u00e1ln\u00edch podm\u00ednek.<\/p>\n<\/li>\n<\/ul>\n<hr data-start=\"2448\" data-end=\"2451\" \/>\n<h2 data-start=\"2453\" data-end=\"2480\"><strong data-start=\"2456\" data-end=\"2478\">Pro\u010d si ho obl\u00edb\u00ed\u0161<\/strong><\/h2>\n<p data-start=\"2482\" data-end=\"2803\">Bio Carbohydrate 1 kg je ide\u00e1ln\u00ed volbou pro ka\u017ed\u00e9ho, kdo chce <strong data-start=\"2544\" data-end=\"2607\">rychle doplnit energii, podpo\u0159it regeneraci a chr\u00e1nit svaly<\/strong>. Perfektn\u011b kombinuje rychl\u00e9 a pomal\u00e9 sacharidy, kvalitn\u00ed proteiny a nezbytn\u00e9 vitam\u00edny a miner\u00e1ly. V\u00fdsledkem je vy\u0161\u0161\u00ed v\u00fdkon, rychlej\u0161\u00ed regenerace a celkov\u00e1 podpora t\u011bla p\u0159i intenzivn\u00edm tr\u00e9ninku.<\/p>\n<hr data-start=\"2805\" data-end=\"2808\" \/>\n<h2 data-start=\"2810\" data-end=\"2838\"><strong data-start=\"2813\" data-end=\"2836\">Z\u00e1v\u011bre\u010dn\u00e9 hodnocen\u00ed<\/strong><\/h2>\n<p data-start=\"2840\" data-end=\"3135\"><strong data-start=\"2840\" data-end=\"2865\">Bio Carbohydrate 1 kg<\/strong> je v\u00edc ne\u017e oby\u010dejn\u00fd sacharidov\u00fd dopln\u011bk \u2013 je to <strong data-start=\"2914\" data-end=\"2980\">komplexn\u00ed v\u00fd\u017eiva pro energetickou a svalovou podporu sportovc\u016f<\/strong>. Pokud chce\u0161 maximalizovat v\u00fdkon, chr\u00e1nit svalovou hmotu a urychlit regeneraci, tento produkt se stane nepostradateln\u00fdm spole\u010dn\u00edkem p\u0159i ka\u017ed\u00e9m tr\u00e9ninku.<\/p>\n<hr data-start=\"3137\" data-end=\"3140\" \/>\n","protected":false},"excerpt":{"rendered":"<p><strong>Bio Carbohydrate 1 kg je v\u00edc ne\u017e oby\u010dejn\u00fd sacharidov\u00fd dopln\u011bk \u2013 je to komplexn\u00ed v\u00fd\u017eiva pro energetickou a svalovou podporu sportovc\u016f. Pokud chce\u0161 maximalizovat v\u00fdkon, chr\u00e1nit svalovou hmotu a urychlit regeneraci, tento produkt se stane nepostradateln\u00fdm spole\u010dn\u00edkem p\u0159i ka\u017ed\u00e9m tr\u00e9ninku.<\/strong><\/p>\n","protected":false},"featured_media":169661,"comment_status":"open","ping_status":"closed","template":"","meta":[],"pwb-brand":[2059],"product_brand":[],"product_cat":[2060],"product_tag":[],"class_list":{"0":"post-169660","1":"product","2":"type-product","3":"status-publish","4":"has-post-thumbnail","6":"pwb-brand-fights-star","7":"product_cat-bio-protein","9":"first","10":"instock","11":"taxable","12":"shipping-taxable","13":"purchasable","14":"product-type-simple"},"brands":[{"id":2059,"name":"Fights Star","slug":"fights-star"}],"_links":{"self":[{"href":"https:\/\/www.moskito.cz\/es\/wp-json\/wp\/v2\/product\/169660","targetHints":{"allow":["GET"]}}],"collection":[{"href":"https:\/\/www.moskito.cz\/es\/wp-json\/wp\/v2\/product"}],"about":[{"href":"https:\/\/www.moskito.cz\/es\/wp-json\/wp\/v2\/types\/product"}],"replies":[{"embeddable":true,"href":"https:\/\/www.moskito.cz\/es\/wp-json\/wp\/v2\/comments?post=169660"}],"wp:featuredmedia":[{"embeddable":true,"href":"https:\/\/www.moskito.cz\/es\/wp-json\/wp\/v2\/media\/169661"}],"wp:attachment":[{"href":"https:\/\/www.moskito.cz\/es\/wp-json\/wp\/v2\/media?parent=169660"}],"wp:term":[{"taxonomy":"pwb-brand","embeddable":true,"href":"https:\/\/www.moskito.cz\/es\/wp-json\/wp\/v2\/pwb-brand?post=169660"},{"taxonomy":"product_brand","embeddable":true,"href":"https:\/\/www.moskito.cz\/es\/wp-json\/wp\/v2\/product_brand?post=169660"},{"taxonomy":"product_cat","embeddable":true,"href":"https:\/\/www.moskito.cz\/es\/wp-json\/wp\/v2\/product_cat?post=169660"},{"taxonomy":"product_tag","embeddable":true,"href":"https:\/\/www.moskito.cz\/es\/wp-json\/wp\/v2\/product_tag?post=169660"}],"curies":[{"name":"wp","href":"https:\/\/api.w.org\/{rel}","templated":true}]}}