{"id":169664,"date":"2020-09-15T20:17:36","date_gmt":"2020-09-15T19:17:36","guid":{"rendered":"https:\/\/www.moskito.cz\/?post_type=product&#038;p=169664"},"modified":"2025-08-23T12:58:56","modified_gmt":"2025-08-23T11:58:56","slug":"sportovni-bio-vyziva-protein-mix-1kg","status":"publish","type":"product","link":"https:\/\/www.moskito.cz\/es\/produkt\/sportovni-bio-vyziva-protein-mix-1kg\/","title":{"rendered":"Bio Protein MIX 1Kg."},"content":{"rendered":"<h1 data-start=\"103\" data-end=\"187\"><strong data-start=\"105\" data-end=\"185\">Bio Protein MIX 1 kg \u2013 komplexn\u00ed BIO protein pro r\u016fst sval\u016f a ochranu kloub\u016f<\/strong><\/h1>\n<p data-start=\"189\" data-end=\"533\"><strong data-start=\"189\" data-end=\"225\">Fights Star Bio Protein MIX 1 kg<\/strong> je pr\u00e9miov\u00fd dopln\u011bk stravy ur\u010den\u00fd pro sportovce, kte\u0159\u00ed vy\u017eaduj\u00ed nejen kvalitn\u00ed zdroj b\u00edlkovin, ale tak\u00e9 komplexn\u00ed podporu kloub\u016f, vazivov\u00e9ho apar\u00e1tu a celkov\u00e9 vitality. D\u00edky lisov\u00e1n\u00ed za studena p\u0159i teplot\u00e1ch do 40 \u00b0C si zachov\u00e1v\u00e1 v\u0161echny p\u0159irozen\u00e9 \u017eiviny s maxim\u00e1ln\u00ed stravitelnost\u00ed a biologickou hodnotou.<\/p>\n<p data-start=\"535\" data-end=\"784\">V\u00fdrobek je pln\u011bn v O\u2083 atmosf\u00e9\u0159e, tud\u00ed\u017e neobsahuje \u017e\u00e1dn\u00e9 konzervanty. Stejn\u011b tak v n\u011bm nenajde\u0161 chemicky vyroben\u00e9 l\u00e1tky, emulg\u00e1tory, stabiliz\u00e1tory, chemick\u00e1 barviva, aditiva, plniva, aromata ani b\u00edl\u00fd cukr. <strong data-start=\"740\" data-end=\"782\">\u010cist\u00e1 p\u0159\u00edrodn\u00ed s\u00edla, nic v\u00edc, nic m\u00ed\u0148.<\/strong><\/p>\n<hr data-start=\"786\" data-end=\"789\" \/>\n<h2 data-start=\"791\" data-end=\"825\"><strong data-start=\"794\" data-end=\"823\">Charakteristika a slo\u017een\u00ed<\/strong><\/h2>\n<ul data-start=\"827\" data-end=\"1211\">\n<li data-start=\"827\" data-end=\"855\">\n<p data-start=\"829\" data-end=\"855\"><strong data-start=\"829\" data-end=\"848\">Obsah b\u00edlkovin:<\/strong> 76 %<\/p>\n<\/li>\n<li data-start=\"856\" data-end=\"921\">\n<p data-start=\"858\" data-end=\"921\"><strong data-start=\"858\" data-end=\"880\">14 druh\u016f vitam\u00edn\u016f:<\/strong> A, B1, B2, B3, B6, B12, C, D, D3, E, K<\/p>\n<\/li>\n<li data-start=\"922\" data-end=\"985\">\n<p data-start=\"924\" data-end=\"985\"><strong data-start=\"924\" data-end=\"946\">10 druh\u016f miner\u00e1l\u016f:<\/strong> Ca, Fe, Mg, P, K, Na, Zn, Cu, Mn, Se<\/p>\n<\/li>\n<li data-start=\"986\" data-end=\"1043\">\n<p data-start=\"988\" data-end=\"1043\"><strong data-start=\"988\" data-end=\"1013\">18 druh\u016f aminokyselin<\/strong> \u2013 v\u010detn\u011b v\u0161ech esenci\u00e1ln\u00edch<\/p>\n<\/li>\n<li data-start=\"1044\" data-end=\"1128\">\n<p data-start=\"1046\" data-end=\"1128\"><strong data-start=\"1046\" data-end=\"1083\">\u00da\u010dinn\u00e9 slo\u017eky pro ochranu kloub\u016f:<\/strong> glukosamin sulf\u00e1t, chondroitin sulf\u00e1t, MSM<\/p>\n<\/li>\n<li data-start=\"1129\" data-end=\"1211\">\n<p data-start=\"1131\" data-end=\"1211\"><strong data-start=\"1131\" data-end=\"1185\">P\u0159\u00edrodn\u00ed suroviny pro \u0161ir\u0161\u00ed spektrum aminokyselin:<\/strong> j\u00e1hly, amarant, pohanka<\/p>\n<\/li>\n<\/ul>\n<hr data-start=\"1213\" data-end=\"1216\" \/>\n<h2 data-start=\"1218\" data-end=\"1242\"><strong data-start=\"1221\" data-end=\"1240\">Hlavn\u00ed benefity<\/strong><\/h2>\n<ul data-start=\"1244\" data-end=\"1835\">\n<li data-start=\"1244\" data-end=\"1334\">\n<p data-start=\"1246\" data-end=\"1334\"><strong data-start=\"1246\" data-end=\"1277\">Podpora r\u016fstu svalov\u00e9 hmoty<\/strong> d\u00edky vysok\u00e9mu obsahu b\u00edlkovin s postupn\u00fdm uvol\u0148ov\u00e1n\u00edm.<\/p>\n<\/li>\n<li data-start=\"1335\" data-end=\"1419\">\n<p data-start=\"1337\" data-end=\"1419\"><strong data-start=\"1337\" data-end=\"1372\">Komplexn\u00ed v\u00fd\u017eiva kloub\u016f a \u0161lach<\/strong> d\u00edky obsahu glukosaminu, chondroitinu a MSM.<\/p>\n<\/li>\n<li data-start=\"1420\" data-end=\"1501\">\n<p data-start=\"1422\" data-end=\"1501\"><strong data-start=\"1422\" data-end=\"1453\">Pos\u00edlen\u00ed imunity a vitality<\/strong> d\u00edky bohat\u00e9mu zastoupen\u00ed vitam\u00edn\u016f a miner\u00e1l\u016f.<\/p>\n<\/li>\n<li data-start=\"1502\" data-end=\"1646\">\n<p data-start=\"1504\" data-end=\"1646\"><strong data-start=\"1504\" data-end=\"1533\">Ochrana tr\u00e1vic\u00edho syst\u00e9mu<\/strong> \u2013 j\u00e1hly, amarant a pohanka napom\u00e1haj\u00ed pro\u010di\u0161t\u011bn\u00ed st\u0159ev, zlep\u0161uj\u00ed metabolismus a p\u0159edch\u00e1z\u00ed nad\u00fdm\u00e1n\u00ed \u010di z\u00e1n\u011bt\u016fm.<\/p>\n<\/li>\n<li data-start=\"1647\" data-end=\"1742\">\n<p data-start=\"1649\" data-end=\"1742\"><strong data-start=\"1649\" data-end=\"1691\">Podpora zdrav\u00fdch c\u00e9v a pru\u017enosti tepen<\/strong> \u2013 sm\u011bs p\u016fsob\u00ed preventivn\u011b proti jejich ucp\u00e1v\u00e1n\u00ed.<\/p>\n<\/li>\n<li data-start=\"1743\" data-end=\"1835\">\n<p data-start=\"1745\" data-end=\"1835\"><strong data-start=\"1745\" data-end=\"1769\">Pozvoln\u00e9 vst\u0159eb\u00e1v\u00e1n\u00ed<\/strong> \u2013 vhodn\u00fd i pro u\u017eit\u00ed ve ve\u010dern\u00edch hodin\u00e1ch bez zbyte\u010dn\u00e9 z\u00e1t\u011b\u017ee.<\/p>\n<\/li>\n<\/ul>\n<hr data-start=\"1837\" data-end=\"1840\" \/>\n<h2 data-start=\"1842\" data-end=\"1878\"><strong data-start=\"1845\" data-end=\"1876\">Nutri\u010dn\u00ed hodnoty (na 100 g)<\/strong><\/h2>\n<ul data-start=\"1880\" data-end=\"1961\">\n<li data-start=\"1880\" data-end=\"1903\">\n<p data-start=\"1882\" data-end=\"1903\"><strong data-start=\"1882\" data-end=\"1896\">B\u00edlkoviny:<\/strong> 76 g<\/p>\n<\/li>\n<li data-start=\"1904\" data-end=\"1942\">\n<p data-start=\"1906\" data-end=\"1942\"><strong data-start=\"1906\" data-end=\"1935\">Sacharidy (z toho cukry):<\/strong> 13 g<\/p>\n<\/li>\n<li data-start=\"1943\" data-end=\"1961\">\n<p data-start=\"1945\" data-end=\"1961\"><strong data-start=\"1945\" data-end=\"1953\">Tuk:<\/strong> 0,7 g<\/p>\n<\/li>\n<\/ul>\n<hr data-start=\"1963\" data-end=\"1966\" \/>\n<h2 data-start=\"1968\" data-end=\"2000\"><strong data-start=\"1971\" data-end=\"1998\">Upozorn\u011bn\u00ed a skladov\u00e1n\u00ed<\/strong><\/h2>\n<ul data-start=\"2002\" data-end=\"2329\">\n<li data-start=\"2002\" data-end=\"2047\">\n<p data-start=\"2004\" data-end=\"2047\">Nep\u0159ekra\u010dujte doporu\u010den\u00e9 denn\u00ed d\u00e1vkov\u00e1n\u00ed.<\/p>\n<\/li>\n<li data-start=\"2048\" data-end=\"2080\">\n<p data-start=\"2050\" data-end=\"2080\">Nen\u00ed n\u00e1hradou pestr\u00e9 stravy.<\/p>\n<\/li>\n<li data-start=\"2081\" data-end=\"2126\">\n<p data-start=\"2083\" data-end=\"2126\">Nevhodn\u00e9 pro d\u011bti, t\u011bhotn\u00e9 a koj\u00edc\u00ed \u017eeny.<\/p>\n<\/li>\n<li data-start=\"2127\" data-end=\"2177\">\n<p data-start=\"2129\" data-end=\"2177\">Uchov\u00e1vejte v suchu a chladu, mimo dosah d\u011bt\u00ed.<\/p>\n<\/li>\n<li data-start=\"2178\" data-end=\"2220\">\n<p data-start=\"2180\" data-end=\"2220\">Nevystavujte p\u0159\u00edm\u00e9mu slunci ani mrazu.<\/p>\n<\/li>\n<li data-start=\"2221\" data-end=\"2261\">\n<p data-start=\"2223\" data-end=\"2261\">Po otev\u0159en\u00ed spot\u0159ebujte do 3 m\u011bs\u00edc\u016f.<\/p>\n<\/li>\n<li data-start=\"2262\" data-end=\"2329\">\n<p data-start=\"2264\" data-end=\"2329\">Minim\u00e1ln\u00ed doba pou\u017eitelnosti p\u0159i dodr\u017een\u00ed optim\u00e1ln\u00edch podm\u00ednek.<\/p>\n<\/li>\n<\/ul>\n<hr data-start=\"2331\" data-end=\"2334\" \/>\n<h2 data-start=\"2336\" data-end=\"2363\"><strong data-start=\"2339\" data-end=\"2361\">Pro\u010d si ho obl\u00edb\u00ed\u0161<\/strong><\/h2>\n<p data-start=\"2364\" data-end=\"2716\">Bio Protein MIX 1 kg nen\u00ed jen oby\u010dejn\u00fd protein \u2013 je to <strong data-start=\"2419\" data-end=\"2474\">komplexn\u00ed v\u00fd\u017eiva pro svaly, klouby i celkov\u00e9 zdrav\u00ed<\/strong>. Skv\u011ble se hod\u00ed pro intenzivn\u011b tr\u00e9nuj\u00edc\u00ed sportovce, kte\u0159\u00ed pot\u0159ebuj\u00ed kombinovat \u0161pi\u010dkov\u00fd p\u0159\u00edjem b\u00edlkovin s p\u00e9\u010d\u00ed o pohybov\u00fd apar\u00e1t. Vyv\u00e1\u017een\u00e9 slo\u017een\u00ed z p\u0159\u00edrodn\u00edch zdroj\u016f zaji\u0161\u0165uje nejen rychlou regeneraci, ale tak\u00e9 dlouhodobou podporu v\u00fdkonu.<\/p>\n<hr data-start=\"2718\" data-end=\"2721\" \/>\n<h2 data-start=\"2723\" data-end=\"2751\"><strong data-start=\"2726\" data-end=\"2749\">Z\u00e1v\u011bre\u010dn\u00e9 hodnocen\u00ed<\/strong><\/h2>\n<p data-start=\"2752\" data-end=\"3122\"><strong data-start=\"2752\" data-end=\"2776\">Bio Protein MIX 1 kg<\/strong> je ide\u00e1ln\u00ed volbou pro ka\u017ed\u00e9ho, kdo hled\u00e1 v\u00edce ne\u017e jen proteinov\u00fd dopln\u011bk. Nab\u00edz\u00ed \u010distou BIO kvalitu, vysok\u00fd obsah b\u00edlkovin, \u0161irok\u00e9 spektrum aminokyselin, vitam\u00edn\u016f, miner\u00e1l\u016f a z\u00e1rove\u0148 \u00fa\u010dinnou ochranu kloub\u016f a \u0161lach. Pokud chce\u0161 <strong data-start=\"3004\" data-end=\"3085\">r\u016fst svalov\u00e9 hmoty, regenerovat rychleji a z\u00e1rove\u0148 myslet na prevenci zran\u011bn\u00ed<\/strong>, tohle je protein p\u0159esn\u011b pro tebe.<\/p>\n","protected":false},"excerpt":{"rendered":"<p><strong>Bio Protein MIX 1 kg je ide\u00e1ln\u00ed volbou pro ka\u017ed\u00e9ho, kdo hled\u00e1 v\u00edce ne\u017e jen proteinov\u00fd dopln\u011bk. Nab\u00edz\u00ed \u010distou BIO kvalitu, vysok\u00fd obsah b\u00edlkovin, \u0161irok\u00e9 spektrum aminokyselin, vitam\u00edn\u016f, miner\u00e1l\u016f a z\u00e1rove\u0148 \u00fa\u010dinnou ochranu kloub\u016f a \u0161lach. Pokud chce\u0161 r\u016fst svalov\u00e9 hmoty, regenerovat rychleji a z\u00e1rove\u0148 myslet na prevenci zran\u011bn\u00ed, tohle je protein p\u0159esn\u011b pro tebe.<\/strong><\/p>\n","protected":false},"featured_media":169665,"comment_status":"open","ping_status":"closed","template":"","meta":[],"pwb-brand":[2059],"product_brand":[],"product_cat":[2060],"product_tag":[],"class_list":{"0":"post-169664","1":"product","2":"type-product","3":"status-publish","4":"has-post-thumbnail","6":"pwb-brand-fights-star","7":"product_cat-bio-protein","9":"first","10":"instock","11":"taxable","12":"shipping-taxable","13":"purchasable","14":"product-type-simple"},"brands":[{"id":2059,"name":"Fights Star","slug":"fights-star"}],"_links":{"self":[{"href":"https:\/\/www.moskito.cz\/es\/wp-json\/wp\/v2\/product\/169664","targetHints":{"allow":["GET"]}}],"collection":[{"href":"https:\/\/www.moskito.cz\/es\/wp-json\/wp\/v2\/product"}],"about":[{"href":"https:\/\/www.moskito.cz\/es\/wp-json\/wp\/v2\/types\/product"}],"replies":[{"embeddable":true,"href":"https:\/\/www.moskito.cz\/es\/wp-json\/wp\/v2\/comments?post=169664"}],"wp:featuredmedia":[{"embeddable":true,"href":"https:\/\/www.moskito.cz\/es\/wp-json\/wp\/v2\/media\/169665"}],"wp:attachment":[{"href":"https:\/\/www.moskito.cz\/es\/wp-json\/wp\/v2\/media?parent=169664"}],"wp:term":[{"taxonomy":"pwb-brand","embeddable":true,"href":"https:\/\/www.moskito.cz\/es\/wp-json\/wp\/v2\/pwb-brand?post=169664"},{"taxonomy":"product_brand","embeddable":true,"href":"https:\/\/www.moskito.cz\/es\/wp-json\/wp\/v2\/product_brand?post=169664"},{"taxonomy":"product_cat","embeddable":true,"href":"https:\/\/www.moskito.cz\/es\/wp-json\/wp\/v2\/product_cat?post=169664"},{"taxonomy":"product_tag","embeddable":true,"href":"https:\/\/www.moskito.cz\/es\/wp-json\/wp\/v2\/product_tag?post=169664"}],"curies":[{"name":"wp","href":"https:\/\/api.w.org\/{rel}","templated":true}]}}