{"id":169670,"date":"2020-09-15T20:47:40","date_gmt":"2020-09-15T19:47:40","guid":{"rendered":"https:\/\/www.moskito.cz\/?post_type=product&#038;p=169670"},"modified":"2025-08-23T12:53:11","modified_gmt":"2025-08-23T11:53:11","slug":"sportovni-bio-vyziva-protein-extreme-strong-400g","status":"publish","type":"product","link":"https:\/\/www.moskito.cz\/es\/produkt\/sportovni-bio-vyziva-protein-extreme-strong-400g\/","title":{"rendered":"Bio Protein Extreme Strong 400g."},"content":{"rendered":"<p>Bio Protein Extreme Strong 400g.(dopln\u011bk stravy)<br \/>\nUr\u010deno pro: zv\u00fd\u0161en\u00ed s\u00edly, n\u00e1r\u016fst svalov\u00e9 hmoty, zv\u00fd\u0161en\u00ed jak silov\u00e9, tak rychlostn\u00ed v\u00fddr\u017ee, pr\u016fbojnost, rychlost a odolnost t\u011bla, ochrana a v\u00fd\u017eiva kloub\u016f a vaziv.<\/p>\n<p>Slo\u017een\u00ed: Meripro 500, syrov\u00e1tkov\u00fd, vaje\u010dn\u00fd, obiln\u00fd a s\u00f3jov\u00fd protein, r\u00fd\u017ee, j\u00e1hly, glukosamin, gluk\u00f3za, malt\u00f3za, frukt\u00f3za, dextr\u00f3za galakt\u00f3za, pohanka, pivovarsk\u00e9 kvasnice, spirulina, Acai, karob, kolagen I, kolagen II, kolagen III, CamuCamu<\/p>\n<p>Ve\u0161ker\u00e9 dopl\u0148ky stravy Fights Star jsou vyrobeny speci\u00e1ln\u011b pro sportovce z pe\u010dliv\u011b vybran\u00fdch p\u0159\u00edrodn\u00edch surovin v nejvy\u0161\u0161\u00ed BIO potravin\u00e1\u0159sk\u00e9 kvalit\u011b. Jsou vyrobeny cestou tzv. \u201elisov\u00e1n\u00ed za studena\u201c. P\u0159i v\u00fdrob\u011b v teplotn\u00edm limitu do 40\u00b0C z\u016fst\u00e1vaj\u00ed zachov\u00e1ny v\u0161echny p\u0159irozen\u00e9 p\u0159\u00edrodn\u00ed l\u00e1tky s vysokou stravitelnost\u00ed. V\u00fdrobek je pln\u011bn v O3 atmosf\u00e9\u0159e tud\u00ed\u017e neobsahuje \u017d\u00c1DN\u00c9 konzervanty. V\u00fdrobek neobsahuje \u017e\u00e1dn\u00e9 chemicky vyroben\u00e9 l\u00e1tky, emulg\u00e1tory, stabiliz\u00e1tory, chemick\u00e1 barviva, aditiva, plniva, aromata ani b\u00edl\u00fd cukr.<\/p>\n<p>Charakteristika: Dopln\u011bk stravy se c\u00edlen\u011b zam\u011b\u0159uje na aktivitu: aerobn\u00ed, anaerobn\u00ed, silovou, zpev\u0148ovac\u00ed, protahovac\u00ed i vysoko objemovou. Komplex se skl\u00e1d\u00e1 z 81 % \u010dty\u0159slo\u017ekov\u00e9ho proteinu. Dal\u0161\u00ed ned\u00edlnou sou\u010d\u00e1st\u00ed pro maxim\u00e1ln\u00ed energetick\u00fd p\u0159\u00edjem p\u0159ed tr\u00e9ninkem i pro dopln\u011bn\u00ed sacharidov\u00e9ho deficitu po tr\u00e9ninku je komplex sacharid\u016f. D\u00edky \u0161irok\u00e9mu spektru pou\u017eit\u00fdch vstupn\u00edch surovin jako je nap\u0159. kamukamu, j\u00e1hly, amarant, pohanka, p\u0161enice, spirulina atd. obsahuje dopln\u011bk stravy \u0161irokou \u0159adu vitam\u00edn\u016f a miner\u00e1l\u016f.<\/p>\n<p>Pro komplexn\u011bj\u0161\u00ed obsah aminokyselin obsahuje j\u00e1hly, amarant, pohanku a dal\u0161\u00ed suroviny, kter\u00e9 p\u0159isp\u00edvaj\u00ed i k dobr\u00e9mu na pro\u010di\u0161t\u011bn\u00ed st\u0159ev (zabra\u0148uje z\u00e1n\u011btu dvan\u00e1ctn\u00edku, nad\u00fdm\u00e1n\u00ed, rakovin\u011b),zpr\u016fchodn\u011bn\u00ed c\u00e9v, jejich pru\u017enosti,zlep\u0161en\u00ed imunitn\u00edho syst\u00e9mu,vylu\u010dov\u00e1n\u00ed kyseliny mo\u010dov\u00e9 a prevenci p\u0159ed hemeroidy.<\/p>\n<p>Ned\u00edlnou sou\u010d\u00e1st\u00ed jsou v\u0161echny t\u0159i druhy kolagenn\u00edch materi\u00e1l\u016f. Dopln\u011bk stravy je nejkomplexn\u011bj\u0161\u00ed ochranou pro kloubn\u00ed a vazivov\u00fd apar\u00e1t, a to jak p\u0159i prevenci, tak i ve stadiu poran\u011bn\u00ed \u010di dlouhodob\u00fdch deviac\u00ed kloub\u016f a vaziv.<\/p>\n<p>Kolagen typu I \u2013 ochrana \u0161lach, vaz\u016f, kost\u00ed, \u0161k\u00e1ry, pouzdra org\u00e1n\u016f a \u0159\u00eddk\u00e9ho vaziva.<\/p>\n<p>Kolagen typu II \u2013 ochrana chrupavek.<\/p>\n<p>Kolagen typu III \u2013 poskytuje oporu m\u011bkk\u00fdm poddajn\u00fdm tk\u00e1n\u00ed m \u2013 nap\u0159. hladk\u00fdm svalov\u00fdm bu\u0148k\u00e1m, nervov\u00fdm vl\u00e1kn\u016fm,<br \/>\nadipocyt\u016fm, hemopoetick\u00fdm tk\u00e1n\u00edm a retikul\u00e1rn\u00ed lamin\u011b, baz\u00e1ln\u00edch lamin epitel\u016f (tzv. svalov\u00e1<br \/>\nhore\u010dka)<\/p>\n<p>Na rozd\u00edl od obdobn\u00fdch dopl\u0148k\u016f stravy, obsahuje v\u00fd\u0161e uveden\u00e9 kolageny, nikoli kolagen bez ozna\u010den\u00ed typu, tzv. \u017eelatinu.<\/p>\n<p>Vybran\u00e9 pou\u017eit\u00e9 suroviny: kamu kamu (nejsiln\u011bj\u0161\u00ed antioxidant z l\u00e1tek obsahuj\u00edc\u00edch vitamin C, 4x siln\u011bj\u0161\u00ed ne\u017e chemick\u00fd vitamin. C\/kyselina citr\u00f3nov\u00e1\/; d\u00edky tomu, \u017ee nen\u00ed um\u011ble chemicky vyroben, m\u00e1 vysokou vst\u0159ebatelnost), plody baobabu, j\u00e1hly, katamfe, amarant, pohanka, spirulina (vodn\u00ed \u0159asa a velmi siln\u00fd antioxidant, z\u00e1rove\u0148 podporuje vst\u0159ebatelnost kolagenu), pap\u00e1ja, \u0161\u00edpky, pangamin, ryb\u00ed kolagen atd.<\/p>\n<p>Vyv\u00e1\u017een\u00e1 sm\u011bs zaru\u010duje pozvoln\u00e9 vst\u0159eb\u00e1v\u00e1n\u00ed po dobu n\u011bkolika hodin, proto lze vyu\u017e\u00edt i ve ve\u010dern\u00edch hodin\u00e1ch.<\/p>\n<p>Nutri\u010dn\u00ed hodnoty (ve 100 g): b\u00edlkoviny 80,970 g, sacharidy (z toho cukry) 4, 502 g, tuk 5,539 g<\/p>\n<p>Pr\u016fm\u011brn\u00e9 hodnoty aminokyselin (ve 100 g):<\/p>\n<p>Tryptophan : 0,274 g<\/p>\n<p>Threonine : 1,912 g<\/p>\n<p>Isoleucine : 2,869 g<\/p>\n<p>Leucine : 5,020 g<\/p>\n<p>Lysine : 2,121 g<\/p>\n<p>Methionine : 1,678 g<\/p>\n<p>Cystine : 1,487 g<\/p>\n<p>Phenylalanine : 4,113 g<\/p>\n<p>Tyroxine : 2,419 g<\/p>\n<p>Valine : 3,325 g<\/p>\n<p>Arginine : 3,184 g<\/p>\n<p>Histidine : 1,340 g<\/p>\n<p>Alanine : 2,957 g<\/p>\n<p>Aspartic acid : 3,349 g<\/p>\n<p>Glutamic acid : 20,994 g<\/p>\n<p>Glycine : 3,628 g<\/p>\n<p>Proline : 7,469 g<\/p>\n<p>Serine : 4,163 g<\/p>\n<p>Hydroxyproline : 8,9 g<\/p>\n<p>Hydroxylysine : 3,5 g<\/p>\n<p>\u00da\u010dinn\u00e9 l\u00e1tky ve 40 g<\/p>\n<p>Glutamic acid 8,397 g<\/p>\n<p>Kolageny 0,75 g<\/p>\n<p>Upozorn\u011bn\u00ed: Nep\u0159ekra\u010dujte doporu\u010den\u00e9 denn\u00ed d\u00e1vkov\u00e1n\u00ed. Nen\u00ed n\u00e1hradou pestr\u00e9 stravy. V\u00fdrobek nen\u00ed ur\u010den pro d\u011bti, t\u011bhotn\u00e9 a koj\u00edc\u00ed \u017eeny. Uchov\u00e1vejte mimo dosah d\u011bt\u00ed. Po otev\u0159en\u00ed spot\u0159ebujte do 3 m\u011bs\u00edc\u016f.<\/p>\n<p>Uchov\u00e1vejte v suchu a chladu, nevystavujte slunci ani mrazu, minim\u00e1ln\u00ed doba pou\u017eitelnosti p\u0159i dodr\u017een\u00ed optim\u00e1ln\u00edch skladovac\u00edch podm\u00ednek je vyzna\u010dena na etiket\u011b.<\/p>\n","protected":false},"excerpt":{"rendered":"<p>Ve\u0161ker\u00e9 dopl\u0148ky stravy Fights Star jsou vyrobeny speci\u00e1ln\u011b pro sportovce z pe\u010dliv\u011b vybran\u00fdch p\u0159\u00edrodn\u00edch surovin v nejvy\u0161\u0161\u00ed BIO potravin\u00e1\u0159sk\u00e9 kvalit\u011b. Jsou vyrobeny cestou tzv. \u201elisov\u00e1n\u00ed za studena\u201c. P\u0159i v\u00fdrob\u011b v teplotn\u00edm limitu do 40\u00b0C z\u016fst\u00e1vaj\u00ed zachov\u00e1ny v\u0161echny p\u0159irozen\u00e9 p\u0159\u00edrodn\u00ed l\u00e1tky s vysokou stravitelnost\u00ed. V\u00fdrobek je pln\u011bn v O3 atmosf\u00e9\u0159e tud\u00ed\u017e neobsahuje \u017d\u00c1DN\u00c9 konzervanty. V\u00fdrobek neobsahuje \u017e\u00e1dn\u00e9 chemicky vyroben\u00e9 l\u00e1tky, emulg\u00e1tory, stabiliz\u00e1tory, chemick\u00e1 barviva, aditiva, plniva, aromata ani b\u00edl\u00fd cukr.<\/p>\n","protected":false},"featured_media":169671,"comment_status":"open","ping_status":"closed","template":"","meta":[],"pwb-brand":[2059],"product_brand":[],"product_cat":[2060],"product_tag":[],"class_list":{"0":"post-169670","1":"product","2":"type-product","3":"status-publish","4":"has-post-thumbnail","6":"pwb-brand-fights-star","7":"product_cat-bio-protein","9":"first","10":"outofstock","11":"taxable","12":"shipping-taxable","13":"purchasable","14":"product-type-simple"},"brands":[{"id":2059,"name":"Fights Star","slug":"fights-star"}],"_links":{"self":[{"href":"https:\/\/www.moskito.cz\/es\/wp-json\/wp\/v2\/product\/169670","targetHints":{"allow":["GET"]}}],"collection":[{"href":"https:\/\/www.moskito.cz\/es\/wp-json\/wp\/v2\/product"}],"about":[{"href":"https:\/\/www.moskito.cz\/es\/wp-json\/wp\/v2\/types\/product"}],"replies":[{"embeddable":true,"href":"https:\/\/www.moskito.cz\/es\/wp-json\/wp\/v2\/comments?post=169670"}],"wp:featuredmedia":[{"embeddable":true,"href":"https:\/\/www.moskito.cz\/es\/wp-json\/wp\/v2\/media\/169671"}],"wp:attachment":[{"href":"https:\/\/www.moskito.cz\/es\/wp-json\/wp\/v2\/media?parent=169670"}],"wp:term":[{"taxonomy":"pwb-brand","embeddable":true,"href":"https:\/\/www.moskito.cz\/es\/wp-json\/wp\/v2\/pwb-brand?post=169670"},{"taxonomy":"product_brand","embeddable":true,"href":"https:\/\/www.moskito.cz\/es\/wp-json\/wp\/v2\/product_brand?post=169670"},{"taxonomy":"product_cat","embeddable":true,"href":"https:\/\/www.moskito.cz\/es\/wp-json\/wp\/v2\/product_cat?post=169670"},{"taxonomy":"product_tag","embeddable":true,"href":"https:\/\/www.moskito.cz\/es\/wp-json\/wp\/v2\/product_tag?post=169670"}],"curies":[{"name":"wp","href":"https:\/\/api.w.org\/{rel}","templated":true}]}}