{"id":169680,"date":"2020-09-16T19:54:47","date_gmt":"2020-09-16T18:54:47","guid":{"rendered":"https:\/\/www.moskito.cz\/?post_type=product&#038;p=169680"},"modified":"2025-07-11T07:52:21","modified_gmt":"2025-07-11T06:52:21","slug":"bio-protein-women-400g","status":"publish","type":"product","link":"https:\/\/www.moskito.cz\/es\/produkt\/bio-protein-women-400g\/","title":{"rendered":"Bio Protein Women 400g."},"content":{"rendered":"<p>Bio Protein Women 400g. (dopln\u011bk stravy)<br \/>\nUr\u010deno pro: n\u00e1r\u016fst svalov\u00e9 hmoty, v\u00fddr\u017e v s\u00edle, zv\u00fd\u0161en\u00ed fyzick\u00e9 kondice a rychlosti<\/p>\n<p>Charakteristika: 100% p\u0159\u00edrodn\u00ed dopln\u011bk stravy ur\u010den\u00fd pro \u017eeny a d\u00edvky, kter\u00e9 se zab\u00fdvaj\u00ed bojov\u00fdmi sporty. Speci\u00e1ln\u011b navr\u017een\u00e1 sm\u011bs obsahuje 4 slo\u017ekov\u00fd protein (b\u00edlkovinn\u00fd, syrov\u00e1tkov\u00fd, sojov\u00fd a obiln\u00fd), 5 karbohydr\u00e1t\u016f (gluk\u00f3zy, frukt\u00f3zy, malt\u00f3zy, dextr\u00f3zy a galakt\u00f3zy) d\u016fle\u017eit\u00fdch pro svalovou regeneraci po tr\u00e9ninku a celou \u0159adu vitam\u00edn\u016f a miner\u00e1l\u016f. D\u00edky koenzym\u016fm, miner\u00e1l\u016fm a c\u00edlen\u011b p\u0159idan\u00fdm aminokyselin\u00e1m ovliv\u0148uje a t\u00e9m\u011b\u0159 zastavuje tvorbu vr\u00e1sek. Blahod\u00e1rn\u011b p\u016fsob\u00ed na poko\u017eku a jej\u00ed prvn\u00ed vrstvy podko\u017en\u00edho tuku a t\u00e9m\u011b\u0159 zastavuje proces tvorby celulitidy. Vzhledem k siln\u00e9mu pom\u011bru v\u00e1pn\u00edku, ho\u0159\u010d\u00edku, drasl\u00edku a esenci\u00e1ln\u00edm olej\u016fm podporuje r\u016fst neht\u016f a vlas\u016f. V neposledn\u00ed \u0159ad\u011b obsahuje siln\u00e9 antioxidanty jako je nap\u0159. selen, kamu kamu aj. Je dopln\u011bn o p\u0159\u00edrodn\u00ed l\u00e1tky jako pap\u00e1ju, spirulinu a katmafe. Pom\u011br slo\u017eek v\u00fdrobku zohled\u0148uje menopauzu a pozitivn\u011b ovliv\u0148uje tvorbu estrogenu (estrogen ovliv\u0148uje redukci podko\u017en\u00edho tuku).<\/p>\n<p>Slo\u017een\u00ed: 81% proteinu (b\u00edlkovinn\u00fd, syrov\u00e1tkov\u00fd, sojov\u00fd a obiln\u00fd), gluk\u00f3za, frukt\u00f3za, malt\u00f3za, dextr\u00f3za a galakt\u00f3za, kamu kamu, katamfe, \u2026<\/p>\n<p>Vitam\u00edny: A, B1, B2, B3, B6, B12, C, D, D3, E, K<\/p>\n<p>Miner\u00e1ly: Ca, Fe, Mg, P, K, Na, Zn, Cu, Mn, Se<\/p>\n<p>Vybran\u00e9 pou\u017eit\u00e9 suroviny: kamu kamu (nejsiln\u011bj\u0161\u00ed antioxidant z l\u00e1tek obsahuj\u00edc\u00edch vitamin C, 4x siln\u011bj\u0161\u00ed ne\u017e chemick\u00fd vitamin. C\/kyselina citr\u00f3nov\u00e1\/; d\u00edky tomu, \u017ee nen\u00ed um\u011ble chemicky vyroben, m\u00e1 vysokou vst\u0159ebatelnost), plody baobabu, j\u00e1hly, katamfe, amarant, pohanka, spirulina (vodn\u00ed \u0159asa a velmi siln\u00fd antioxidant, z\u00e1rove\u0148 podporuje vst\u0159ebatelnost kolagenu), pap\u00e1ja, \u0161\u00edpky, pangamin, ryb\u00ed kolagen atd.<\/p>\n<p>Dal\u0161\u00ed formule na\u0161eho v\u00fdrobku je komplexn\u00ed ochrana kloubn\u00edho a vazivov\u00e9ho apar\u00e1tu, kterou zabezpe\u010duj\u00ed kolageny I, II, a III:<br \/>\n\u2013 kolagen I \u2013 ochrana \u0161lach, vaz\u016f, kost\u00ed, \u0161k\u00e1ry, pouzder org\u00e1n\u016f a \u0159\u00eddk\u00e9ho vaziva<br \/>\n\u2013 kolagen II \u2013 ochrana chrupavek<br \/>\n\u2013 kolagen III \u2013 poskytuje oporu m\u011bkk\u00fdm poddajn\u00fdm tk\u00e1n\u00edm \u2013 nap\u0159. hladk\u00fdm svalov\u00fdm bu\u0148k\u00e1m, nervov\u00fdm vl\u00e1kn\u016fm, \u2026<\/p>\n<p>Kolageny tak\u00e9 blahod\u00e1rn\u011b p\u016fsob\u00ed na srdce, na opom\u00edjen\u00e9 vnit\u0159n\u00ed svalstvo a zabra\u0148uj\u00ed vzniku svalov\u00e9 hore\u010dky.<\/p>\n<p>Dal\u0161\u00ed z \u00fa\u010dink\u016f Womenu:<br \/>\n\u2013 dobr\u00fd na pro\u010di\u0161t\u011bn\u00ed st\u0159ev (zabra\u0148uje z\u00e1n\u011bt\u016f dvan\u00e1ctern\u00edku)<br \/>\n\u2013 proti nad\u00fdm\u00e1n\u00ed a rakovin\u011b<br \/>\n\u2013 pom\u00e1haj\u00ed k zpr\u016fchodn\u011bn\u00ed c\u00e9v a jejich pru\u017enosti<br \/>\n\u2013 v\u00fdrazn\u011b zlep\u0161uje imunitn\u00ed syst\u00e9m<br \/>\n\u2013 pom\u00e1h\u00e1 vylu\u010dovat kyselinu mo\u010dovou<br \/>\n\u2013 proti hemeroid\u016fm<br \/>\n\u2013 neobsahuj\u00ed lepek, nezan\u00e1\u0161\u00ed st\u0159eva<\/p>\n<p>Ve\u0161ker\u00e9 dopl\u0148ky stravy Fights Star jsou vyrobeny speci\u00e1ln\u011b pro sportovce z pe\u010dliv\u011b vybran\u00fdch p\u0159\u00edrodn\u00edch surovin v nejvy\u0161\u0161\u00ed BIO potravin\u00e1\u0159sk\u00e9 kvalit\u011b. Jsou vyrobeny cestou tzv. \u201elisov\u00e1n\u00ed za studena\u201c. P\u0159i v\u00fdrob\u011b v teplotn\u00edm limitu do 40\u00b0C z\u016fst\u00e1vaj\u00ed zachov\u00e1ny v\u0161echny p\u0159irozen\u00e9 p\u0159\u00edrodn\u00ed l\u00e1tky s vysokou stravitelnost\u00ed. V\u00fdrobek je pln\u011bn v O3 atmosf\u00e9\u0159e tud\u00ed\u017e neobsahuje \u017d\u00c1DN\u00c9 konzervanty. V\u00fdrobek neobsahuje \u017e\u00e1dn\u00e9 chemicky vyroben\u00e9 l\u00e1tky, emulg\u00e1tory, stabiliz\u00e1tory, chemick\u00e1 barviva, aditiva, plniva, aromata ani b\u00edl\u00fd cukr.<\/p>\n<p>Vyv\u00e1\u017een\u00e1 sm\u011bs zaru\u010duje pozvoln\u00e9 vst\u0159eb\u00e1v\u00e1n\u00ed po dobu n\u011bkolika hodin, proto lze vyu\u017e\u00edt i ve ve\u010dern\u00edch hodin\u00e1ch.<\/p>\n<p>Nutri\u010dn\u00ed hodnoty (ve 100 g): b\u00edlkoviny 70,6 g, sacharidy (z toho cukry) 19,2 g, tuk 2,2 g, voda 6,4 g<\/p>\n<p>Upozorn\u011bn\u00ed: Nep\u0159ekra\u010dujte doporu\u010den\u00e9 denn\u00ed d\u00e1vkov\u00e1n\u00ed. Nen\u00ed n\u00e1hradou pestr\u00e9 stravy. V\u00fdrobek nen\u00ed ur\u010den pro d\u011bti. Uchov\u00e1vejte mimo dosah d\u011bt\u00ed. Po otev\u0159en\u00ed spot\u0159ebujte do 3 m\u011bs\u00edc\u016f.<\/p>\n<p>Uchov\u00e1vejte v suchu a chladu, nevystavujte slunci ani mrazu, minim\u00e1ln\u00ed doba pou\u017eitelnosti p\u0159i dodr\u017een\u00ed optim\u00e1ln\u00edch skladovac\u00edch podm\u00ednek je vyzna\u010dena na etiket\u011b.<\/p>\n","protected":false},"excerpt":{"rendered":"<p>Ve\u0161ker\u00e9 dopl\u0148ky stravy Fights Star jsou vyrobeny speci\u00e1ln\u011b pro sportovce z pe\u010dliv\u011b vybran\u00fdch p\u0159\u00edrodn\u00edch surovin v nejvy\u0161\u0161\u00ed BIO potravin\u00e1\u0159sk\u00e9 kvalit\u011b. Jsou vyrobeny cestou tzv. \u201elisov\u00e1n\u00ed za studena\u201c. P\u0159i v\u00fdrob\u011b v teplotn\u00edm limitu do 40\u00b0C z\u016fst\u00e1vaj\u00ed zachov\u00e1ny v\u0161echny p\u0159irozen\u00e9 p\u0159\u00edrodn\u00ed l\u00e1tky s vysokou stravitelnost\u00ed. V\u00fdrobek je pln\u011bn v O3 atmosf\u00e9\u0159e tud\u00ed\u017e neobsahuje \u017d\u00c1DN\u00c9 konzervanty. V\u00fdrobek neobsahuje \u017e\u00e1dn\u00e9 chemicky vyroben\u00e9 l\u00e1tky, emulg\u00e1tory, stabiliz\u00e1tory, chemick\u00e1 barviva, aditiva, plniva, aromata ani b\u00edl\u00fd cukr.<\/p>\n","protected":false},"featured_media":169681,"comment_status":"open","ping_status":"closed","template":"","meta":[],"pwb-brand":[2059],"product_brand":[],"product_cat":[2060],"product_tag":[],"class_list":{"0":"post-169680","1":"product","2":"type-product","3":"status-publish","4":"has-post-thumbnail","6":"pwb-brand-fights-star","7":"product_cat-bio-protein","9":"first","10":"outofstock","11":"taxable","12":"shipping-taxable","13":"purchasable","14":"product-type-simple"},"brands":[{"id":2059,"name":"Fights Star","slug":"fights-star"}],"_links":{"self":[{"href":"https:\/\/www.moskito.cz\/es\/wp-json\/wp\/v2\/product\/169680","targetHints":{"allow":["GET"]}}],"collection":[{"href":"https:\/\/www.moskito.cz\/es\/wp-json\/wp\/v2\/product"}],"about":[{"href":"https:\/\/www.moskito.cz\/es\/wp-json\/wp\/v2\/types\/product"}],"replies":[{"embeddable":true,"href":"https:\/\/www.moskito.cz\/es\/wp-json\/wp\/v2\/comments?post=169680"}],"wp:featuredmedia":[{"embeddable":true,"href":"https:\/\/www.moskito.cz\/es\/wp-json\/wp\/v2\/media\/169681"}],"wp:attachment":[{"href":"https:\/\/www.moskito.cz\/es\/wp-json\/wp\/v2\/media?parent=169680"}],"wp:term":[{"taxonomy":"pwb-brand","embeddable":true,"href":"https:\/\/www.moskito.cz\/es\/wp-json\/wp\/v2\/pwb-brand?post=169680"},{"taxonomy":"product_brand","embeddable":true,"href":"https:\/\/www.moskito.cz\/es\/wp-json\/wp\/v2\/product_brand?post=169680"},{"taxonomy":"product_cat","embeddable":true,"href":"https:\/\/www.moskito.cz\/es\/wp-json\/wp\/v2\/product_cat?post=169680"},{"taxonomy":"product_tag","embeddable":true,"href":"https:\/\/www.moskito.cz\/es\/wp-json\/wp\/v2\/product_tag?post=169680"}],"curies":[{"name":"wp","href":"https:\/\/api.w.org\/{rel}","templated":true}]}}