{"id":169760,"date":"2020-09-24T08:38:55","date_gmt":"2020-09-24T07:38:55","guid":{"rendered":"https:\/\/www.moskito.cz\/?post_type=product&#038;p=169760"},"modified":"2025-07-11T07:52:24","modified_gmt":"2025-07-11T06:52:24","slug":"ninja-kubotan","status":"publish","type":"product","link":"https:\/\/www.moskito.cz\/es\/produkt\/ninja-kubotan\/","title":{"rendered":"Ninja Kubotan"},"content":{"rendered":"<p>Ninja Kubotan.<br \/>\nJedn\u00e1 se o japonsk\u00fd boxer ocelov\u00e9 konstrukce. D\u00e9lka boxeru 150 mm, pr\u016fm\u011br 13 mm, v\u00fd\u0161ka trn\u016f 48 mm.<\/p>\n","protected":false},"excerpt":{"rendered":"<p>Boxer Ninja Kubotan.<\/p>\n","protected":false},"featured_media":169761,"comment_status":"open","ping_status":"closed","template":"","meta":[],"pwb-brand":[202],"product_brand":[],"product_cat":[24,1942],"product_tag":[],"class_list":{"0":"post-169760","1":"product","2":"type-product","3":"status-publish","4":"has-post-thumbnail","6":"pwb-brand-china-made","7":"product_cat-katany-a-mece","8":"product_cat-mece-dyky-repliky","10":"first","11":"outofstock","12":"taxable","13":"shipping-taxable","14":"purchasable","15":"product-type-simple"},"brands":[{"id":202,"name":"China Made","slug":"china-made"}],"_links":{"self":[{"href":"https:\/\/www.moskito.cz\/es\/wp-json\/wp\/v2\/product\/169760","targetHints":{"allow":["GET"]}}],"collection":[{"href":"https:\/\/www.moskito.cz\/es\/wp-json\/wp\/v2\/product"}],"about":[{"href":"https:\/\/www.moskito.cz\/es\/wp-json\/wp\/v2\/types\/product"}],"replies":[{"embeddable":true,"href":"https:\/\/www.moskito.cz\/es\/wp-json\/wp\/v2\/comments?post=169760"}],"wp:featuredmedia":[{"embeddable":true,"href":"https:\/\/www.moskito.cz\/es\/wp-json\/wp\/v2\/media\/169761"}],"wp:attachment":[{"href":"https:\/\/www.moskito.cz\/es\/wp-json\/wp\/v2\/media?parent=169760"}],"wp:term":[{"taxonomy":"pwb-brand","embeddable":true,"href":"https:\/\/www.moskito.cz\/es\/wp-json\/wp\/v2\/pwb-brand?post=169760"},{"taxonomy":"product_brand","embeddable":true,"href":"https:\/\/www.moskito.cz\/es\/wp-json\/wp\/v2\/product_brand?post=169760"},{"taxonomy":"product_cat","embeddable":true,"href":"https:\/\/www.moskito.cz\/es\/wp-json\/wp\/v2\/product_cat?post=169760"},{"taxonomy":"product_tag","embeddable":true,"href":"https:\/\/www.moskito.cz\/es\/wp-json\/wp\/v2\/product_tag?post=169760"}],"curies":[{"name":"wp","href":"https:\/\/api.w.org\/{rel}","templated":true}]}}