{"id":169779,"date":"2020-09-24T11:18:18","date_gmt":"2020-09-24T10:18:18","guid":{"rendered":"https:\/\/www.moskito.cz\/?post_type=product&#038;p=169779"},"modified":"2025-07-11T07:52:25","modified_gmt":"2025-07-11T06:52:25","slug":"zaviraci-nuz-miguel-nieto-artesanal-art-8","status":"publish","type":"product","link":"https:\/\/www.moskito.cz\/es\/produkt\/zaviraci-nuz-miguel-nieto-artesanal-art-8\/","title":{"rendered":"Zav\u00edrac\u00ed n\u016f\u017e Miguel Nieto ARTESANAL ART-8"},"content":{"rendered":"<p>Zav\u00edrac\u00ed n\u016f\u017e Miguel Nieto ARTESANAL ART-8.<br \/>\nRu\u010dn\u011b vyroben\u00fd loveck\u00fd n\u016f\u017e.<br \/>\nJedn\u00e1 se o zcela ru\u010dn\u011b vyroben\u00fd n\u016f\u017e s pojistkou.<br \/>\nDvoubarevn\u00e1 rukoje\u0165 z jelen\u00ed kosti s rozp\u011brkami, kter\u00e9 maj\u00ed vlo\u017eku ze zirkonu a stabilizovan\u00e9 kudrnat\u00e9ho b\u0159ezov\u00e9ho d\u0159eva.<br \/>\n\u010cepel je ru\u010dn\u011b zdoben\u00e1 burinem a je zdoben\u00e1 limetkou.<\/p>\n<p>Ocel AN-58<br \/>\nRukoje\u0165 je ze stabilizovan\u00e9 kudrnat\u00e9ho b\u0159ezov\u00e9ho d\u0159eva<br \/>\nVelikost \u010depele 8 cm<br \/>\nVelikost 18 cm<br \/>\nHmotnost 127 gr<br \/>\njelen\u00ed kost<\/p>\n","protected":false},"excerpt":{"rendered":"<p>Z\u00e1kladem Spole\u010dnosti Miguel Nieto je dosa\u017een\u00ed spolehliv\u00e9 kvality, kter\u00e1 spojuje technologick\u00fd pokrok s tradicemi.<br \/>\n<strong>Vyrobeno ve \u0160pan\u011blsku.<\/strong><\/p>\n","protected":false},"featured_media":174851,"comment_status":"open","ping_status":"closed","template":"","meta":[],"pwb-brand":[469],"product_brand":[],"product_cat":[22,17],"product_tag":[],"class_list":{"0":"post-169779","1":"product","2":"type-product","3":"status-publish","4":"has-post-thumbnail","6":"pwb-brand-nieto","7":"product_cat-zaviraci-noze","8":"product_cat-noze","10":"first","11":"outofstock","12":"taxable","13":"shipping-taxable","14":"purchasable","15":"product-type-simple"},"brands":[{"id":469,"name":"Nieto","slug":"nieto"}],"_links":{"self":[{"href":"https:\/\/www.moskito.cz\/es\/wp-json\/wp\/v2\/product\/169779","targetHints":{"allow":["GET"]}}],"collection":[{"href":"https:\/\/www.moskito.cz\/es\/wp-json\/wp\/v2\/product"}],"about":[{"href":"https:\/\/www.moskito.cz\/es\/wp-json\/wp\/v2\/types\/product"}],"replies":[{"embeddable":true,"href":"https:\/\/www.moskito.cz\/es\/wp-json\/wp\/v2\/comments?post=169779"}],"wp:featuredmedia":[{"embeddable":true,"href":"https:\/\/www.moskito.cz\/es\/wp-json\/wp\/v2\/media\/174851"}],"wp:attachment":[{"href":"https:\/\/www.moskito.cz\/es\/wp-json\/wp\/v2\/media?parent=169779"}],"wp:term":[{"taxonomy":"pwb-brand","embeddable":true,"href":"https:\/\/www.moskito.cz\/es\/wp-json\/wp\/v2\/pwb-brand?post=169779"},{"taxonomy":"product_brand","embeddable":true,"href":"https:\/\/www.moskito.cz\/es\/wp-json\/wp\/v2\/product_brand?post=169779"},{"taxonomy":"product_cat","embeddable":true,"href":"https:\/\/www.moskito.cz\/es\/wp-json\/wp\/v2\/product_cat?post=169779"},{"taxonomy":"product_tag","embeddable":true,"href":"https:\/\/www.moskito.cz\/es\/wp-json\/wp\/v2\/product_tag?post=169779"}],"curies":[{"name":"wp","href":"https:\/\/api.w.org\/{rel}","templated":true}]}}