{"id":170699,"date":"2020-10-27T12:28:30","date_gmt":"2020-10-27T11:28:30","guid":{"rendered":"https:\/\/www.moskito.cz\/?post_type=product&#038;p=170699"},"modified":"2025-11-17T01:30:30","modified_gmt":"2025-11-17T00:30:30","slug":"ratanove-nunchaky","status":"publish","type":"product","link":"https:\/\/www.moskito.cz\/es\/produkt\/ratanove-nunchaky\/","title":{"rendered":"Ratanov\u00e9 Nunchaky"},"content":{"rendered":"<p>Ratanov\u00e9 Nunchaky.<br \/>\nTyto tradi\u010dn\u00ed d\u0159ev\u011bn\u00e9 <strong>nunchaku <\/strong>s jedine\u010dn\u00fdmi vzory tygr\u016f maj\u00ed d\u00e9lku 28cm. Rukojeti jsou dr\u017eeny pohromad\u011b pomoc\u00ed oto\u010dn\u00fdch \u010dep\u016f s kuli\u010dkov\u00fdmi lo\u017eisky pro plynul\u00fd pohyb.<br \/>\nNunchucky jsou skv\u011bl\u00fdm n\u00e1strojem pro tr\u00e9nink. Mohou zlep\u0161it koordinaci o\u010d\u00ed a pru\u017enost v pa\u017e\u00edch. Dnes je jedn\u00edm z nejpopul\u00e1rn\u011bj\u0161\u00edch a nejtechni\u010dt\u011bj\u0161\u00edch dostupn\u00fdch aktivit. Z\u00edskejte dnes jeden sv\u016fj a uvid\u00edte, kam a\u017e m\u016f\u017eete zaj\u00edt.<\/p>\n","protected":false},"excerpt":{"rendered":"<p>Tyto tradi\u010dn\u00ed d\u0159ev\u011bn\u00e9 n<strong>unchaku <\/strong>s jedine\u010dn\u00fdmi vzory tygr\u016f maj\u00ed d\u00e9lku 28cm. Rukojeti jsou dr\u017eeny pohromad\u011b pomoc\u00ed oto\u010dn\u00fdch \u010dep\u016f s kuli\u010dkov\u00fdmi lo\u017eisky pro plynul\u00fd pohyb.<\/p>\n","protected":false},"featured_media":181695,"comment_status":"open","ping_status":"closed","template":"","meta":[],"pwb-brand":[202],"product_brand":[],"product_cat":[2028],"product_tag":[],"class_list":{"0":"post-170699","1":"product","2":"type-product","3":"status-publish","4":"has-post-thumbnail","6":"pwb-brand-china-made","7":"product_cat-teleskopicke-obusky","9":"first","10":"instock","11":"taxable","12":"shipping-taxable","13":"purchasable","14":"product-type-simple"},"brands":[{"id":202,"name":"China Made","slug":"china-made"}],"_links":{"self":[{"href":"https:\/\/www.moskito.cz\/es\/wp-json\/wp\/v2\/product\/170699","targetHints":{"allow":["GET"]}}],"collection":[{"href":"https:\/\/www.moskito.cz\/es\/wp-json\/wp\/v2\/product"}],"about":[{"href":"https:\/\/www.moskito.cz\/es\/wp-json\/wp\/v2\/types\/product"}],"replies":[{"embeddable":true,"href":"https:\/\/www.moskito.cz\/es\/wp-json\/wp\/v2\/comments?post=170699"}],"wp:featuredmedia":[{"embeddable":true,"href":"https:\/\/www.moskito.cz\/es\/wp-json\/wp\/v2\/media\/181695"}],"wp:attachment":[{"href":"https:\/\/www.moskito.cz\/es\/wp-json\/wp\/v2\/media?parent=170699"}],"wp:term":[{"taxonomy":"pwb-brand","embeddable":true,"href":"https:\/\/www.moskito.cz\/es\/wp-json\/wp\/v2\/pwb-brand?post=170699"},{"taxonomy":"product_brand","embeddable":true,"href":"https:\/\/www.moskito.cz\/es\/wp-json\/wp\/v2\/product_brand?post=170699"},{"taxonomy":"product_cat","embeddable":true,"href":"https:\/\/www.moskito.cz\/es\/wp-json\/wp\/v2\/product_cat?post=170699"},{"taxonomy":"product_tag","embeddable":true,"href":"https:\/\/www.moskito.cz\/es\/wp-json\/wp\/v2\/product_tag?post=170699"}],"curies":[{"name":"wp","href":"https:\/\/api.w.org\/{rel}","templated":true}]}}