{"id":175433,"date":"2020-11-30T21:26:06","date_gmt":"2020-11-30T20:26:06","guid":{"rendered":"https:\/\/www.moskito.cz\/?post_type=product&#038;p=175433"},"modified":"2026-01-06T22:17:37","modified_gmt":"2026-01-06T21:17:37","slug":"lovecky-pevny-nuz-joker-jabato","status":"publish","type":"product","link":"https:\/\/www.moskito.cz\/es\/produkt\/lovecky-pevny-nuz-joker-jabato\/","title":{"rendered":"Loveck\u00fd Pevn\u00fd N\u016f\u017e Joker JABATO"},"content":{"rendered":"<p>Loveck\u00fd Pevn\u00fd N\u016f\u017e <strong>Joker<\/strong> JABATO.<br \/>\nNo\u017ee Joker poch\u00e1zej\u00ed ze \u0160pan\u011blsk\u00e9ho m\u011bsta Albacete, kter\u00e9 je zn\u00e1m\u00e9 tradi\u010dn\u00ed v\u00fdrobou no\u017e\u016f a d\u00fdk.<\/p>\n<p><strong>RU\u010cN\u011a VY\u0158EZ\u00c1VAN\u00c9<\/strong><br \/>\nVlastnosti produktu:<br \/>\n\u010cepel: Vanad molybdenu<br \/>\nCrosshead: Inox.<br \/>\nKo\u017een\u00e9 pouzdro<br \/>\nRukoje\u0165: Jelen\u00ed paroh<br \/>\n17 cm &#8211; 290 gr<\/p>\n<p>HAND CARVED 17 CM STAINLESS STEEL FIXED BLADE <strong>JOKER<\/strong> JABATO HUNTING KNIFE. LEATHER SHEATH.<br \/>\nCT34<br \/>\nProduct characteristics:<\/p>\n<p>HAND CARVED<\/p>\n<p>Blade: Molybdenum Vanadium<br \/>\nBolster: S.S.<br \/>\nSheath: Leather<br \/>\nHandle: Stag deer point<br \/>\n17 cm &#8211; 290 gr<\/p>\n","protected":false},"excerpt":{"rendered":"<p><strong>RU\u010cN\u011a VY\u0158EZ\u00c1VAN\u00c9<\/strong><br \/>\nNo\u017ee Joker poch\u00e1zej\u00ed ze \u0160pan\u011blsk\u00e9ho m\u011bsta Albacete, kter\u00e9 je zn\u00e1m\u00e9 tradi\u010dn\u00ed v\u00fdrobou no\u017e\u016f a d\u00fdk.<br \/>\n<strong>Navr\u017eeno a vyrobeno ve \u0160pan\u011blsku (Albacete)<\/strong><br \/>\n<strong>Doprava zdarma<\/strong>.<\/p>\n","protected":false},"featured_media":192432,"comment_status":"open","ping_status":"closed","template":"","meta":[],"pwb-brand":[359],"product_brand":[],"product_cat":[23,17],"product_tag":[],"class_list":{"0":"post-175433","1":"product","2":"type-product","3":"status-publish","4":"has-post-thumbnail","6":"pwb-brand-joker","7":"product_cat-pevne-noze","8":"product_cat-noze","10":"first","11":"instock","12":"taxable","13":"shipping-taxable","14":"purchasable","15":"product-type-simple"},"brands":[{"id":359,"name":"Joker","slug":"joker"}],"_links":{"self":[{"href":"https:\/\/www.moskito.cz\/es\/wp-json\/wp\/v2\/product\/175433","targetHints":{"allow":["GET"]}}],"collection":[{"href":"https:\/\/www.moskito.cz\/es\/wp-json\/wp\/v2\/product"}],"about":[{"href":"https:\/\/www.moskito.cz\/es\/wp-json\/wp\/v2\/types\/product"}],"replies":[{"embeddable":true,"href":"https:\/\/www.moskito.cz\/es\/wp-json\/wp\/v2\/comments?post=175433"}],"wp:featuredmedia":[{"embeddable":true,"href":"https:\/\/www.moskito.cz\/es\/wp-json\/wp\/v2\/media\/192432"}],"wp:attachment":[{"href":"https:\/\/www.moskito.cz\/es\/wp-json\/wp\/v2\/media?parent=175433"}],"wp:term":[{"taxonomy":"pwb-brand","embeddable":true,"href":"https:\/\/www.moskito.cz\/es\/wp-json\/wp\/v2\/pwb-brand?post=175433"},{"taxonomy":"product_brand","embeddable":true,"href":"https:\/\/www.moskito.cz\/es\/wp-json\/wp\/v2\/product_brand?post=175433"},{"taxonomy":"product_cat","embeddable":true,"href":"https:\/\/www.moskito.cz\/es\/wp-json\/wp\/v2\/product_cat?post=175433"},{"taxonomy":"product_tag","embeddable":true,"href":"https:\/\/www.moskito.cz\/es\/wp-json\/wp\/v2\/product_tag?post=175433"}],"curies":[{"name":"wp","href":"https:\/\/api.w.org\/{rel}","templated":true}]}}