{"id":181822,"date":"2021-01-25T22:02:14","date_gmt":"2021-01-25T21:02:14","guid":{"rendered":"https:\/\/www.moskito.cz\/?post_type=product&#038;p=181822"},"modified":"2025-07-11T07:53:28","modified_gmt":"2025-07-11T06:53:28","slug":"vystrelovaci-nuz-microtech-socom-elite-160a-2t","status":"publish","type":"product","link":"https:\/\/www.moskito.cz\/es\/produkt\/vystrelovaci-nuz-microtech-socom-elite-160a-2t\/","title":{"rendered":"Vyst\u0159elovac\u00ed N\u016f\u017e Microtech Socom Elite 160A-2T"},"content":{"rendered":"<p>Vyst\u0159elovac\u00ed N\u016f\u017e <strong>Microtech Socom Elite <\/strong>160A-2T.<\/p>\n<p><strong>Socom Elite<\/strong> nastavuje nejvy\u0161\u0161\u00ed standard pro taktick\u00e9\/u\u017eitkov\u00e9 no\u017ee. Od vzniku p\u016fvodn\u00edho Socomu v roce 1996 je pr\u016fkopn\u00edkem cel\u00e9 \u0159ady zav\u00edrac\u00edch no\u017e\u016f Microtech. V pr\u016fb\u011bhu let byla provedena \u0159ada vylep\u0161en\u00ed, d\u00edky nim\u017e se Socom l\u00e9pe p\u0159izp\u016fsob\u00ed r\u016fzn\u00fdm prost\u0159ed\u00edm. Automatick\u00e1 i manu\u00e1ln\u00ed <strong>Socoms<\/strong> maj\u00ed jedine\u010dn\u00fd tvar rukojeti, kter\u00fd se p\u0159izp\u016fsob\u00ed va\u0161\u00ed ruce. V\u00edte, \u017ee kupujete nejlep\u0161\u00ed n\u00e1stroj na trhu bez ohledu na to, kterou \u010depel sv\u00e9ho druhu si vyberete: hrot klipu (tento model) nebo tanto. Integrovan\u00fd rozb\u00edje\u010d skla v z\u00e1kladn\u011b rukojeti a velk\u00fd cvo\u010dek, kter\u00fd umo\u017e\u0148uje snadn\u00e9 otev\u00edr\u00e1n\u00ed pomoc\u00ed rukavice, mu dod\u00e1v\u00e1 p\u016fsobiv\u00fd vzhled. Robustn\u00ed spolehlivost Socom z n\u011bj d\u011bl\u00e1 prvn\u00ed volbu pro komunitu speci\u00e1ln\u00edch operac\u00ed.<\/p>\n<p>&nbsp;<\/p>\n<p>Celkov\u00e1 d\u00e9lka: 22.5 cm<br \/>\nD\u00e9lka \u010depele: 10 cm<br \/>\n\u0158ezn\u00e1 hrana: 9.37 cm<br \/>\n\u0160\u00ed\u0159ka \u010depele: 2.8 cm<br \/>\nTlou\u0161\u0165ka \u010depele: 0,47 cm<br \/>\nMateri\u00e1l \u010depele:\u00a0 M390<br \/>\nB\u0159itov\u00e9 desti\u010dky: Ploch\u00e9<br \/>\nTyp okraje: oby\u010dejn\u00fd<br \/>\nD\u00e9lka rukojeti: 12.5 cm<br \/>\n\u0160\u00ed\u0159ka rukojeti: 3.42<br \/>\nTlou\u0161\u0165ka rukojeti: 1.37<br \/>\nMateri\u00e1l rukojeti: hlin\u00edk<br \/>\nDokon\u010den\u00ed: Barva nachov\u00e1<br \/>\nHmotnost: 4,58 oz.<br \/>\nU\u017eivatel: Prav\u00e1 ruka<br \/>\nPocket Clip: Tip-Down<br \/>\nTyp no\u017ee: Automatick\u00fd<br \/>\nOtv\u00edra\u010d: Tla\u010d\u00edtko<br \/>\nTyp z\u00e1mku: Blokovac\u00ed z\u00e1mek<br \/>\nZna\u010dka: Microtech<br \/>\nModel: Socom Elite<br \/>\n\u010c\u00edslo modelu: 160A-2T<br \/>\nZem\u011b p\u016fvodu: USA<br \/>\nNejlep\u0161\u00ed vyu\u017eit\u00ed: Taktick\u00e9<\/p>\n<p><iframe title=\"Microtech Combat Troodon Torture Test\" width=\"800\" height=\"450\" src=\"https:\/\/www.youtube.com\/embed\/xE9TeOFYEjg?feature=oembed\" frameborder=\"0\" allow=\"accelerometer; autoplay; clipboard-write; encrypted-media; gyroscope; picture-in-picture; web-share\" allowfullscreen><\/iframe><\/p>\n<p>&nbsp;<\/p>\n","protected":false},"excerpt":{"rendered":"<p><strong>V pr\u016fb\u011bhu let Microtech\u00ae Knives naplnil v\u00e1\u0161n\u00ed a dovednost\u00ed v\u00fdrobu no\u017e\u016f, a\u017e z nich vytvo\u0159il t\u00e9m\u011b\u0159 um\u011bleck\u00e1 d\u00edla,kter\u00e9 jsou vrcholem funk\u010dnosti.V\u0161echny d\u00edly jsou vyrobeny v USA.<\/strong><br \/>\n<strong>Na v\u0161echny no\u017ee Microtech je do\u017eivotn\u00ed z\u00e1ruka.<\/strong><\/p>\n<p><strong>Doprava zdarma.<\/strong><\/p>\n","protected":false},"featured_media":181823,"comment_status":"open","ping_status":"closed","template":"","meta":[],"pwb-brand":[431],"product_brand":[],"product_cat":[2019,17],"product_tag":[3667],"class_list":{"0":"post-181822","1":"product","2":"type-product","3":"status-publish","4":"has-post-thumbnail","6":"pwb-brand-microtech","7":"product_cat-vystrelovaci-noze","8":"product_cat-noze","9":"product_tag-b2b","11":"first","12":"outofstock","13":"taxable","14":"shipping-taxable","15":"purchasable","16":"product-type-simple"},"brands":[{"id":431,"name":"Microtech","slug":"microtech"}],"_links":{"self":[{"href":"https:\/\/www.moskito.cz\/es\/wp-json\/wp\/v2\/product\/181822","targetHints":{"allow":["GET"]}}],"collection":[{"href":"https:\/\/www.moskito.cz\/es\/wp-json\/wp\/v2\/product"}],"about":[{"href":"https:\/\/www.moskito.cz\/es\/wp-json\/wp\/v2\/types\/product"}],"replies":[{"embeddable":true,"href":"https:\/\/www.moskito.cz\/es\/wp-json\/wp\/v2\/comments?post=181822"}],"wp:featuredmedia":[{"embeddable":true,"href":"https:\/\/www.moskito.cz\/es\/wp-json\/wp\/v2\/media\/181823"}],"wp:attachment":[{"href":"https:\/\/www.moskito.cz\/es\/wp-json\/wp\/v2\/media?parent=181822"}],"wp:term":[{"taxonomy":"pwb-brand","embeddable":true,"href":"https:\/\/www.moskito.cz\/es\/wp-json\/wp\/v2\/pwb-brand?post=181822"},{"taxonomy":"product_brand","embeddable":true,"href":"https:\/\/www.moskito.cz\/es\/wp-json\/wp\/v2\/product_brand?post=181822"},{"taxonomy":"product_cat","embeddable":true,"href":"https:\/\/www.moskito.cz\/es\/wp-json\/wp\/v2\/product_cat?post=181822"},{"taxonomy":"product_tag","embeddable":true,"href":"https:\/\/www.moskito.cz\/es\/wp-json\/wp\/v2\/product_tag?post=181822"}],"curies":[{"name":"wp","href":"https:\/\/api.w.org\/{rel}","templated":true}]}}