{"id":181964,"date":"2021-01-28T22:20:57","date_gmt":"2021-01-28T21:20:57","guid":{"rendered":"https:\/\/www.moskito.cz\/?post_type=product&#038;p=181964"},"modified":"2025-07-11T07:53:31","modified_gmt":"2025-07-11T06:53:31","slug":"vystrelovaci-nuz-microtech-marfione-halo-vi-351-mck","status":"publish","type":"product","link":"https:\/\/www.moskito.cz\/es\/produkt\/vystrelovaci-nuz-microtech-marfione-halo-vi-351-mck\/","title":{"rendered":"Vyst\u0159elovac\u00ed N\u016f\u017e Microtech Marfione Halo VI 351-MCK"},"content":{"rendered":"<p>Vyst\u0159elovac\u00ed N\u016f\u017e <strong>Microtech Marfione <\/strong>Halo VI 351-MCK.<\/p>\n<p><strong>Jedin\u00fd kus v Evrop\u011b!!<\/strong><\/p>\n<p>Halo VI Automatic od Tony <strong>Marfione<\/strong> je t\u0159\u00edda sv\u011bta OTF a m\u00e1 jednu z nejsiln\u011bj\u0161\u00edch palebn\u00fdch \u010depel\u00ed, jak\u00e9 jsme kdy zpracovali. N\u00e1dhern\u00e1 slo\u017een\u00e1 tanto \u010depel je neuv\u011b\u0159iteln\u00fdch 11 cm taktick\u00e9 \u00fa\u017easnosti, vyroben\u00e1 z nerezov\u00e9 oceli M390 s ohromuj\u00edc\u00edm zrcadlov\u00fdm le\u0161t\u011bn\u00fdm povrchem. M\u00e1 n\u011bkolik lini\u00ed brou\u0161en\u00ed, co\u017e je podpis Tonyho a kart\u00e1\u010dovan\u00fd sat\u00e9n \u00fakos\u016f p\u0159isp\u00edv\u00e1 k nejvy\u0161\u0161\u00edmu vynikaj\u00edc\u00ed vzhledu. Rukoje\u0165 m\u00e1 d\u00e9lku p\u0159es 15 cm, tak\u017ee je dostate\u010dn\u011b velk\u00e1 pro ruce jak\u00e9koli velikosti, a p\u0159esto dostate\u010dn\u011b \u0161t\u00edhl\u00e1, aby se dala nosit relativn\u011b snadno. Tla\u010d\u00edtko vyst\u0159el\u00ed \u010depel bleskov\u011b rychle a tak\u00e9 \u010depel odemkne, tak\u017ee kdy\u017e zat\u00e1hnete za jaz\u00fd\u010dek na zadn\u00edm konci no\u017ee, \u010depel se snadno zasune do rukojeti a znovu vyst\u0159el\u00ed. Pro n\u011bkter\u00e9 to m\u016f\u017ee b\u00fdt pro EDC trochu velk\u00e9, ale tento n\u016f\u017e je rozhodn\u011b n\u011bco, s \u010d\u00edm si jen st\u011b\u017e\u00ed p\u0159estanete hr\u00e1t. Dod\u00e1v\u00e1 se se stylovou rukojet\u00ed z nerezov\u00e9 oceli 416 s modr\u00fdm eloxovan\u00fdm titanov\u00fdm hardwarem, nov\u011b p\u0159epracovan\u00fdm ovl\u00e1dac\u00edm tla\u010d\u00edtkem a rukojet\u00ed pro nab\u00edjen\u00ed a nylonov\u00fdm pouzdrem Marfione Custom Knives na ochranu. Jedn\u00e1 se o naprosto \u00fa\u017easn\u00fd n\u016f\u017e, kter\u00fd v\u00e1m opravdu poskytne pohled na to, jak hezk\u00e9 mohou b\u00fdt no\u017ee AUTO.<\/p>\n<p>Specifikace<br \/>\nD\u00e9lka \u010depele: 11 cm<br \/>\nUzav\u0159en\u00e1 d\u00e9lka: 15.5 cm<br \/>\nCelkov\u00e1 d\u00e9lka: 26.5 cm<br \/>\nMateri\u00e1l \u010depele: nerezov\u00e1 ocel M390 s vlo\u017ekou z uhl\u00edkov\u00fdch vl\u00e1ken<br \/>\nStyl \u010depele: Tanto<br \/>\nBlade Grind: Compound<br \/>\nFini\u0161 \u010depele: Mirror Polish<br \/>\nMateri\u00e1l rukojeti: Double Vapor Blasted 416 Stainless Steel<br \/>\nTlou\u0161\u0165ka rukojeti: 0,516 \u00bb<br \/>\nKapesn\u00ed klip: \u017d\u00e1dn\u00fd<br \/>\nMateri\u00e1l pl\u00e1\u0161t\u011b: \u017d\u00e1dn\u00fd<br \/>\nHmotnost: 10,65 oz.<br \/>\nN\u00e1vrh\u00e1\u0159i: Tony a Sean Marfione<br \/>\nModr\u00fd titanov\u00fd hardware<br \/>\nTla\u010d\u00edtko z uhl\u00edkov\u00fdch vl\u00e1ken a vlo\u017eky pro nab\u00edjen\u00ed<br \/>\nRu\u010dn\u011b vyr\u00e1b\u011bn\u00e9 v USA<\/p>\n<p>The Halo VI Automatic from Tony <strong>Marfione <\/strong>is the class of the OTF world and has one of the strongest firing blades we&#8217;ve ever handled. The gorgeous compound tanto blade is a whopping 4.375&#8243; of tactical awesomeness, made from M390 stainless steel with a stunning mirror-polished finish. It&#8217;s got multiple grind lines, which is a signature of Tony&#8217;s and the brushed satin of the bevels make for a supremely excellent look. The handle is over 6&#8243; in length so it&#8217;s large enough for any sized hands, yet slim enough to carry with relative ease. The push-button fires the blade out lightning-fast and it also unlocks the blade so that when you pull the tab at the butt end of the knife, the blade retracts easily into the handle to fire again. It might be a little large to EDC for some but this knife is definitely a head turner and something you will hardly ever stop playing with. Comes complete with a stylish double vapor blasted 416 stainless steel handle with blue anodized titanium hardware, a newly redesigned actuation button and charging handle, and a <strong>Marfione<\/strong> Custom Knives nylon pouch to protect it. This is an absolutely amazing knife, one that really gives you an insight into how nice out the front AUTOs can be.<\/p>\n<p>Specifications<br \/>\nBlade Length: 4.375&#8243;<br \/>\nCutting Edge: 4.0&#8243;<br \/>\nClosed Length: 6.15&#8243;<br \/>\nOverall Length: 10.55&#8243;<br \/>\nBlade Material: M390 Stainless Steel with Carbon Fiber Inlay<br \/>\nBlade Thickness: 0.166&#8243;<br \/>\nBlade Style: Tanto<br \/>\nBlade Grind: Compound<br \/>\nBlade Finish: Mirror Polish<br \/>\nHandle Material: Double Vapor Blasted 416 Stainless Steel<br \/>\nHandle Thickness: 0.516&#8243;<br \/>\nPocket Clip: None<br \/>\nSheath Material: None<br \/>\nWeight: 10.65 oz.<br \/>\nDesigners: Tony and Sean Marfione<br \/>\nBlue Titanium Hardware<br \/>\nCarbon Fiber Button and Charging Handle Inlays<br \/>\nHandmade in the USA<\/p>\n","protected":false},"excerpt":{"rendered":"<p>V pr\u016fb\u011bhu let <strong>Microtech\u00ae Knives <\/strong>naplnil v\u00e1\u0161n\u00ed a dovednost\u00ed v\u00fdrobu no\u017e\u016f, a\u017e z nich vytvo\u0159il t\u00e9m\u011b\u0159 um\u011bleck\u00e1 d\u00edla,kter\u00e9 jsou vrcholem funk\u010dnosti. V\u0161echny d\u00edly jsou vyrodeny v USA.<br \/>\n<strong>Na v\u0161echny no\u017ee Microtech je do\u017eivotn\u00ed z\u00e1ruka.<\/strong><\/p>\n<p><strong>Jedin\u00fd kus v Evrop\u011b.<\/strong><\/p>\n","protected":false},"featured_media":181965,"comment_status":"open","ping_status":"closed","template":"","meta":[],"pwb-brand":[431],"product_brand":[],"product_cat":[2019,17],"product_tag":[3667],"class_list":{"0":"post-181964","1":"product","2":"type-product","3":"status-publish","4":"has-post-thumbnail","6":"pwb-brand-microtech","7":"product_cat-vystrelovaci-noze","8":"product_cat-noze","9":"product_tag-b2b","11":"first","12":"outofstock","13":"taxable","14":"shipping-taxable","15":"purchasable","16":"product-type-simple"},"brands":[{"id":431,"name":"Microtech","slug":"microtech"}],"_links":{"self":[{"href":"https:\/\/www.moskito.cz\/es\/wp-json\/wp\/v2\/product\/181964","targetHints":{"allow":["GET"]}}],"collection":[{"href":"https:\/\/www.moskito.cz\/es\/wp-json\/wp\/v2\/product"}],"about":[{"href":"https:\/\/www.moskito.cz\/es\/wp-json\/wp\/v2\/types\/product"}],"replies":[{"embeddable":true,"href":"https:\/\/www.moskito.cz\/es\/wp-json\/wp\/v2\/comments?post=181964"}],"wp:featuredmedia":[{"embeddable":true,"href":"https:\/\/www.moskito.cz\/es\/wp-json\/wp\/v2\/media\/181965"}],"wp:attachment":[{"href":"https:\/\/www.moskito.cz\/es\/wp-json\/wp\/v2\/media?parent=181964"}],"wp:term":[{"taxonomy":"pwb-brand","embeddable":true,"href":"https:\/\/www.moskito.cz\/es\/wp-json\/wp\/v2\/pwb-brand?post=181964"},{"taxonomy":"product_brand","embeddable":true,"href":"https:\/\/www.moskito.cz\/es\/wp-json\/wp\/v2\/product_brand?post=181964"},{"taxonomy":"product_cat","embeddable":true,"href":"https:\/\/www.moskito.cz\/es\/wp-json\/wp\/v2\/product_cat?post=181964"},{"taxonomy":"product_tag","embeddable":true,"href":"https:\/\/www.moskito.cz\/es\/wp-json\/wp\/v2\/product_tag?post=181964"}],"curies":[{"name":"wp","href":"https:\/\/api.w.org\/{rel}","templated":true}]}}