{"id":189988,"date":"2021-02-13T16:10:37","date_gmt":"2021-02-13T15:10:37","guid":{"rendered":"https:\/\/www.moskito.cz\/?post_type=product&#038;p=189988"},"modified":"2025-08-09T12:41:11","modified_gmt":"2025-08-09T11:41:11","slug":"motylek-benchmark","status":"publish","type":"product","link":"https:\/\/www.moskito.cz\/es\/produkt\/motylek-benchmark\/","title":{"rendered":"Mot\u00fdlek BenchMark"},"content":{"rendered":"<p>Mot\u00fdlek BenchMark.<br \/>\nD\u00e9lka no\u017ee v zav\u0159en\u00e9m stavu je 11 cm, \u010depel m\u00e1 nerezov\u00e9 ost\u0159\u00ed, rukoje\u0165 je vyrobena ze st\u0159\u00edbrn\u00e9ho a \u010dern\u00e9ho skvrnit\u00e9ho lit\u00e9ho kovu.<br \/>\nMade in USA<\/p>\n<p>4.38&#8243; closed. 3.38&#8243; stainless blade. Black metal alloy handle.<br \/>\nWeight:0.3lbs<br \/>\nCountry of Origin:USA<\/p>\n","protected":false},"excerpt":{"rendered":"<p>Klasick\u00fd mot\u00fdlek <strong>BenchMark<\/strong>.<\/p>\n","protected":false},"featured_media":189989,"comment_status":"open","ping_status":"closed","template":"","meta":[],"pwb-brand":[136],"product_brand":[],"product_cat":[2030,17],"product_tag":[],"class_list":{"0":"post-189988","1":"product","2":"type-product","3":"status-publish","4":"has-post-thumbnail","6":"pwb-brand-benchmark","7":"product_cat-motylky","8":"product_cat-noze","10":"first","11":"outofstock","12":"taxable","13":"shipping-taxable","14":"purchasable","15":"product-type-simple"},"brands":[{"id":136,"name":"Benchmark","slug":"benchmark"}],"_links":{"self":[{"href":"https:\/\/www.moskito.cz\/es\/wp-json\/wp\/v2\/product\/189988","targetHints":{"allow":["GET"]}}],"collection":[{"href":"https:\/\/www.moskito.cz\/es\/wp-json\/wp\/v2\/product"}],"about":[{"href":"https:\/\/www.moskito.cz\/es\/wp-json\/wp\/v2\/types\/product"}],"replies":[{"embeddable":true,"href":"https:\/\/www.moskito.cz\/es\/wp-json\/wp\/v2\/comments?post=189988"}],"wp:featuredmedia":[{"embeddable":true,"href":"https:\/\/www.moskito.cz\/es\/wp-json\/wp\/v2\/media\/189989"}],"wp:attachment":[{"href":"https:\/\/www.moskito.cz\/es\/wp-json\/wp\/v2\/media?parent=189988"}],"wp:term":[{"taxonomy":"pwb-brand","embeddable":true,"href":"https:\/\/www.moskito.cz\/es\/wp-json\/wp\/v2\/pwb-brand?post=189988"},{"taxonomy":"product_brand","embeddable":true,"href":"https:\/\/www.moskito.cz\/es\/wp-json\/wp\/v2\/product_brand?post=189988"},{"taxonomy":"product_cat","embeddable":true,"href":"https:\/\/www.moskito.cz\/es\/wp-json\/wp\/v2\/product_cat?post=189988"},{"taxonomy":"product_tag","embeddable":true,"href":"https:\/\/www.moskito.cz\/es\/wp-json\/wp\/v2\/product_tag?post=189988"}],"curies":[{"name":"wp","href":"https:\/\/api.w.org\/{rel}","templated":true}]}}