{"id":190111,"date":"2021-02-14T21:42:04","date_gmt":"2021-02-14T20:42:04","guid":{"rendered":"https:\/\/www.moskito.cz\/?post_type=product&#038;p=190111"},"modified":"2025-07-11T07:53:35","modified_gmt":"2025-07-11T06:53:35","slug":"pevny-damaskovy-nuz-ulu-knife","status":"publish","type":"product","link":"https:\/\/www.moskito.cz\/es\/produkt\/pevny-damaskovy-nuz-ulu-knife\/","title":{"rendered":"Pevn\u00fd Dama\u0161kov\u00fd N\u016f\u017e Ulu Knife"},"content":{"rendered":"<p>Pevn\u00fd Dama\u0161kov\u00fd N\u016f\u017e <strong>Ulu Knife<\/strong>.<br \/>\nRukoje\u0165 je dlouh\u00e1 11 cm. Dama\u0161kov\u00e1 ocelov\u00e1 \u010depel je dlouh\u00e1 14 cm. Rukoje\u0165 z jelen\u00edho parohu. Pouzdro na opasek je sou\u010d\u00e1st\u00ed no\u017ee a je vyrobeno z hn\u011bd\u00e9 k\u016f\u017ee.<br \/>\nZem\u011b p\u016fvodu: P\u00e1kist\u00e1n<\/p>\n<p>4.38&#8243; handle. 5.5&#8243; Damascus steel ulu blade. Stag bone handle. Brown leather belt sheath. Boxed.<br \/>\nWeight:0.98lbs<br \/>\nCountry of Origin:Pakistan<\/p>\n","protected":false},"excerpt":{"rendered":"<p>Dama\u0161kov\u00fd Ulu Knife.<br \/>\n<strong>Doprava zdarma<\/strong>. <\/p>\n","protected":false},"featured_media":190112,"comment_status":"open","ping_status":"closed","template":"","meta":[],"pwb-brand":[133],"product_brand":[],"product_cat":[25,17],"product_tag":[],"class_list":{"0":"post-190111","1":"product","2":"type-product","3":"status-publish","4":"has-post-thumbnail","6":"pwb-brand-damascus","7":"product_cat-damascenske-noze","8":"product_cat-noze","10":"first","11":"outofstock","12":"taxable","13":"shipping-taxable","14":"purchasable","15":"product-type-simple"},"brands":[{"id":133,"name":"Damascus","slug":"damascus"}],"_links":{"self":[{"href":"https:\/\/www.moskito.cz\/es\/wp-json\/wp\/v2\/product\/190111","targetHints":{"allow":["GET"]}}],"collection":[{"href":"https:\/\/www.moskito.cz\/es\/wp-json\/wp\/v2\/product"}],"about":[{"href":"https:\/\/www.moskito.cz\/es\/wp-json\/wp\/v2\/types\/product"}],"replies":[{"embeddable":true,"href":"https:\/\/www.moskito.cz\/es\/wp-json\/wp\/v2\/comments?post=190111"}],"wp:featuredmedia":[{"embeddable":true,"href":"https:\/\/www.moskito.cz\/es\/wp-json\/wp\/v2\/media\/190112"}],"wp:attachment":[{"href":"https:\/\/www.moskito.cz\/es\/wp-json\/wp\/v2\/media?parent=190111"}],"wp:term":[{"taxonomy":"pwb-brand","embeddable":true,"href":"https:\/\/www.moskito.cz\/es\/wp-json\/wp\/v2\/pwb-brand?post=190111"},{"taxonomy":"product_brand","embeddable":true,"href":"https:\/\/www.moskito.cz\/es\/wp-json\/wp\/v2\/product_brand?post=190111"},{"taxonomy":"product_cat","embeddable":true,"href":"https:\/\/www.moskito.cz\/es\/wp-json\/wp\/v2\/product_cat?post=190111"},{"taxonomy":"product_tag","embeddable":true,"href":"https:\/\/www.moskito.cz\/es\/wp-json\/wp\/v2\/product_tag?post=190111"}],"curies":[{"name":"wp","href":"https:\/\/api.w.org\/{rel}","templated":true}]}}