{"id":195303,"date":"2021-03-23T21:20:38","date_gmt":"2021-03-23T20:20:38","guid":{"rendered":"https:\/\/www.moskito.cz\/?post_type=product&#038;p=195303"},"modified":"2025-07-11T07:53:51","modified_gmt":"2025-07-11T06:53:51","slug":"vystrelovaci-nuz-microtech-troodon-138-1-t","status":"publish","type":"product","link":"https:\/\/www.moskito.cz\/es\/produkt\/vystrelovaci-nuz-microtech-troodon-138-1-t\/","title":{"rendered":"Vyst\u0159elovac\u00ed N\u016f\u017e Microtech Troodon 138-1 T"},"content":{"rendered":"<p>Vyst\u0159elovac\u00ed N\u016f\u017e <strong>Microtech<\/strong> Troodon 138-1 T.<\/p>\n<p>Z p\u0159edu vyst\u0159elovac\u00ed n\u016f\u017e.<\/p>\n<p>Tento <strong>Troodon<\/strong> m\u00e1\u00a0 \u010depel brou\u0161enou z obou stran. Rukoje\u0165 je \u010dern\u011b eloxovan\u00fd hlin\u00edk T-6 s dr\u00e1\u017ekami pro v\u011bt\u0161\u00ed p\u0159idr\u017eovac\u00ed schopnost. Pojistka, kapesn\u00ed klip a rob\u00edje\u010d skla jsou st\u0159\u00edbrn\u00e9.<\/p>\n<p>Jednoduch\u00fd troodonov\u00fd n\u016f\u017e od firmy\u00a0<strong>Microtech<\/strong>\u00a0je pojmenov\u00e1n po dinosauru Troodon, tento n\u016f\u017e byl vlajkov\u00fdm no\u017eem spole\u010dnosti Microtech v roce 2006.<\/p>\n<p>Celkov\u00e1 d\u00e9lka: 19.2 cm<br \/>\nD\u00e9lka \u010depele: 7.5 cm<br \/>\nMateri\u00e1l \u010depele: Elmax<br \/>\nStyl \u010depele: D\u00fdka<br \/>\nB\u0159itov\u00e9 desti\u010dky: Ploch\u00e9<br \/>\nD\u00e9lka rukojeti: 10.63 cm<br \/>\nTlou\u0161\u0165ka rukojeti: 1.12 cm<br \/>\nMateri\u00e1l rukojeti: hlin\u00edk<br \/>\n\u010cern\u00e1 barva<br \/>\nHmotnost: 3,00 oz.<br \/>\nU\u017eivatel: Prav\u00e1 ruka<br \/>\nPocket Clip: Tip-Down<br \/>\nTyp no\u017ee: Automatick\u00fd<br \/>\nOtv\u00edra\u010d: Thumb Slide<br \/>\nZna\u010dka: Microtech<br \/>\nModel: Troodon<br \/>\n\u010c\u00edslo modelu: 138-1 T<br \/>\nZem\u011b p\u016fvodu: USA<br \/>\nNejlep\u0161\u00ed vyu\u017eit\u00ed: Taktick\u00e9<\/p>\n<div class=\"description\">\n<p>Named after the Troodon (troh-o-don) Dinosaur, this knife defines the new era for Microtech Knives. Troodon is Greek for \u00abwounding tooth\u00bb. New enhancements include a new slender handle, contoured shape and radical design elements, as well as a sophisticated internal mechanism, which improves operational functionality and reliability. The Troodon brings together a new out-the-front technology with the feel of a <strong>Microtech<\/strong> classic. This project was spear headed personally by Anthony Marfione and consisted of an internal collaboration of the <strong>Microtech<\/strong> team. The Troodon was the flagship for <strong>Microtech&#8217;s<\/strong> entire 2006 out-the-front line.<\/p>\n<\/div>\n<div class=\"specifications\">\n<div class=\"specs\">\n<h3 class=\"specificationsPDP\">Specifications<\/h3>\n<ul>\n<li>Blade Length: 3.06&#8243;<\/li>\n<li>Blade Thickness: 0.095&#8243;<\/li>\n<li>Glass Break: Removable Tungsten Tip Glass Breaker<\/li>\n<li>Handle: 6061-T6 Aluminum Mil Spec Hard Coat Anodized<\/li>\n<li>Handle Thickness: Sculptured Tapered Min 0.304&#8243; Max 435&#8243;<\/li>\n<li>Length Open: 7.64&#8243;<\/li>\n<li>Length Closed: 4.58&#8243;<\/li>\n<li>Pocket Clip: 301 Spring Tempered, Ambidextrous<\/li>\n<li>Action: Dual Action Auto Fire and Retract<\/li>\n<li>Weight: 2.8 oz.<\/li>\n<li><strong>Please note, blade steel cannot be specified as it can change depending on availability (information from Microtech)<\/strong><\/li>\n<li>Made in the USA<\/li>\n<\/ul>\n<\/div>\n<\/div>\n","protected":false},"excerpt":{"rendered":"<p>V pr\u016fb\u011bhu let\u00a0<strong>Microtech\u00ae\u00a0<\/strong>Knives naplnil v\u00e1\u0161n\u00ed a dovednost\u00ed v\u00fdrobu no\u017e\u016f, a\u017e z nich vytvo\u0159il t\u00e9m\u011b\u0159 um\u011bleck\u00e1 d\u00edla,kter\u00e9 jsou vrcholem funk\u010dnosti.V\u0161echny d\u00edly jsou vyrodeny v USA.<br \/>\n<strong>Na v\u0161echny no\u017ee Microtech je do\u017eivotn\u00ed z\u00e1ruka ( min. 80 000 cykl\u016f, otev\u0159en\u00ed a zav\u0159en\u00ed)<\/strong><\/p>\n","protected":false},"featured_media":195304,"comment_status":"open","ping_status":"closed","template":"","meta":[],"pwb-brand":[431],"product_brand":[],"product_cat":[2019,17],"product_tag":[3667],"class_list":{"0":"post-195303","1":"product","2":"type-product","3":"status-publish","4":"has-post-thumbnail","6":"pwb-brand-microtech","7":"product_cat-vystrelovaci-noze","8":"product_cat-noze","9":"product_tag-b2b","11":"first","12":"outofstock","13":"taxable","14":"shipping-taxable","15":"purchasable","16":"product-type-simple"},"brands":[{"id":431,"name":"Microtech","slug":"microtech"}],"_links":{"self":[{"href":"https:\/\/www.moskito.cz\/es\/wp-json\/wp\/v2\/product\/195303","targetHints":{"allow":["GET"]}}],"collection":[{"href":"https:\/\/www.moskito.cz\/es\/wp-json\/wp\/v2\/product"}],"about":[{"href":"https:\/\/www.moskito.cz\/es\/wp-json\/wp\/v2\/types\/product"}],"replies":[{"embeddable":true,"href":"https:\/\/www.moskito.cz\/es\/wp-json\/wp\/v2\/comments?post=195303"}],"wp:featuredmedia":[{"embeddable":true,"href":"https:\/\/www.moskito.cz\/es\/wp-json\/wp\/v2\/media\/195304"}],"wp:attachment":[{"href":"https:\/\/www.moskito.cz\/es\/wp-json\/wp\/v2\/media?parent=195303"}],"wp:term":[{"taxonomy":"pwb-brand","embeddable":true,"href":"https:\/\/www.moskito.cz\/es\/wp-json\/wp\/v2\/pwb-brand?post=195303"},{"taxonomy":"product_brand","embeddable":true,"href":"https:\/\/www.moskito.cz\/es\/wp-json\/wp\/v2\/product_brand?post=195303"},{"taxonomy":"product_cat","embeddable":true,"href":"https:\/\/www.moskito.cz\/es\/wp-json\/wp\/v2\/product_cat?post=195303"},{"taxonomy":"product_tag","embeddable":true,"href":"https:\/\/www.moskito.cz\/es\/wp-json\/wp\/v2\/product_tag?post=195303"}],"curies":[{"name":"wp","href":"https:\/\/api.w.org\/{rel}","templated":true}]}}