{"id":195370,"date":"2021-03-24T21:40:02","date_gmt":"2021-03-24T20:40:02","guid":{"rendered":"https:\/\/www.moskito.cz\/?post_type=product&#038;p=195370"},"modified":"2025-07-11T07:53:59","modified_gmt":"2025-07-11T06:53:59","slug":"vystrelovaci-nuz-microtech-ludt-apocalyptic-bronze-135-13-apod","status":"publish","type":"product","link":"https:\/\/www.moskito.cz\/es\/produkt\/vystrelovaci-nuz-microtech-ludt-apocalyptic-bronze-135-13-apod\/","title":{"rendered":"Vyst\u0159elovac\u00ed N\u016f\u017e Microtech LUDT Apocalyptic Bronze 135-13 APOD"},"content":{"rendered":"<p>Vyst\u0159elovac\u00ed N\u016f\u017e <strong>Microtech<\/strong> LUDT Apocalyptic Bronze 135-13 APOD.<\/p>\n<p><strong>Microtech LUDT<\/strong>\u00a0je \u200b\u200bzp\u011bt a lep\u0161\u00ed ne\u017e kdy jindy! V\u00fdrazn\u00e9 zm\u011bny automatick\u00e9ho no\u017ee LUDT lze vid\u011bt v cel\u00e9 jeho kr\u00e1se, ale nejv\u00fdrazn\u011bj\u0161\u00edm je rozd\u00edl v revidovan\u00e9m profilu.<\/p>\n<p>Tvar zp\u011btn\u00e9ho chodu je vid\u011bt v fr\u00e9zovan\u00fdch dr\u00e1\u017ek\u00e1ch z ku\u017eelov\u00e9 hlin\u00edkov\u00e9 rukojeti 6061-T6, kter\u00e1 se datuje od model\u016f z po\u010d\u00e1tku roku 2000. LUDT je \u200b\u200bto, co pova\u017eujeme za \u201ecenovou dokonalost\u201c. Kombinuje p\u0159esn\u00e9 zpracov\u00e1n\u00ed, pr\u00e9miov\u00e9 materi\u00e1ly a nad\u010dasov\u00fd design.<\/p>\n<p>P\u0159ed v\u00edce ne\u017e 20 lety p\u0159edstavil Anthony Marfione U.D.T. (Underwater Demolition Team), kompaktn\u00ed automatick\u00e1 n\u016f\u017e, kter\u00fd byl okam\u017eit\u00fdm hitem mezi nad\u0161enci no\u017e\u016f. Velk\u00fd UDT, nebo LUDT, n\u00e1sledoval brzy pot\u00e9 a od t\u00e9 doby je p\u0159eru\u0161ovan\u011b vyr\u00e1b\u011bn.<\/p>\n<p>Celkov\u00e1 d\u00e9lka: 20cm<br \/>\nD\u00e9lka \u010depele: 8.5 cm<br \/>\nTlou\u0161\u0165ka \u010depele: 0,33 cm<br \/>\nMateri\u00e1l \u010depele: Elmax<br \/>\nStyl \u010depel\u00ed: Drop Point<br \/>\nB\u0159itov\u00e9 desti\u010dky: Ploch\u00e9<br \/>\nTyp okraje: oby\u010dejn\u00fd<br \/>\nMateri\u00e1l rukojeti: hlin\u00edk<br \/>\nHmotnost: 3,62 oz.<br \/>\nU\u017eivatel: Prav\u00e1 ruka<br \/>\nPocket Clip: Tip-Up<br \/>\nTyp no\u017ee: Automatick\u00fd<br \/>\nTyp z\u00e1mku: Blokovac\u00ed z\u00e1mek<br \/>\nZna\u010dka: Microtech<br \/>\nModel: LUDT<br \/>\n\u010c\u00edslo modelu: 135-13 APOD<br \/>\nZem\u011b p\u016fvodu: USA<br \/>\nNejlep\u0161\u00ed vyu\u017eit\u00ed: Taktick\u00e9<\/p>\n<p>As the pioneer of <strong>Microtech&#8217;s<\/strong> folding knife line, the U.D.T. has evolved to be an exceptional combination of form and function. The first prototype models featured rubber Kraton inlays and were available in small, medium and large sizes. These models were later consolidated to a single size, featuring a grooved, contoured aluminum handle with jibbing along the top of the handle, that carries onto the spine of the blade. The L.U.D.T. boasts an explosive deployment mechanism, not commonly found in a knife of this size.<\/p>\n<pre id=\"tw-target-text\" class=\"tw-data-text tw-text-large XcVN5d tw-ta\" dir=\"ltr\" data-placeholder=\"P\u0159eklad\"><span lang=\"en\">Overall Length: 8.04 \"(204mm)\r\nBlade Length: 3.43 \"(87mm)\r\nCutting Edge Length: 3.23 \"(82mm)\r\nBlade Thickness: 0.126 \"(3.18mm)\r\nBlade Finish: Bronze Apocalyptic\r\nBlade Style: Drop Point\r\nEdge Style: Plain\r\nHandle Material: OD Green Aluminum\r\nHandle Thickness: 0.53 \"(13.46mm)\r\nPocket Clip: Tip-Down\r\nWeight: 2.29oz (64.92g)\r\nManufacturer Ref. #: 135-13APOD\r\nCountry of Origin: USA<\/span><\/pre>\n","protected":false},"excerpt":{"rendered":"<p>V pr\u016fb\u011bhu let\u00a0<strong>Microtech\u00ae\u00a0<\/strong>Knives naplnil v\u00e1\u0161n\u00ed a dovednost\u00ed v\u00fdrobu no\u017e\u016f, a\u017e z nich vytvo\u0159il t\u00e9m\u011b\u0159 um\u011bleck\u00e1 d\u00edla,kter\u00e9 jsou vrcholem funk\u010dnosti.V\u0161echny d\u00edly jsou vyrodeny v USA.<br \/>\n<strong>Na v\u0161echny no\u017ee Microtech je do\u017eivotn\u00ed z\u00e1ruka ( min. 80 000 cykl\u016f, otev\u0159en\u00ed a zav\u0159en\u00ed)<\/strong><\/p>\n","protected":false},"featured_media":195371,"comment_status":"open","ping_status":"closed","template":"","meta":[],"pwb-brand":[431],"product_brand":[],"product_cat":[2019,17],"product_tag":[3667],"class_list":{"0":"post-195370","1":"product","2":"type-product","3":"status-publish","4":"has-post-thumbnail","6":"pwb-brand-microtech","7":"product_cat-vystrelovaci-noze","8":"product_cat-noze","9":"product_tag-b2b","11":"first","12":"outofstock","13":"taxable","14":"shipping-taxable","15":"purchasable","16":"product-type-simple"},"brands":[{"id":431,"name":"Microtech","slug":"microtech"}],"_links":{"self":[{"href":"https:\/\/www.moskito.cz\/es\/wp-json\/wp\/v2\/product\/195370","targetHints":{"allow":["GET"]}}],"collection":[{"href":"https:\/\/www.moskito.cz\/es\/wp-json\/wp\/v2\/product"}],"about":[{"href":"https:\/\/www.moskito.cz\/es\/wp-json\/wp\/v2\/types\/product"}],"replies":[{"embeddable":true,"href":"https:\/\/www.moskito.cz\/es\/wp-json\/wp\/v2\/comments?post=195370"}],"wp:featuredmedia":[{"embeddable":true,"href":"https:\/\/www.moskito.cz\/es\/wp-json\/wp\/v2\/media\/195371"}],"wp:attachment":[{"href":"https:\/\/www.moskito.cz\/es\/wp-json\/wp\/v2\/media?parent=195370"}],"wp:term":[{"taxonomy":"pwb-brand","embeddable":true,"href":"https:\/\/www.moskito.cz\/es\/wp-json\/wp\/v2\/pwb-brand?post=195370"},{"taxonomy":"product_brand","embeddable":true,"href":"https:\/\/www.moskito.cz\/es\/wp-json\/wp\/v2\/product_brand?post=195370"},{"taxonomy":"product_cat","embeddable":true,"href":"https:\/\/www.moskito.cz\/es\/wp-json\/wp\/v2\/product_cat?post=195370"},{"taxonomy":"product_tag","embeddable":true,"href":"https:\/\/www.moskito.cz\/es\/wp-json\/wp\/v2\/product_tag?post=195370"}],"curies":[{"name":"wp","href":"https:\/\/api.w.org\/{rel}","templated":true}]}}