{"id":195380,"date":"2021-03-24T22:14:28","date_gmt":"2021-03-24T21:14:28","guid":{"rendered":"https:\/\/www.moskito.cz\/?post_type=product&#038;p=195380"},"modified":"2025-07-11T07:54:01","modified_gmt":"2025-07-11T06:54:01","slug":"vystrelovaci-nuz-microtech-combat-troodon-142-1-bl","status":"publish","type":"product","link":"https:\/\/www.moskito.cz\/es\/produkt\/vystrelovaci-nuz-microtech-combat-troodon-142-1-bl\/","title":{"rendered":"Vyst\u0159elovac\u00ed N\u016f\u017e Microtech Combat Troodon 142-1 BL"},"content":{"rendered":"<p>Vyst\u0159elovac\u00ed N\u016f\u017e <strong>Microtech<\/strong> Combat Troodon 142-1 BL.<\/p>\n<p><span lang=\"cs\">V pr\u016fb\u011bhu let\u00a0<strong>Microtech\u00ae Knives\u00a0<\/strong>naplnil v\u00e1\u0161n\u00ed a dovednost\u00ed v\u00fdrobu no\u017e\u016f, a\u017e z nich vytvo\u0159il t\u00e9m\u011b\u0159 um\u011bleck\u00e1 d\u00edla,kter\u00e9 jsou vrcholem funk\u010dnosti. I nad\u00e1le posouv\u00e1 hranice a zlep\u0161uje to,<br \/>\nco ji\u017e v\u00ed, \u017ee funguje. V roce 2020 se\u00a0<strong>Microtech\u00ae Knives<\/strong>\u00a0rozrostl na p\u0159edn\u00ed no\u017e\u00ed\u0159skou<br \/>\nzna\u010dku, kter\u00e1 se neust\u00e1le vyv\u00edj\u00ed a pohybuje vp\u0159ed pomoc\u00ed nejnov\u011bj\u0161\u00edch technologi\u00ed,<br \/>\nstarod\u00e1vn\u00fdch z\u00e1sad p\u0159i v\u00fdrob\u011b \u010depel\u00ed a maxim\u00e1ln\u00edho testov\u00e1n\u00ed v ter\u00e9nu, tak aby nekompromitovali kvalitu.<\/span><\/p>\n<p>Z p\u0159edu vyst\u0159elovac\u00ed n\u016f\u017e.<\/p>\n<p>Vyst\u0159elovac\u00ed N\u016f\u017e\u00a0<strong>Microtech Combat Troodon <\/strong>m\u00e1 \u010dernou \u010depel z nerezov\u00e9 oceli s hladkou hranou. Hlin\u00edkov\u00e1 rukoje\u0165 s kuli\u010dkov\u00fdm hrotem na rozbit\u00ed skla je z u\u0161lechtil\u00e9 oceli.<br \/>\nNejv\u011bt\u0161\u00ed v\u00fdrobn\u00ed n\u016f\u017e OTF firmy\u00a0<strong>Microtech\u00a0<\/strong>je pojmenov\u00e1n po dinosauru Troodon. Combat Troodon je opravdu velk\u00e1 verze popul\u00e1rn\u00edho Troodonu. Navzdory velikosti je rukoje\u0165 \u0161t\u00edhl\u00e1 a pohodln\u00e1.<\/p>\n<p>Celkov\u00e1 d\u00e9lka: 23.75 cm<br \/>\nD\u00e9lka \u010depele: 9.5 cm<br \/>\nMateri\u00e1l \u010depele: 204P<br \/>\nStyl \u010depele: D\u00fdka<br \/>\nB\u0159itov\u00e9 desti\u010dky: Ploch\u00e9<br \/>\nTyp okraje: oby\u010dejn\u00fd<br \/>\nD\u00e9lka rukojeti: 14.37 cm<br \/>\nTlou\u0161\u0165ka rukojeti: 1.37 cm<br \/>\nMateri\u00e1l rukojeti: hlin\u00edk<br \/>\nHmotnost: 5,35 oz.<br \/>\nU\u017eivatel: Prav\u00e1 ruka<br \/>\nPocket Clip: Tip-Down<br \/>\nTyp no\u017ee: Double-Action OTF Automatic<br \/>\nOtv\u00edra\u010d: Thumb Slide<br \/>\nZna\u010dka: Microtech<br \/>\nModel: Combat Troodon<br \/>\n\u010c\u00edslo modelu: 142-1 BL<br \/>\nZem\u011b p\u016fvodu: USA<br \/>\nNejlep\u0161\u00ed vyu\u017eit\u00ed: Taktick\u00e9<\/p>\n<p>Blue Double Edge (D\/E) Combat Troodon with black blade finish and standard hardware. Double action Out the Front (OTF) knife. Blue anodized 6061-T6 aluminum handle with\u00a0<strong>ELMAX OR 204P<\/strong>\u00a0steel blade.<\/p>\n<p><strong>Microtech<\/strong> Combat Troodon Blue Double Edge OTF Black Blade 142-1 BL<\/p>\n<ul>\n<li>Model Number: 142-1 BL<\/li>\n<li>Overall Length: 9.5&#8243;<\/li>\n<li>Blade Length: 3.8&#8243;<\/li>\n<li>Handle Length: 5.3&#8243;<\/li>\n<li>Blade Material:\u00a0<strong>ELMAX OR 204P<br \/>\n<\/strong><\/li>\n<li>Blade Style: Double Edge<\/li>\n<li>Finish: Black<\/li>\n<li>Color: Blue<\/li>\n<li>Weight: 5.5 oz.<\/li>\n<\/ul>\n","protected":false},"excerpt":{"rendered":"<p>V pr\u016fb\u011bhu let\u00a0<strong>Microtech\u00ae\u00a0<\/strong>Knives naplnil v\u00e1\u0161n\u00ed a dovednost\u00ed v\u00fdrobu no\u017e\u016f, a\u017e z nich vytvo\u0159il t\u00e9m\u011b\u0159 um\u011bleck\u00e1 d\u00edla,kter\u00e9 jsou vrcholem funk\u010dnosti.V\u0161echny d\u00edly jsou vyrodeny v USA.<br \/>\n<strong>Na v\u0161echny no\u017ee Microtech je do\u017eivotn\u00ed z\u00e1ruka ( min. 80 000 cykl\u016f, otev\u0159en\u00ed a zav\u0159en\u00ed)<\/strong><\/p>\n","protected":false},"featured_media":195381,"comment_status":"open","ping_status":"closed","template":"","meta":[],"pwb-brand":[431],"product_brand":[],"product_cat":[2019,17],"product_tag":[3667],"class_list":{"0":"post-195380","1":"product","2":"type-product","3":"status-publish","4":"has-post-thumbnail","6":"pwb-brand-microtech","7":"product_cat-vystrelovaci-noze","8":"product_cat-noze","9":"product_tag-b2b","11":"first","12":"outofstock","13":"taxable","14":"shipping-taxable","15":"purchasable","16":"product-type-simple"},"brands":[{"id":431,"name":"Microtech","slug":"microtech"}],"_links":{"self":[{"href":"https:\/\/www.moskito.cz\/es\/wp-json\/wp\/v2\/product\/195380","targetHints":{"allow":["GET"]}}],"collection":[{"href":"https:\/\/www.moskito.cz\/es\/wp-json\/wp\/v2\/product"}],"about":[{"href":"https:\/\/www.moskito.cz\/es\/wp-json\/wp\/v2\/types\/product"}],"replies":[{"embeddable":true,"href":"https:\/\/www.moskito.cz\/es\/wp-json\/wp\/v2\/comments?post=195380"}],"wp:featuredmedia":[{"embeddable":true,"href":"https:\/\/www.moskito.cz\/es\/wp-json\/wp\/v2\/media\/195381"}],"wp:attachment":[{"href":"https:\/\/www.moskito.cz\/es\/wp-json\/wp\/v2\/media?parent=195380"}],"wp:term":[{"taxonomy":"pwb-brand","embeddable":true,"href":"https:\/\/www.moskito.cz\/es\/wp-json\/wp\/v2\/pwb-brand?post=195380"},{"taxonomy":"product_brand","embeddable":true,"href":"https:\/\/www.moskito.cz\/es\/wp-json\/wp\/v2\/product_brand?post=195380"},{"taxonomy":"product_cat","embeddable":true,"href":"https:\/\/www.moskito.cz\/es\/wp-json\/wp\/v2\/product_cat?post=195380"},{"taxonomy":"product_tag","embeddable":true,"href":"https:\/\/www.moskito.cz\/es\/wp-json\/wp\/v2\/product_tag?post=195380"}],"curies":[{"name":"wp","href":"https:\/\/api.w.org\/{rel}","templated":true}]}}