{"id":197171,"date":"2021-04-22T20:40:35","date_gmt":"2021-04-22T19:40:35","guid":{"rendered":"https:\/\/www.moskito.cz\/?post_type=product&#038;p=197171"},"modified":"2025-07-11T07:54:28","modified_gmt":"2025-07-11T06:54:28","slug":"heretic-olej-na-noze-h999-otf","status":"publish","type":"product","link":"https:\/\/www.moskito.cz\/es\/produkt\/heretic-olej-na-noze-h999-otf\/","title":{"rendered":"Heretic Olej na No\u017ee H999-OTF"},"content":{"rendered":"<p><strong>Heretic<\/strong> Olej na No\u017ee H999-OTF.<\/p>\n<p>Tento olej byl vyvinut\u00fd pro no\u017ee OTF a pou\u017e\u00edvaj\u00ed se v\u00fdhradn\u011b na v\u0161echny no\u017ee Heretic. Jedn\u00e1 se o syntetick\u00fd olej s inhibitorem koroze, p\u0159\u00edsadou proti opot\u0159eben\u00ed a obohacen\u00fd o PTFE. Toto mazivo lze pou\u017e\u00edt na jak\u00fdkoli typ no\u017ee, ale bylo speci\u00e1ln\u011b ur\u010deno pro komunitu OTF, proto\u017ee viskozita je jedn\u00edm z nejv\u011bt\u0161\u00edch faktor\u016f, pokud jde o maz\u00e1n\u00ed pou\u017e\u00edvan\u00e9 pro no\u017ee OTF. OTF Lube \u2122 je balen do lahvi\u010dky o objemu jedn\u00e9 unce s jehlov\u00fdm aplik\u00e1torem.<br \/>\n<strong>Kdo ma\u017ee ten jede !<br \/>\n<\/strong><\/p>\n<p><iframe title=\"Heretic Shop Video\" width=\"800\" height=\"450\" src=\"https:\/\/www.youtube.com\/embed\/7qUL5q7Cvgo?feature=oembed\" frameborder=\"0\" allow=\"accelerometer; autoplay; clipboard-write; encrypted-media; gyroscope; picture-in-picture; web-share\" referrerpolicy=\"strict-origin-when-cross-origin\" allowfullscreen><\/iframe><\/p>\n<p>&nbsp;<\/p>\n","protected":false},"excerpt":{"rendered":"<p>V\u0161echny produkty jsou vyr\u00e1b\u011bny v<strong> USA<\/strong> a bude to tak i nad\u00e1le. Ka\u017ed\u00fd v\u00fdrobek, kter\u00fd opust\u00ed v\u00fdrobnu, je bezvadn\u00fdm um\u011bleck\u00fdm d\u00edlem,\u00a0 kter\u00fd ur\u010dit\u011b zap\u016fsob\u00ed!<\/p>\n","protected":false},"featured_media":197172,"comment_status":"open","ping_status":"closed","template":"","meta":[],"pwb-brand":[318],"product_brand":[],"product_cat":[2019,17],"product_tag":[],"class_list":{"0":"post-197171","1":"product","2":"type-product","3":"status-publish","4":"has-post-thumbnail","6":"pwb-brand-heretic-knives","7":"product_cat-vystrelovaci-noze","8":"product_cat-noze","10":"first","11":"outofstock","12":"taxable","13":"shipping-taxable","14":"purchasable","15":"product-type-simple"},"brands":[{"id":318,"name":"Heretic Knives","slug":"heretic-knives"}],"_links":{"self":[{"href":"https:\/\/www.moskito.cz\/es\/wp-json\/wp\/v2\/product\/197171","targetHints":{"allow":["GET"]}}],"collection":[{"href":"https:\/\/www.moskito.cz\/es\/wp-json\/wp\/v2\/product"}],"about":[{"href":"https:\/\/www.moskito.cz\/es\/wp-json\/wp\/v2\/types\/product"}],"replies":[{"embeddable":true,"href":"https:\/\/www.moskito.cz\/es\/wp-json\/wp\/v2\/comments?post=197171"}],"wp:featuredmedia":[{"embeddable":true,"href":"https:\/\/www.moskito.cz\/es\/wp-json\/wp\/v2\/media\/197172"}],"wp:attachment":[{"href":"https:\/\/www.moskito.cz\/es\/wp-json\/wp\/v2\/media?parent=197171"}],"wp:term":[{"taxonomy":"pwb-brand","embeddable":true,"href":"https:\/\/www.moskito.cz\/es\/wp-json\/wp\/v2\/pwb-brand?post=197171"},{"taxonomy":"product_brand","embeddable":true,"href":"https:\/\/www.moskito.cz\/es\/wp-json\/wp\/v2\/product_brand?post=197171"},{"taxonomy":"product_cat","embeddable":true,"href":"https:\/\/www.moskito.cz\/es\/wp-json\/wp\/v2\/product_cat?post=197171"},{"taxonomy":"product_tag","embeddable":true,"href":"https:\/\/www.moskito.cz\/es\/wp-json\/wp\/v2\/product_tag?post=197171"}],"curies":[{"name":"wp","href":"https:\/\/api.w.org\/{rel}","templated":true}]}}