{"id":197307,"date":"2021-04-26T21:42:18","date_gmt":"2021-04-26T20:42:18","guid":{"rendered":"https:\/\/www.moskito.cz\/?post_type=product&#038;p=197307"},"modified":"2026-01-05T01:34:10","modified_gmt":"2026-01-05T00:34:10","slug":"pevny-nuz-extrema-ratio-waki-black","status":"publish","type":"product","link":"https:\/\/www.moskito.cz\/es\/produkt\/pevny-nuz-extrema-ratio-waki-black\/","title":{"rendered":"Pevn\u00fd N\u016f\u017e Extrema Ratio WAKI BLACK"},"content":{"rendered":"<p>Pevn\u00fd N\u016f\u017e <strong>Extrema Ratio<\/strong> WAKI BLACK.<\/p>\n<p>Waki poch\u00e1z\u00ed ze zn\u00e1m\u00fdch japonsk\u00fdch me\u010d\u016f Wakizashi. Samuraj to v\u017edy nosil s sebou, zat\u00edmco katana byla pou\u017e\u00edv\u00e1na pouze v p\u0159\u00edpad\u011b bitev. \u010cepel Waki \u200b\u200bse vyr\u00e1b\u00ed z oceli Boehler N690 a kalen\u00e1 p\u0159i 58 HRC. Rukoje\u0165 je z forprenu. N\u016f\u017e je dod\u00e1v\u00e1n s pochvou cordura, kter\u00e1 bezpe\u010dn\u011b p\u0159en\u00e1\u0161\u00ed naost\u0159en\u00fd n\u016f\u017e a chr\u00e1n\u00ed jej p\u0159ed n\u00e1hodn\u00fdm n\u00e1razem, kter\u00fd by mohl sn\u00ed\u017eit jeho \u00fa\u010dinnost. M\u016f\u017ee b\u00fdt p\u0159ipevn\u011bn k taktick\u00fdm vest\u00e1m nebo b\u011b\u017en\u00fdm opask\u016fm, co\u017e odpov\u00edd\u00e1 syst\u00e9mu MOLLE.<\/p>\n<p>TECHNICK\u00dd LIST<br \/>\nHmotnost g.:384<br \/>\nHmotnost oz.: 13,54<br \/>\nD\u00e9lka \u010depele (mm): 297<br \/>\nD\u00e9lka \u010depele (v palc\u00edch): 11,69<br \/>\nCelkov\u00e1 d\u00e9lka (mm): 456<br \/>\nCelkov\u00e1 d\u00e9lka (v): 17,95<br \/>\nTlou\u0161\u0165ka \u010depele (mm): 4<br \/>\nTlou\u0161\u0165ka \u010depele (v palc\u00edch): 0,15<br \/>\nMateri\u00e1l \u010depele: B\u00f6HLER STEEL N690 (58HRC)<br \/>\nDokon\u010den\u00ed \u010depele: VYH\u0158\u00cdV\u00c1N\u00cd MIL-C-13924<br \/>\nHlavn\u00ed m\u0159\u00ed\u017eka: FLAT<br \/>\nMateri\u00e1l rukojeti: FORPRENE<\/p>\n<pre id=\"tw-target-text\" class=\"tw-data-text tw-text-large XcVN5d tw-ta\" dir=\"ltr\" data-placeholder=\"P\u0159eklad\"><\/pre>\n","protected":false},"excerpt":{"rendered":"<p>Spole\u010dnost\u00a0<strong>Extrema Ratio<\/strong>\u00a0se s\u00eddlem v italsk\u00e9m Pratu navrhuje a vyr\u00e1b\u00ed vysoce v\u00fdkonn\u00e9 bojov\u00e9, vojensk\u00e9, kuchy\u0148sk\u00e9, loveck\u00e9 a taktick\u00e9 no\u017ee od roku 1997 a m\u00e1 pov\u011bst vynikaj\u00edc\u00ed kvality, kter\u00e1 je v oboru vojensk\u00fdch a taktick\u00fdch no\u017e\u016f nep\u0159ekonateln\u00e1.\u00a0<strong>Doprava zdarma.<\/strong><\/p>\n","protected":false},"featured_media":197313,"comment_status":"open","ping_status":"closed","template":"","meta":[],"pwb-brand":[],"product_brand":[],"product_cat":[23,17],"product_tag":[3667],"class_list":{"0":"post-197307","1":"product","2":"type-product","3":"status-publish","4":"has-post-thumbnail","6":"product_cat-pevne-noze","7":"product_cat-noze","8":"product_tag-b2b","10":"first","11":"outofstock","12":"taxable","13":"shipping-taxable","14":"purchasable","15":"product-type-simple"},"brands":[],"_links":{"self":[{"href":"https:\/\/www.moskito.cz\/es\/wp-json\/wp\/v2\/product\/197307","targetHints":{"allow":["GET"]}}],"collection":[{"href":"https:\/\/www.moskito.cz\/es\/wp-json\/wp\/v2\/product"}],"about":[{"href":"https:\/\/www.moskito.cz\/es\/wp-json\/wp\/v2\/types\/product"}],"replies":[{"embeddable":true,"href":"https:\/\/www.moskito.cz\/es\/wp-json\/wp\/v2\/comments?post=197307"}],"wp:featuredmedia":[{"embeddable":true,"href":"https:\/\/www.moskito.cz\/es\/wp-json\/wp\/v2\/media\/197313"}],"wp:attachment":[{"href":"https:\/\/www.moskito.cz\/es\/wp-json\/wp\/v2\/media?parent=197307"}],"wp:term":[{"taxonomy":"pwb-brand","embeddable":true,"href":"https:\/\/www.moskito.cz\/es\/wp-json\/wp\/v2\/pwb-brand?post=197307"},{"taxonomy":"product_brand","embeddable":true,"href":"https:\/\/www.moskito.cz\/es\/wp-json\/wp\/v2\/product_brand?post=197307"},{"taxonomy":"product_cat","embeddable":true,"href":"https:\/\/www.moskito.cz\/es\/wp-json\/wp\/v2\/product_cat?post=197307"},{"taxonomy":"product_tag","embeddable":true,"href":"https:\/\/www.moskito.cz\/es\/wp-json\/wp\/v2\/product_tag?post=197307"}],"curies":[{"name":"wp","href":"https:\/\/api.w.org\/{rel}","templated":true}]}}