{"id":197641,"date":"2021-05-03T20:18:36","date_gmt":"2021-05-03T19:18:36","guid":{"rendered":"https:\/\/www.moskito.cz\/?post_type=product&#038;p=197641"},"modified":"2025-05-07T10:34:13","modified_gmt":"2025-05-07T09:34:13","slug":"vystrelovaci-nuz-microtech-marfione-blued-damascus-ultratech-320-mck","status":"publish","type":"product","link":"https:\/\/www.moskito.cz\/es\/produkt\/vystrelovaci-nuz-microtech-marfione-blued-damascus-ultratech-320-mck\/","title":{"rendered":"Vyst\u0159elovac\u00ed N\u016f\u017e Microtech Marfione Blued Damascus Ultratech 320-MCK"},"content":{"rendered":"<p>Vyst\u0159elovac\u00ed N\u016f\u017e <strong>Microtech Marfione<\/strong> Blued Damascus Ultratech 320-MCK.<\/p>\n<p>Ultratech nav\u017edy nastavil standard pro v\u0161echny p\u0159edn\u00ed nebo OTF no\u017ee. Ultratech byl p\u016fvodn\u00edm du\u00e1ln\u00edm OTF no\u017eem spole\u010dnosti Microtech a nyn\u00ed jej p\u0159izp\u016fsobil t\u00fdm otce a syna Tonyho a Seana Marfioneho.\u00a0Tato verze je vybavena modrou \u010depel\u00ed Vegas Forge Stainless Spirograph Damascus Warhound sp\u00e1rovanou s \u010dernou eloxovanou hefovanou hlin\u00edkovou rukojet\u00ed.\u00a0Tato jedine\u010dn\u00e1 rukoje\u0165 je opat\u0159ena povrchovou \u00fapravou, kter\u00e1 skryje otisky prst\u016f jako \u017e\u00e1dn\u00e1 jin\u00e1 a m\u00e1 na ni robustn\u00ed a p\u0159esto vyv\u00e1\u017een\u00fd pocit.\u00a0Pru\u017eina Ultratech z\u016fst\u00e1v\u00e1 po celou dobu v klidov\u00e9 poloze, krom\u011b p\u0159\u00edpad\u016f, kdy je aktivov\u00e1na.\u00a0T\u00edm je zaji\u0161t\u011bno, \u017ee stla\u010den\u00e1 pru\u017eina nebude unavena, co\u017e u\u017eivatel\u016fm zajist\u00ed, \u017ee kdy\u017e bude n\u016f\u017e vyst\u0159elen, bude fungovat efektivn\u011b.\u00a0Ultratech je lehk\u00fd, jednoru\u010dn\u00ed otev\u0159en\u00fd a zav\u0159en\u00fd, \u0161t\u00edhl\u00fd tvar,\u00a0a ost\u0159\u00ed se skalpelem z n\u011bj \u010din\u00ed jedine\u010dn\u00fd n\u016f\u017e.\u00a0Tento n\u016f\u017e opakovan\u011b prok\u00e1zal, \u017ee vydr\u017e\u00ed jakoukoli p\u0159ek\u00e1\u017eku.\u00a0Je to jedno z nejrychlej\u0161\u00edch a nejl\u00e9pe sestaven\u00fdch OTF aut v na\u0161\u00ed budov\u011b a je dod\u00e1v\u00e1no s nylonov\u00fdm pouzdrem Marfione na zak\u00e1zku a kovov\u00fdm certifik\u00e1tem pravosti.<\/p>\n<p>&nbsp;<\/p>\n<p>&nbsp;<\/p>\n<p>Specifikace<br \/>\nD\u00e9lka \u010depele: 8.2 cm<br \/>\nCelkov\u00e1 d\u00e9lka: 20 cm<br \/>\nMateri\u00e1l \u010depele: Vegas Forge Stainless Spirograph Damascus<\/p>\n<p>Blade Style: Warhound<br \/>\nBlade Grind: Dut\u00fd<br \/>\nPovrch \u010depele: Modr\u00e1<br \/>\nMateri\u00e1l rukojeti: Hefted Aluminium<br \/>\nTlou\u0161\u0165ka rukojeti: 0,46 \u00bb<br \/>\nUzamykac\u00ed mechanismus: Skluz<br \/>\nKapesn\u00ed spona: nerezov\u00e1 ocel (v\u00fdklopn\u00e1, prav\u00e1 \/ lev\u00e1)<\/p>\n<p>N\u00e1vrh\u00e1\u0159i: Tony a Sean Marfione<br \/>\nTitanov\u00fd hardware s modr\u00fdm prstencem<br \/>\nRu\u010dn\u011b vyr\u00e1b\u011bn\u00e9 v USA<\/p>\n","protected":false},"excerpt":{"rendered":"<p>V pr\u016fb\u011bhu let\u00a0<strong>Microtech\u00ae\u00a0<\/strong>Knives naplnil v\u00e1\u0161n\u00ed a dovednost\u00ed v\u00fdrobu no\u017e\u016f, a\u017e z nich vytvo\u0159il t\u00e9m\u011b\u0159 um\u011bleck\u00e1 d\u00edla,kter\u00e9 jsou vrcholem funk\u010dnosti. V\u0161echny d\u00edly jsou vyrobeny v USA.<br \/>\n<strong>Na v\u0161echny no\u017ee Microtech je do\u017eivotn\u00ed z\u00e1ruka ( min. 80 000 cykl\u016f, otev\u0159en\u00ed a zav\u0159en\u00ed)<\/strong><\/p>\n<p><strong>Jedin\u00fd kus v Evrop\u011b!!<\/strong><\/p>\n","protected":false},"featured_media":197642,"comment_status":"open","ping_status":"closed","template":"","meta":[],"pwb-brand":[431],"product_brand":[],"product_cat":[2019,17],"product_tag":[3667],"class_list":{"0":"post-197641","1":"product","2":"type-product","3":"status-publish","4":"has-post-thumbnail","6":"pwb-brand-microtech","7":"product_cat-vystrelovaci-noze","8":"product_cat-noze","9":"product_tag-b2b","11":"first","12":"outofstock","13":"taxable","14":"shipping-taxable","15":"purchasable","16":"product-type-simple"},"brands":[{"id":431,"name":"Microtech","slug":"microtech"}],"_links":{"self":[{"href":"https:\/\/www.moskito.cz\/es\/wp-json\/wp\/v2\/product\/197641","targetHints":{"allow":["GET"]}}],"collection":[{"href":"https:\/\/www.moskito.cz\/es\/wp-json\/wp\/v2\/product"}],"about":[{"href":"https:\/\/www.moskito.cz\/es\/wp-json\/wp\/v2\/types\/product"}],"replies":[{"embeddable":true,"href":"https:\/\/www.moskito.cz\/es\/wp-json\/wp\/v2\/comments?post=197641"}],"wp:featuredmedia":[{"embeddable":true,"href":"https:\/\/www.moskito.cz\/es\/wp-json\/wp\/v2\/media\/197642"}],"wp:attachment":[{"href":"https:\/\/www.moskito.cz\/es\/wp-json\/wp\/v2\/media?parent=197641"}],"wp:term":[{"taxonomy":"pwb-brand","embeddable":true,"href":"https:\/\/www.moskito.cz\/es\/wp-json\/wp\/v2\/pwb-brand?post=197641"},{"taxonomy":"product_brand","embeddable":true,"href":"https:\/\/www.moskito.cz\/es\/wp-json\/wp\/v2\/product_brand?post=197641"},{"taxonomy":"product_cat","embeddable":true,"href":"https:\/\/www.moskito.cz\/es\/wp-json\/wp\/v2\/product_cat?post=197641"},{"taxonomy":"product_tag","embeddable":true,"href":"https:\/\/www.moskito.cz\/es\/wp-json\/wp\/v2\/product_tag?post=197641"}],"curies":[{"name":"wp","href":"https:\/\/api.w.org\/{rel}","templated":true}]}}