{"id":198199,"date":"2021-05-11T21:38:17","date_gmt":"2021-05-11T20:38:17","guid":{"rendered":"https:\/\/www.moskito.cz\/?post_type=product&#038;p=198199"},"modified":"2025-05-07T10:34:29","modified_gmt":"2025-05-07T09:34:29","slug":"vrhaci-noze-hibben-hibben-3-piece-throwing-set","status":"publish","type":"product","link":"https:\/\/www.moskito.cz\/es\/produkt\/vrhaci-noze-hibben-hibben-3-piece-throwing-set\/","title":{"rendered":"Vrhac\u00ed No\u017ee Hibben 3 Piece Throwing Set"},"content":{"rendered":"<p>Vrhac\u00ed No\u017ee <strong>Hibben<\/strong> 3 Piece Throwing Set.<\/p>\n<p>Celkov\u00e1 d\u00e9lka no\u017ee je 28 cm,sat\u00e9nov\u00e1 nerezov\u00e1 \u010depel 3Cr13. Jednod\u00edln\u00e1 konstrukce.\u00a0 Sada t\u0159\u00ed vrhac\u00edch no\u017e\u016f. Pouzdro na opasek z \u010dern\u00e9ho nylonu je sou\u010d\u00e1st\u00ed<\/p>\n<p>.<\/p>\n","protected":false},"excerpt":{"rendered":"<p>Sada vrhac\u00edch tr\u00e9ninkov\u00fdch no\u017e\u016f.<\/p>\n","protected":false},"featured_media":198200,"comment_status":"open","ping_status":"closed","template":"","meta":[],"pwb-brand":[304],"product_brand":[],"product_cat":[29,17],"product_tag":[],"class_list":{"0":"post-198199","1":"product","2":"type-product","3":"status-publish","4":"has-post-thumbnail","6":"pwb-brand-hibben","7":"product_cat-vrhaci-noze","8":"product_cat-noze","10":"first","11":"outofstock","12":"taxable","13":"shipping-taxable","14":"purchasable","15":"product-type-simple"},"brands":[{"id":304,"name":"Hibben","slug":"hibben"}],"_links":{"self":[{"href":"https:\/\/www.moskito.cz\/es\/wp-json\/wp\/v2\/product\/198199","targetHints":{"allow":["GET"]}}],"collection":[{"href":"https:\/\/www.moskito.cz\/es\/wp-json\/wp\/v2\/product"}],"about":[{"href":"https:\/\/www.moskito.cz\/es\/wp-json\/wp\/v2\/types\/product"}],"replies":[{"embeddable":true,"href":"https:\/\/www.moskito.cz\/es\/wp-json\/wp\/v2\/comments?post=198199"}],"wp:featuredmedia":[{"embeddable":true,"href":"https:\/\/www.moskito.cz\/es\/wp-json\/wp\/v2\/media\/198200"}],"wp:attachment":[{"href":"https:\/\/www.moskito.cz\/es\/wp-json\/wp\/v2\/media?parent=198199"}],"wp:term":[{"taxonomy":"pwb-brand","embeddable":true,"href":"https:\/\/www.moskito.cz\/es\/wp-json\/wp\/v2\/pwb-brand?post=198199"},{"taxonomy":"product_brand","embeddable":true,"href":"https:\/\/www.moskito.cz\/es\/wp-json\/wp\/v2\/product_brand?post=198199"},{"taxonomy":"product_cat","embeddable":true,"href":"https:\/\/www.moskito.cz\/es\/wp-json\/wp\/v2\/product_cat?post=198199"},{"taxonomy":"product_tag","embeddable":true,"href":"https:\/\/www.moskito.cz\/es\/wp-json\/wp\/v2\/product_tag?post=198199"}],"curies":[{"name":"wp","href":"https:\/\/api.w.org\/{rel}","templated":true}]}}