{"id":198862,"date":"2021-05-19T22:37:05","date_gmt":"2021-05-19T21:37:05","guid":{"rendered":"https:\/\/www.moskito.cz\/?post_type=product&#038;p=198862"},"modified":"2025-05-07T10:34:34","modified_gmt":"2025-05-07T09:34:34","slug":"zaviraci-damaskovy-nuz-boker-magnum-caveman-damast","status":"publish","type":"product","link":"https:\/\/www.moskito.cz\/es\/produkt\/zaviraci-damaskovy-nuz-boker-magnum-caveman-damast\/","title":{"rendered":"Zav\u00edrac\u00ed Dama\u0161kov\u00fd N\u016f\u017e Magnum Caveman 01RY818DAM"},"content":{"rendered":"<p>Zav\u00edrac\u00ed Dama\u0161kov\u00fd N\u016f\u017e <strong>Magnum<\/strong> Caveman 01RY818DAM.<\/p>\n<p>Velice hezk\u00fd, spolehliv\u00fd, n\u016f\u017e se zaj\u00edmavou \u010depel\u00ed z Dama\u0161ku a rukojet je se d\u0159evem s grav\u00edrovan\u00fdm lovcem, je to skute\u010dn\u011b v\u00fdjime\u010dn\u00fd d\u0159ev\u011bn\u00fd n\u016f\u017e v kr\u00e1lovsk\u00e9 t\u0159\u00edd\u011b.<\/p>\n<p>B\u00d6KER\u00ae je n\u011bmeck\u00e1 firma, kter\u00e1 vyr\u00e1b\u00ed no\u017ee t\u00e9 nejvy\u0161\u0161\u00ed kvality. No\u017ee s pevnou \u010depel\u00ed, zav\u00edrac\u00ed no\u017ee, kuchy\u0148sk\u00e9 no\u017ee a stojany si d\u00edky v\u00fdjime\u010dn\u00e9 kvalit\u011b obl\u00edbila \u0159ada z\u00e1kazn\u00edk\u016f z cel\u00e9ho sv\u011bta. V\u0161echny no\u017ee jsou vyrobeny z nejlep\u0161\u00edch, odoln\u00fdch materi\u00e1l\u016f a budou nepostradateln\u00fdm pomocn\u00edkem doma, v d\u00edln\u011b, na lovu i na v\u00fdlet\u011b do p\u0159\u00edrody. Budou skv\u011bl\u00fdm d\u00e1rkem pro va\u0161e bl\u00edzk\u00e9 i obchodn\u00ed partnery.<\/p>\n<p>Celkov\u00e1 d\u00e9lka: 19,4 cm<br \/>\nD\u00e9lka \u010depele: 8,2 cm<br \/>\nTlou\u0161\u0165a \u010deple: 2,7 mm<br \/>\nHmotnost: 118 g<br \/>\nMateri\u00e1l \u010depele: Dama\u0161kov\u00e1 ocel<br \/>\nMateri\u00e1l rukojeti: D\u0159evo<\/p>\n","protected":false},"excerpt":{"rendered":"<p><strong>Velice hezk\u00fd, spolehliv\u00fd, n\u016f\u017e se zaj\u00edmavou \u010depel\u00ed z Dama\u0161ku a rukojet je se d\u0159evem s grav\u00edrovan\u00fdm lovcem, je to skute\u010dn\u011b v\u00fdjime\u010dn\u00fd d\u0159ev\u011bn\u00fd n\u016f\u017e v kr\u00e1lovsk\u00e9 t\u0159\u00edd\u011b.<\/strong><\/p>\n","protected":false},"featured_media":198863,"comment_status":"open","ping_status":"closed","template":"","meta":[],"pwb-brand":[140],"product_brand":[],"product_cat":[25,17],"product_tag":[3667],"class_list":{"0":"post-198862","1":"product","2":"type-product","3":"status-publish","4":"has-post-thumbnail","6":"pwb-brand-boker","7":"product_cat-damascenske-noze","8":"product_cat-noze","9":"product_tag-b2b","11":"first","12":"instock","13":"taxable","14":"shipping-taxable","15":"purchasable","16":"product-type-simple"},"brands":[{"id":140,"name":"Boker","slug":"boker"}],"_links":{"self":[{"href":"https:\/\/www.moskito.cz\/es\/wp-json\/wp\/v2\/product\/198862","targetHints":{"allow":["GET"]}}],"collection":[{"href":"https:\/\/www.moskito.cz\/es\/wp-json\/wp\/v2\/product"}],"about":[{"href":"https:\/\/www.moskito.cz\/es\/wp-json\/wp\/v2\/types\/product"}],"replies":[{"embeddable":true,"href":"https:\/\/www.moskito.cz\/es\/wp-json\/wp\/v2\/comments?post=198862"}],"wp:featuredmedia":[{"embeddable":true,"href":"https:\/\/www.moskito.cz\/es\/wp-json\/wp\/v2\/media\/198863"}],"wp:attachment":[{"href":"https:\/\/www.moskito.cz\/es\/wp-json\/wp\/v2\/media?parent=198862"}],"wp:term":[{"taxonomy":"pwb-brand","embeddable":true,"href":"https:\/\/www.moskito.cz\/es\/wp-json\/wp\/v2\/pwb-brand?post=198862"},{"taxonomy":"product_brand","embeddable":true,"href":"https:\/\/www.moskito.cz\/es\/wp-json\/wp\/v2\/product_brand?post=198862"},{"taxonomy":"product_cat","embeddable":true,"href":"https:\/\/www.moskito.cz\/es\/wp-json\/wp\/v2\/product_cat?post=198862"},{"taxonomy":"product_tag","embeddable":true,"href":"https:\/\/www.moskito.cz\/es\/wp-json\/wp\/v2\/product_tag?post=198862"}],"curies":[{"name":"wp","href":"https:\/\/api.w.org\/{rel}","templated":true}]}}