{"id":199284,"date":"2021-05-28T21:30:09","date_gmt":"2021-05-28T20:30:09","guid":{"rendered":"https:\/\/www.moskito.cz\/?post_type=product&#038;p=199284"},"modified":"2025-05-07T10:34:45","modified_gmt":"2025-05-07T09:34:45","slug":"pevny-nuz-boker-plus-sigyn","status":"publish","type":"product","link":"https:\/\/www.moskito.cz\/es\/produkt\/pevny-nuz-boker-plus-sigyn\/","title":{"rendered":"Pevn\u00fd N\u016f\u017e B\u00f6ker Plus Sigyn 02BO037"},"content":{"rendered":"<p>Pevn\u00fd N\u016f\u017e <strong>B\u00f6ker Plus<\/strong> Sigyn 02BO037.<\/p>\n<p>Extr\u00e9mn\u011b praktick\u00fd n\u016f\u017e B\u00f6ker Plus Sigyn je lehk\u00fd n\u016f\u017e na krk, kter\u00fd navrhl Andre Schr\u00f6ter a stejn\u011b jako p\u0159edchoz\u00ed modely no\u017e\u016f Midgards m\u016f\u017ee b\u00fdt vybaven r\u016fzn\u00fdmi stupnicemi rukojeti. Se standardn\u00ed 3D tisk\u00e1rnou si je m\u016f\u017eete snadno vytisknout v nejr\u016fzn\u011bj\u0161\u00edch tvarech, barv\u00e1ch a materi\u00e1lech. Kompaktn\u00ed n\u016f\u017e se t\u0159emi prsty je dod\u00e1v\u00e1n s ergonomicky tvarovanou rukojet\u00ed vyrobenou z odoln\u00e9 G10. V\u00e1hy s jemnou strukturou rukojeti le\u017e\u00ed bezpe\u010dn\u011b v ruce, i kdy\u017e jsou mokr\u00e9, a jsou nav\u00edc opat\u0159eny vrstvou \u010derven\u00fdch vl\u00e1ken. Zvln\u011bn\u00ed v oblasti op\u011brky palce tak\u00e9 zvy\u0161uje bezpe\u010dnost pr\u00e1ce. Sat\u00e9nov\u00e1 \u010depel \u010depele je vyrobena z D2 a m\u00e1 dekorativn\u00ed v\u00fdpl\u0148. S o\u010dkem na krk, kuli\u010dkov\u00fdm \u0159et\u011bzem a p\u0159esn\u011b padnouc\u00edm pouzdrem Kydex.<\/p>\n<p>Celkov\u00e1 d\u00e9lka: 11 cm<br \/>\nD\u00e9lka \u010depele: 5 cm<br \/>\nTlou\u0161\u0165ka \u010depele: 4,6 mm<br \/>\nHmotnost: 67 g<br \/>\nN\u00e1vrh\u00e1\u0159: Midgard\u016fv n\u016f\u017e<br \/>\nMateri\u00e1l \u010depele: D2<br \/>\nMateri\u00e1l rukojeti:G10<br \/>\nBarva: \u010cern\u00e1<br \/>\nBarva \u010depele: Bez povrchov\u00e9 \u00fapravy<br \/>\nMateri\u00e1l pl\u00e1\u0161t\u011b: Kydex<\/p>\n","protected":false},"excerpt":{"rendered":"<p>Pevn\u00fd n\u016f\u017e s pouzdrem.<\/p>\n","protected":false},"featured_media":199291,"comment_status":"open","ping_status":"closed","template":"","meta":[],"pwb-brand":[140],"product_brand":[],"product_cat":[23,17],"product_tag":[],"class_list":{"0":"post-199284","1":"product","2":"type-product","3":"status-publish","4":"has-post-thumbnail","6":"pwb-brand-boker","7":"product_cat-pevne-noze","8":"product_cat-noze","10":"first","11":"instock","12":"taxable","13":"shipping-taxable","14":"purchasable","15":"product-type-simple"},"brands":[{"id":140,"name":"Boker","slug":"boker"}],"_links":{"self":[{"href":"https:\/\/www.moskito.cz\/es\/wp-json\/wp\/v2\/product\/199284","targetHints":{"allow":["GET"]}}],"collection":[{"href":"https:\/\/www.moskito.cz\/es\/wp-json\/wp\/v2\/product"}],"about":[{"href":"https:\/\/www.moskito.cz\/es\/wp-json\/wp\/v2\/types\/product"}],"replies":[{"embeddable":true,"href":"https:\/\/www.moskito.cz\/es\/wp-json\/wp\/v2\/comments?post=199284"}],"wp:featuredmedia":[{"embeddable":true,"href":"https:\/\/www.moskito.cz\/es\/wp-json\/wp\/v2\/media\/199291"}],"wp:attachment":[{"href":"https:\/\/www.moskito.cz\/es\/wp-json\/wp\/v2\/media?parent=199284"}],"wp:term":[{"taxonomy":"pwb-brand","embeddable":true,"href":"https:\/\/www.moskito.cz\/es\/wp-json\/wp\/v2\/pwb-brand?post=199284"},{"taxonomy":"product_brand","embeddable":true,"href":"https:\/\/www.moskito.cz\/es\/wp-json\/wp\/v2\/product_brand?post=199284"},{"taxonomy":"product_cat","embeddable":true,"href":"https:\/\/www.moskito.cz\/es\/wp-json\/wp\/v2\/product_cat?post=199284"},{"taxonomy":"product_tag","embeddable":true,"href":"https:\/\/www.moskito.cz\/es\/wp-json\/wp\/v2\/product_tag?post=199284"}],"curies":[{"name":"wp","href":"https:\/\/api.w.org\/{rel}","templated":true}]}}