{"id":199365,"date":"2021-05-30T19:41:35","date_gmt":"2021-05-30T18:41:35","guid":{"rendered":"https:\/\/www.moskito.cz\/?post_type=product&#038;p=199365"},"modified":"2025-05-07T10:34:46","modified_gmt":"2025-05-07T09:34:46","slug":"zaviraci-nuz-boker-plus-kaizen","status":"publish","type":"product","link":"https:\/\/www.moskito.cz\/es\/produkt\/zaviraci-nuz-boker-plus-kaizen\/","title":{"rendered":"Zav\u00edrac\u00ed N\u016f\u017e B\u00f6ker Plus Kaizen"},"content":{"rendered":"<p>Zav\u00edrac\u00ed N\u016f\u017e <strong>B\u00f6ker<\/strong> Plus Kaizen.<\/p>\n<p>B\u00f6ker Plus Kaizen p\u0159eb\u00edr\u00e1 hluboce zako\u0159en\u011bn\u00e9 p\u0159\u00edstupy filozofie D\u00e1ln\u00e9ho v\u00fdchodu a p\u0159en\u00e1\u0161\u00ed jejich z\u00e1kladn\u00ed my\u0161lenky z duchovn\u00ed na hmotnou \u00farove\u0148. Japonsk\u00fd term\u00edn Kaizen se skl\u00e1d\u00e1 ze slabik Kai (zm\u011bna, zm\u011bna) a Zen (k lep\u0161\u00edmu) a popisuje neust\u00e1lou snahu o zlep\u0161en\u00ed. Dokonalost se st\u00e1v\u00e1 do\u010dasn\u00fdm jevem a je neust\u00e1l\u00fdm c\u00edlem neust\u00e1l\u00e9ho procesu zm\u011bn. Jako elegantn\u00ed gentlemansk\u00fd n\u016f\u017e se B\u00f6ker Plus Kaizen setk\u00e1v\u00e1 se zeitgeistem a zaujme chytr\u00fdmi podrobn\u00fdmi \u0159e\u0161en\u00edmi.<\/p>\n<p>Skromnost jako znamen\u00ed skute\u010dn\u00e9 velikosti dokonale zt\u011bles\u0148uje minimalistick\u00fd hrac\u00ed automat, kter\u00fd vizu\u00e1ln\u011b t\u00e9m\u011b\u0159 spl\u00fdv\u00e1 se \u0161t\u00edhl\u00fdm no\u017eem a p\u0159esto je d\u00edky dr\u00e1\u017ekov\u00e1n\u00ed vysoce funk\u010dn\u00ed. Satinovan\u00fd b\u0159it vyroben\u00fd z D2 si p\u0159i ka\u017edodenn\u00edch \u0159ezac\u00edch \u00fakolech proch\u00e1z\u00ed se stoick\u00fdm klidem a v\u017edy si najde cestu zp\u011bt do st\u0159edu pomoc\u00ed spolehliv\u00e9ho z\u00e1mku vlo\u017eky. Dekorativn\u00ed \u0161roub osy \u010depele je optick\u00fdm v\u00fdchoz\u00edm bodem gentlemansk\u00e9 slo\u017eky jako symbol zm\u011bny tvaru a funkce a kon\u010d\u00ed v rovn\u00e9m otvoru na krk na konci rukojeti. Texturovan\u00e1 rukoje\u0165 vyroben\u00e1 z protiskluzov\u00e9ho materi\u00e1lu G10 le\u017e\u00ed pohodln\u011b v ruce a m\u00e1 praktickou sponu pro hlubok\u00e9 p\u0159en\u00e1\u0161en\u00ed (tip-up \/ r). S vysoce kvalitn\u00edm nylonov\u00fdm pouzdrem pro skladov\u00e1n\u00ed.<\/p>\n<p>kapesn\u00ed n\u016f\u017e<br \/>\nCelkov\u00e1 d\u00e9lka: 18 cm<br \/>\nD\u00e9lka \u010depele: 7,7 cm<br \/>\nTlou\u0161\u0165ka \u010depele: 1,9 mm<br \/>\nHmotnost: 46 g<br \/>\nMateri\u00e1l \u010depele: D2<br \/>\nOtev\u00edrac\u00ed: Ru\u010dn\u011b<br \/>\nUzav\u0159en\u00ed: Z\u00e1mek vlo\u017eky<br \/>\nBarva: \u010cern\u00e1<br \/>\nBarva \u010depele: Bez povrchov\u00e9 \u00fapravy<br \/>\nMateri\u00e1l: G10<\/p>\n<p>&nbsp;<\/p>\n","protected":false},"excerpt":{"rendered":"<p>Zav\u00edrac\u00ed n\u016f\u017e s klipem a pojistkou.<\/p>\n","protected":false},"featured_media":199366,"comment_status":"open","ping_status":"closed","template":"","meta":[],"pwb-brand":[140],"product_brand":[],"product_cat":[22,17],"product_tag":[],"class_list":{"0":"post-199365","1":"product","2":"type-product","3":"status-publish","4":"has-post-thumbnail","6":"pwb-brand-boker","7":"product_cat-zaviraci-noze","8":"product_cat-noze","10":"first","11":"instock","12":"taxable","13":"shipping-taxable","14":"purchasable","15":"product-type-simple"},"brands":[{"id":140,"name":"Boker","slug":"boker"}],"_links":{"self":[{"href":"https:\/\/www.moskito.cz\/es\/wp-json\/wp\/v2\/product\/199365","targetHints":{"allow":["GET"]}}],"collection":[{"href":"https:\/\/www.moskito.cz\/es\/wp-json\/wp\/v2\/product"}],"about":[{"href":"https:\/\/www.moskito.cz\/es\/wp-json\/wp\/v2\/types\/product"}],"replies":[{"embeddable":true,"href":"https:\/\/www.moskito.cz\/es\/wp-json\/wp\/v2\/comments?post=199365"}],"wp:featuredmedia":[{"embeddable":true,"href":"https:\/\/www.moskito.cz\/es\/wp-json\/wp\/v2\/media\/199366"}],"wp:attachment":[{"href":"https:\/\/www.moskito.cz\/es\/wp-json\/wp\/v2\/media?parent=199365"}],"wp:term":[{"taxonomy":"pwb-brand","embeddable":true,"href":"https:\/\/www.moskito.cz\/es\/wp-json\/wp\/v2\/pwb-brand?post=199365"},{"taxonomy":"product_brand","embeddable":true,"href":"https:\/\/www.moskito.cz\/es\/wp-json\/wp\/v2\/product_brand?post=199365"},{"taxonomy":"product_cat","embeddable":true,"href":"https:\/\/www.moskito.cz\/es\/wp-json\/wp\/v2\/product_cat?post=199365"},{"taxonomy":"product_tag","embeddable":true,"href":"https:\/\/www.moskito.cz\/es\/wp-json\/wp\/v2\/product_tag?post=199365"}],"curies":[{"name":"wp","href":"https:\/\/api.w.org\/{rel}","templated":true}]}}