{"id":199402,"date":"2021-05-31T18:25:53","date_gmt":"2021-05-31T17:25:53","guid":{"rendered":"https:\/\/www.moskito.cz\/?post_type=product&#038;p=199402"},"modified":"2025-05-07T10:34:46","modified_gmt":"2025-05-07T09:34:46","slug":"vystrelovaci-nuz-boker-plus-bhq-strike-spearpoint-all-black","status":"publish","type":"product","link":"https:\/\/www.moskito.cz\/es\/produkt\/vystrelovaci-nuz-boker-plus-bhq-strike-spearpoint-all-black\/","title":{"rendered":"Vyst\u0159elovac\u00ed N\u016f\u017e B\u00f6ker Plus BHQ Strike Spearpoint All Black"},"content":{"rendered":"<p>Vyst\u0159elovac\u00ed N\u016f\u017e <strong>B\u00f6ker<\/strong> Plus BHQ Strike Spearpoint All Black.<\/p>\n<p>Exkluzivn\u00ed B\u00f6ker Plus BHQ Strike Spearpoint All Black zavr\u0161uje na\u0161i \u0161irokou \u0161k\u00e1lu automatick\u00fdch no\u017e\u016f jako praktick\u00fd n\u016f\u017e. M\u00e1 strukturovanou hlin\u00edkovou rukoje\u0165 a je vybaven speci\u00e1ln\u00ed dr\u00e1\u017ekou pro ukazov\u00e1\u010dek a palec pro vynikaj\u00edc\u00ed ergonomii. D\u00edky \u00fahledn\u011b uzamykateln\u00e9mu posuvn\u00e9mu z\u00e1mku lze zav\u0159en\u00fd n\u016f\u017e tak\u00e9 uzamknout a zabr\u00e1nit tak n\u00e1hodn\u00e9mu spu\u0161t\u011bn\u00ed. Stisknut\u00edm tla\u010d\u00edtka uvoln\u00edte \u010dernou \u010depel z D2. Vzhledem k nap\u011bt\u00ed pru\u017einy za n\u00ed se pak automaticky rozv\u00edj\u00ed. Na zadn\u00ed stran\u011b je reverzibiln\u00ed klip (sklopen\u00ed \/ sklopen\u00ed dol\u016f).<\/p>\n<p>Celkov\u00e1 d\u00e9lka: 20 cm<br \/>\nD\u00e9lka \u010depele: 8,3 cm<br \/>\nTlou\u0161\u0165ka \u010depele: 3 mm<br \/>\nHmotnost: 118 g<br \/>\nMateri\u00e1l \u010depele: D2<br \/>\nMateri\u00e1l rukojeti: Hlin\u00edk<br \/>\nOtev\u00edrac\u00ed pom\u016fcka: Stiskn\u011bte tla\u010d\u00edtko<br \/>\nOtev\u00edrac\u00ed:Automatick\u00fd<br \/>\nUzav\u0159en\u00ed: Stiskn\u011bte tla\u010d\u00edtko<br \/>\nBarva: \u010cern\u00e1<br \/>\nBarva \u010depele: \u010cern\u00e1<\/p>\n","protected":false},"excerpt":{"rendered":"<p>No\u017e\u00ed\u0159sk\u00e1 manufaktura\u00a0<strong>B\u00f6ker<\/strong>\u00a0se postupem \u010dasu vypracovala na glob\u00e1ln\u00edho inova\u010dn\u00edho l\u00eddra a nejv\u011bt\u0161\u00edho v\u00fdrobce sportovn\u00edch no\u017e\u016f, taktick\u00fdch no\u017e\u016f a sb\u011bratelsk\u00fdch no\u017e\u016f v Evrop\u011b.<\/p>\n","protected":false},"featured_media":199403,"comment_status":"open","ping_status":"closed","template":"","meta":[],"pwb-brand":[140],"product_brand":[],"product_cat":[2019,17],"product_tag":[],"class_list":{"0":"post-199402","1":"product","2":"type-product","3":"status-publish","4":"has-post-thumbnail","6":"pwb-brand-boker","7":"product_cat-vystrelovaci-noze","8":"product_cat-noze","10":"first","11":"outofstock","12":"taxable","13":"shipping-taxable","14":"purchasable","15":"product-type-simple"},"brands":[{"id":140,"name":"Boker","slug":"boker"}],"_links":{"self":[{"href":"https:\/\/www.moskito.cz\/es\/wp-json\/wp\/v2\/product\/199402","targetHints":{"allow":["GET"]}}],"collection":[{"href":"https:\/\/www.moskito.cz\/es\/wp-json\/wp\/v2\/product"}],"about":[{"href":"https:\/\/www.moskito.cz\/es\/wp-json\/wp\/v2\/types\/product"}],"replies":[{"embeddable":true,"href":"https:\/\/www.moskito.cz\/es\/wp-json\/wp\/v2\/comments?post=199402"}],"wp:featuredmedia":[{"embeddable":true,"href":"https:\/\/www.moskito.cz\/es\/wp-json\/wp\/v2\/media\/199403"}],"wp:attachment":[{"href":"https:\/\/www.moskito.cz\/es\/wp-json\/wp\/v2\/media?parent=199402"}],"wp:term":[{"taxonomy":"pwb-brand","embeddable":true,"href":"https:\/\/www.moskito.cz\/es\/wp-json\/wp\/v2\/pwb-brand?post=199402"},{"taxonomy":"product_brand","embeddable":true,"href":"https:\/\/www.moskito.cz\/es\/wp-json\/wp\/v2\/product_brand?post=199402"},{"taxonomy":"product_cat","embeddable":true,"href":"https:\/\/www.moskito.cz\/es\/wp-json\/wp\/v2\/product_cat?post=199402"},{"taxonomy":"product_tag","embeddable":true,"href":"https:\/\/www.moskito.cz\/es\/wp-json\/wp\/v2\/product_tag?post=199402"}],"curies":[{"name":"wp","href":"https:\/\/api.w.org\/{rel}","templated":true}]}}