{"id":200423,"date":"2021-07-04T13:50:35","date_gmt":"2021-07-04T12:50:35","guid":{"rendered":"https:\/\/www.moskito.cz\/?post_type=product&#038;p=200423"},"modified":"2025-05-07T10:34:53","modified_gmt":"2025-05-07T09:34:53","slug":"vystrelovaci-nuz-boker-kalashnikov-otf-bowie","status":"publish","type":"product","link":"https:\/\/www.moskito.cz\/es\/produkt\/vystrelovaci-nuz-boker-kalashnikov-otf-bowie\/","title":{"rendered":"Vyst\u0159elovac\u00ed N\u016f\u017e B\u00f6ker Kalashnikov OTF Bowie"},"content":{"rendered":"<p>Vyst\u0159elovac\u00ed N\u016f\u017e <strong>B\u00f6ker<\/strong> Kalashnikov OTF Bowie.<\/p>\n<p><span class=\"VIiyi\" lang=\"cs\"><span class=\"JLqJ4b ChMk0b\" data-language-for-alternatives=\"cs\" data-language-to-translate-into=\"en\" data-phrase-index=\"0\">Robustn\u00ed Boker Plus Kalashnikov OTF roz\u0161i\u0159uje popul\u00e1rn\u00ed \u0159adu Kalashnikov o modern\u00ed OTF.<\/span> <span class=\"JLqJ4b ChMk0b\" data-language-for-alternatives=\"cs\" data-language-to-translate-into=\"en\" data-phrase-index=\"1\">\u010cern\u00e1 hlin\u00edkov\u00e1 rukoje\u0165 siln\u011b p\u0159ipom\u00edn\u00e1 bajonet slavn\u00e9 \u00fato\u010dn\u00e9 pu\u0161ky, vyv\u00fd\u0161en\u00e9 konstruk\u010dn\u00ed dr\u00e1\u017eky tak\u00e9 zaji\u0161\u0165uj\u00ed bezpe\u010dn\u00e9 uchopen\u00ed v ka\u017ed\u00e9 situaci.<\/span> <span class=\"JLqJ4b ChMk0b\" data-language-for-alternatives=\"cs\" data-language-to-translate-into=\"en\" data-phrase-index=\"2\">\u010cepel z tmav\u00e9ho kamene je vyrobena z nerezov\u00e9 oceli D2 a lze ji pohodln\u011b ovl\u00e1dat pomoc\u00ed skluzu na zadn\u00ed stran\u011b rukojeti.<\/span> <span class=\"JLqJ4b ChMk0b\" data-language-for-alternatives=\"cs\" data-language-to-translate-into=\"en\" data-phrase-index=\"3\">Je vybaven praktick\u00fdm klipem pro hlubok\u00e9 p\u0159en\u00e1\u0161en\u00ed (sklopen\u00edm dol\u016f).<\/span> <span class=\"JLqJ4b ChMk0b\" data-language-for-alternatives=\"cs\" data-language-to-translate-into=\"en\" data-phrase-index=\"4\">Vyrobeno ve spolupr\u00e1ci s texask\u00fdm OTF specialistou CobraTec.<\/span><\/span><\/p>\n<p><span class=\"VIiyi\" lang=\"cs\"><span class=\"JLqJ4b ChMk0b\" data-language-for-alternatives=\"cs\" data-language-to-translate-into=\"en\" data-phrase-index=\"0\">Celkov\u00e1 d\u00e9lka:<\/span> <span class=\"JLqJ4b ChMk0b\" data-language-for-alternatives=\"cs\" data-language-to-translate-into=\"en\" data-phrase-index=\"2\">22,00 cm<\/span> <span class=\"JLqJ4b ChMk0b\" data-language-for-alternatives=\"cs\" data-language-to-translate-into=\"en\" data-phrase-index=\"4\">D\u00e9lka \u010depele:<\/span> <span class=\"JLqJ4b ChMk0b\" data-language-for-alternatives=\"cs\" data-language-to-translate-into=\"en\" data-phrase-index=\"6\">9,00 cm<\/span> <span class=\"JLqJ4b ChMk0b\" data-language-for-alternatives=\"cs\" data-language-to-translate-into=\"en\" data-phrase-index=\"8\">Tlou\u0161\u0165ka \u010depele:<\/span> <span class=\"JLqJ4b ChMk0b\" data-language-for-alternatives=\"cs\" data-language-to-translate-into=\"en\" data-phrase-index=\"10\">2,60 mm<\/span> <span class=\"JLqJ4b ChMk0b\" data-language-for-alternatives=\"cs\" data-language-to-translate-into=\"en\" data-phrase-index=\"12\">Hmotnost:<\/span> <span class=\"JLqJ4b ChMk0b\" data-language-for-alternatives=\"cs\" data-language-to-translate-into=\"en\" data-phrase-index=\"14\">133,00 g<\/span> <span class=\"JLqJ4b ChMk0b\" data-language-for-alternatives=\"cs\" data-language-to-translate-into=\"en\" data-phrase-index=\"16\">Materi\u00e1l \u010depele:<\/span> <span class=\"JLqJ4b ChMk0b\" data-language-for-alternatives=\"cs\" data-language-to-translate-into=\"en\" data-phrase-index=\"18\">D2<\/span> <span class=\"JLqJ4b ChMk0b\" data-language-for-alternatives=\"cs\" data-language-to-translate-into=\"en\" data-phrase-index=\"20\">Materi\u00e1l rukojeti:<\/span> <span class=\"JLqJ4b ChMk0b\" data-language-for-alternatives=\"cs\" data-language-to-translate-into=\"en\" data-phrase-index=\"22\">Hlin\u00edk<\/span> <span class=\"JLqJ4b ChMk0b\" data-language-for-alternatives=\"cs\" data-language-to-translate-into=\"en\" data-phrase-index=\"24\">Otev\u00edrac\u00ed:<\/span> <span class=\"JLqJ4b ChMk0b\" data-language-for-alternatives=\"cs\" data-language-to-translate-into=\"en\" data-phrase-index=\"26\">Automatick\u00fd<\/span> <span class=\"JLqJ4b ChMk0b\" data-language-for-alternatives=\"cs\" data-language-to-translate-into=\"en\" data-phrase-index=\"28\">Typ z\u00e1mku:<\/span> <span class=\"JLqJ4b ChMk0b\" data-language-for-alternatives=\"cs\" data-language-to-translate-into=\"en\" data-phrase-index=\"30\">OTF<\/span> <span class=\"JLqJ4b ChMk0b\" data-language-for-alternatives=\"cs\" data-language-to-translate-into=\"en\" data-phrase-index=\"32\">Barva:<\/span> <span class=\"JLqJ4b ChMk0b\" data-language-for-alternatives=\"cs\" data-language-to-translate-into=\"en\" data-phrase-index=\"34\">\u010cern\u00e1<\/span> <span class=\"JLqJ4b ChMk0b\" data-language-for-alternatives=\"cs\" data-language-to-translate-into=\"en\" data-phrase-index=\"36\">Barva \u010depele:<\/span> <span class=\"JLqJ4b ChMk0b\" data-language-for-alternatives=\"cs\" data-language-to-translate-into=\"en\" data-phrase-index=\"38\">\u0160ed\u00e1<\/span><\/span><\/p>\n","protected":false},"excerpt":{"rendered":"<p>Vyst\u0159elovac\u00ed n\u016f\u017e s klipem.<\/p>\n","protected":false},"featured_media":200424,"comment_status":"open","ping_status":"closed","template":"","meta":[],"pwb-brand":[140],"product_brand":[],"product_cat":[2019,17],"product_tag":[],"class_list":{"0":"post-200423","1":"product","2":"type-product","3":"status-publish","4":"has-post-thumbnail","6":"pwb-brand-boker","7":"product_cat-vystrelovaci-noze","8":"product_cat-noze","10":"first","11":"outofstock","12":"taxable","13":"shipping-taxable","14":"purchasable","15":"product-type-simple"},"brands":[{"id":140,"name":"Boker","slug":"boker"}],"_links":{"self":[{"href":"https:\/\/www.moskito.cz\/es\/wp-json\/wp\/v2\/product\/200423","targetHints":{"allow":["GET"]}}],"collection":[{"href":"https:\/\/www.moskito.cz\/es\/wp-json\/wp\/v2\/product"}],"about":[{"href":"https:\/\/www.moskito.cz\/es\/wp-json\/wp\/v2\/types\/product"}],"replies":[{"embeddable":true,"href":"https:\/\/www.moskito.cz\/es\/wp-json\/wp\/v2\/comments?post=200423"}],"wp:featuredmedia":[{"embeddable":true,"href":"https:\/\/www.moskito.cz\/es\/wp-json\/wp\/v2\/media\/200424"}],"wp:attachment":[{"href":"https:\/\/www.moskito.cz\/es\/wp-json\/wp\/v2\/media?parent=200423"}],"wp:term":[{"taxonomy":"pwb-brand","embeddable":true,"href":"https:\/\/www.moskito.cz\/es\/wp-json\/wp\/v2\/pwb-brand?post=200423"},{"taxonomy":"product_brand","embeddable":true,"href":"https:\/\/www.moskito.cz\/es\/wp-json\/wp\/v2\/product_brand?post=200423"},{"taxonomy":"product_cat","embeddable":true,"href":"https:\/\/www.moskito.cz\/es\/wp-json\/wp\/v2\/product_cat?post=200423"},{"taxonomy":"product_tag","embeddable":true,"href":"https:\/\/www.moskito.cz\/es\/wp-json\/wp\/v2\/product_tag?post=200423"}],"curies":[{"name":"wp","href":"https:\/\/api.w.org\/{rel}","templated":true}]}}